{"id":18,"date":"2023-12-07T22:30:26","date_gmt":"2023-12-07T19:30:26","guid":{"rendered":"https:\/\/kliniknisantasi.com\/en\/?page_id=18"},"modified":"2024-02-28T13:41:26","modified_gmt":"2024-02-28T10:41:26","slug":"dr-erdi-icen","status":"publish","type":"page","link":"https:\/\/kliniknisantasi.com\/de\/unsere-arzte\/dr-erdi-icen","title":{"rendered":"Dr. Erdi \u0130\u00e7en"},"content":{"rendered":"<div id=\"tm-heading-6519464263127\" class=\"tm-heading left tm-animation move-up animate\">\n<div id=\"tm-heading-6519b4e3d8777\" class=\"tm-heading left tm-animation move-up animate\">\n<p><strong>Dr. Erdi \u0130\u00e7en<\/strong><\/p>\n<p><strong>Kieferorthop\u00e4de<\/strong><\/p>\n<p>Dr. Erdi \u0130\u00e7en erhielt seine Fachausbildung in Kieferorthop\u00e4die und ist der Gr\u00fcnder der Klinik Ni\u015fanta\u015f\u0131.<\/p>\n<p>Dr. Erdi \u0130\u00e7en wurde 1989 in Istanbul geboren. Nach seinem Abschluss an der Sak\u0131p Sabanc\u0131 Anadolu Oberschule begann er sein Hochschulstudium an der Fakult\u00e4t f\u00fcr Zahnmedizin der Universit\u00e4t Istanbul. Er schloss sein Studium 2012 mit einem Abschluss in Zahnmedizin ab und arbeitete eine Zeit lang als Zahnarzt, bevor er mit der Fachausbildung in Kieferorthop\u00e4die an der Abteilung f\u00fcr Kieferorthop\u00e4die der zahnmedizinischen Fakult\u00e4t der B\u00fclent Ecevit Universit\u00e4t begann. Er graduierte 2018 als Facharzt und begann als kieferorthop\u00e4discher Facharzt in verschiedenen Kliniken zu arbeiten. Im Jahr 2021 gr\u00fcndete er die Klinik Ni\u015fanta\u015f\u0131. Dr. Erdi \u0130\u00e7en ist verheiratet und spricht flie\u00dfend Englisch.<\/p>\n<p>BESUCHTE KONGRESSE UND KURSE<\/p>\n<ul>\n<li>Damon-Mechanik mit TADs (Istanbul 2015)<\/li>\n<li>Inter-Arch-Behandlungsmechanik, Teil I \u2013 Klasse-II-Behandlung (2015 Istanbul)<\/li>\n<li>\n<ol start=\"14\">\n<li>Internationaler Kongress der Weltf\u00f6deration f\u00fcr Kieferorthop\u00e4die (London-2015)<\/li>\n<\/ol>\n<\/li>\n<li>\n<ol start=\"92\">\n<li>Kongress der Europ\u00e4ischen Kieferorthop\u00e4dischen Gesellschaft (Stockholm-2016)<\/li>\n<\/ol>\n<\/li>\n<li>Kongress f\u00fcr Zahntransplantation (Sopot-2016)<\/li>\n<li>\n<ol start=\"16\">\n<li>Internationaler Kongress der T\u00fcrkischen Gesellschaft f\u00fcr Kieferorthop\u00e4die (Izmir 2018)<\/li>\n<\/ol>\n<\/li>\n<li>\n<ol start=\"14\">\n<li>Internationaler Kongress der T\u00fcrkischen Gesellschaft f\u00fcr Kieferorthop\u00e4die (Ankara 2018)<\/li>\n<\/ol>\n<\/li>\n<li>Kieferorthop\u00e4disches Logbuch I Kurs, Prof. Dr. Korkmaz Say\u0131nsu (Istanbul 2018)<\/li>\n<li>Einf\u00fchrung in die Lingualbehandlung: Showcase-Anpassung (Istanbul 2019)<\/li>\n<li>Kieferorthop\u00e4disches Logbuch II Kurs, Prof. Dr. Korkmaz Say\u0131nsu (Istanbul 2019)<\/li>\n<li>Open Air Lingual Gespr\u00e4che I (Istanbul 2020)<\/li>\n<\/ul>\n<\/div>\n<\/div>\n","protected":false},"excerpt":{"rendered":"<p>Dr. Erdi \u0130\u00e7en Kieferorthop\u00e4de Dr. Erdi \u0130\u00e7en erhielt seine Fachausbildung in Kieferorthop\u00e4die und ist der Gr\u00fcnder der Klinik Ni\u015fanta\u015f\u0131. Dr. Erdi \u0130\u00e7en wurde 1989 in Istanbul geboren. Nach seinem Abschluss an der Sak\u0131p Sabanc\u0131 Anadolu Oberschule begann er sein Hochschulstudium an der Fakult\u00e4t f\u00fcr Zahnmedizin der Universit\u00e4t Istanbul. Er schloss sein Studium 2012 mit einem [&hellip;]<\/p>\n","protected":false},"author":1,"featured_media":502,"parent":9,"menu_order":0,"comment_status":"closed","ping_status":"closed","template":"single-sablon.php","meta":{"footnotes":""},"class_list":["post-18","page","type-page","status-publish","has-post-thumbnail","hentry"],"yoast_head":"<!-- This site is optimized with the Yoast SEO plugin v25.4 - https:\/\/yoast.com\/wordpress\/plugins\/seo\/ -->\n<title>Dr. Erdi \u0130\u00e7en - Klinik Ni\u015fanta\u015f\u0131 - Klinik f\u00fcr Mund- und Zahnheilkunde<\/title>\n<meta name=\"description\" content=\"Dr. Erdi \u0130\u00e7en Dr. Erdi \u0130\u00e7en erhielt seine Facharztausbildung in Kieferorthop\u00e4die und ist der Gr\u00fcnder der Klinik Ni\u015fanta\u015f\u0131.\" \/>\n<meta name=\"robots\" content=\"index, follow, max-snippet:-1, max-image-preview:large, max-video-preview:-1\" \/>\n<link rel=\"canonical\" href=\"https:\/\/kliniknisantasi.com\/de\/unsere-arzte\/dr-erdi-icen\" \/>\n<meta property=\"og:locale\" content=\"tr_TR\" \/>\n<meta property=\"og:type\" content=\"article\" \/>\n<meta property=\"og:title\" content=\"Dr. Erdi \u0130\u00e7en - Klinik Ni\u015fanta\u015f\u0131 - Klinik f\u00fcr Mund- und Zahnheilkunde\" \/>\n<meta property=\"og:description\" content=\"Dr. Erdi \u0130\u00e7en Dr. Erdi \u0130\u00e7en erhielt seine Facharztausbildung in Kieferorthop\u00e4die und ist der Gr\u00fcnder der Klinik Ni\u015fanta\u015f\u0131.\" \/>\n<meta property=\"og:url\" content=\"https:\/\/kliniknisantasi.com\/de\/unsere-arzte\/dr-erdi-icen\" \/>\n<meta property=\"og:site_name\" content=\"Klinik Ni\u015fanta\u015f\u0131 - Klinik f\u00fcr Mund- und Zahnheilkunde\" \/>\n<meta property=\"article:modified_time\" content=\"2024-02-28T10:41:26+00:00\" \/>\n<meta property=\"og:image\" content=\"https:\/\/kliniknisantasi.com\/de\/wp-content\/uploads\/sites\/3\/2024\/02\/dr_erdi_icen_photo_1923.webp\" \/>\n\t<meta property=\"og:image:width\" content=\"453\" \/>\n\t<meta property=\"og:image:height\" content=\"551\" \/>\n\t<meta property=\"og:image:type\" content=\"image\/webp\" \/>\n<meta name=\"twitter:card\" content=\"summary_large_image\" \/>\n<meta name=\"twitter:label1\" content=\"Tahmini okuma s\u00fcresi\" \/>\n\t<meta name=\"twitter:data1\" content=\"2 dakika\" \/>\n<script type=\"application\/ld+json\" class=\"yoast-schema-graph\">{\"@context\":\"https:\/\/schema.org\",\"@graph\":[{\"@type\":\"WebPage\",\"@id\":\"https:\/\/kliniknisantasi.com\/de\/unsere-arzte\/dr-erdi-icen\",\"url\":\"https:\/\/kliniknisantasi.com\/de\/unsere-arzte\/dr-erdi-icen\",\"name\":\"Dr. Erdi \u0130\u00e7en - Klinik Ni\u015fanta\u015f\u0131 - Klinik f\u00fcr Mund- und Zahnheilkunde\",\"isPartOf\":{\"@id\":\"https:\/\/kliniknisantasi.com\/de\/#website\"},\"primaryImageOfPage\":{\"@id\":\"https:\/\/kliniknisantasi.com\/de\/unsere-arzte\/dr-erdi-icen#primaryimage\"},\"image\":{\"@id\":\"https:\/\/kliniknisantasi.com\/de\/unsere-arzte\/dr-erdi-icen#primaryimage\"},\"thumbnailUrl\":\"https:\/\/kliniknisantasi.com\/de\/wp-content\/uploads\/sites\/3\/2024\/02\/dr_erdi_icen_photo_1923.webp\",\"datePublished\":\"2023-12-07T19:30:26+00:00\",\"dateModified\":\"2024-02-28T10:41:26+00:00\",\"description\":\"Dr. Erdi \u0130\u00e7en Dr. Erdi \u0130\u00e7en erhielt seine Facharztausbildung in Kieferorthop\u00e4die und ist der Gr\u00fcnder der Klinik Ni\u015fanta\u015f\u0131.\",\"breadcrumb\":{\"@id\":\"https:\/\/kliniknisantasi.com\/de\/unsere-arzte\/dr-erdi-icen#breadcrumb\"},\"inLanguage\":\"tr\",\"potentialAction\":[{\"@type\":\"ReadAction\",\"target\":[\"https:\/\/kliniknisantasi.com\/de\/unsere-arzte\/dr-erdi-icen\"]}]},{\"@type\":\"ImageObject\",\"inLanguage\":\"tr\",\"@id\":\"https:\/\/kliniknisantasi.com\/de\/unsere-arzte\/dr-erdi-icen#primaryimage\",\"url\":\"https:\/\/kliniknisantasi.com\/de\/wp-content\/uploads\/sites\/3\/2024\/02\/dr_erdi_icen_photo_1923.webp\",\"contentUrl\":\"https:\/\/kliniknisantasi.com\/de\/wp-content\/uploads\/sites\/3\/2024\/02\/dr_erdi_icen_photo_1923.webp\",\"width\":453,\"height\":551},{\"@type\":\"BreadcrumbList\",\"@id\":\"https:\/\/kliniknisantasi.com\/de\/unsere-arzte\/dr-erdi-icen#breadcrumb\",\"itemListElement\":[{\"@type\":\"ListItem\",\"position\":1,\"name\":\"Anasayfa\",\"item\":\"https:\/\/kliniknisantasi.com\/de\/\"},{\"@type\":\"ListItem\",\"position\":2,\"name\":\"Unsere \u00c4rzte\",\"item\":\"https:\/\/kliniknisantasi.com\/de\/unsere-arzte\"},{\"@type\":\"ListItem\",\"position\":3,\"name\":\"Dr. Erdi \u0130\u00e7en\"}]},{\"@type\":\"WebSite\",\"@id\":\"https:\/\/kliniknisantasi.com\/de\/#website\",\"url\":\"https:\/\/kliniknisantasi.com\/de\/\",\"name\":\"Klinik Ni\u015fanta\u015f\u0131 - Klinik f\u00fcr Mund- und Zahnheilkunde\",\"description\":\"Die Klinik Ni\u015fanta\u015f\u0131 steht Ihnen mit ihrem fachkundigen \u00c4rzteteam zur Verf\u00fcgung. Kieferorthop\u00e4die | Implantologie | \u00c4sthetische Zahnheilkunde | Kieferchirurgie | Kinderzahnheilkunde | Parodontologie | Termin vereinbaren\",\"potentialAction\":[{\"@type\":\"SearchAction\",\"target\":{\"@type\":\"EntryPoint\",\"urlTemplate\":\"https:\/\/kliniknisantasi.com\/de\/?s={search_term_string}\"},\"query-input\":{\"@type\":\"PropertyValueSpecification\",\"valueRequired\":true,\"valueName\":\"search_term_string\"}}],\"inLanguage\":\"tr\"}]}<\/script>\n<!-- \/ Yoast SEO plugin. -->","yoast_head_json":{"title":"Dr. Erdi \u0130\u00e7en - Klinik Ni\u015fanta\u015f\u0131 - Klinik f\u00fcr Mund- und Zahnheilkunde","description":"Dr. Erdi \u0130\u00e7en Dr. Erdi \u0130\u00e7en erhielt seine Facharztausbildung in Kieferorthop\u00e4die und ist der Gr\u00fcnder der Klinik Ni\u015fanta\u015f\u0131.","robots":{"index":"index","follow":"follow","max-snippet":"max-snippet:-1","max-image-preview":"max-image-preview:large","max-video-preview":"max-video-preview:-1"},"canonical":"https:\/\/kliniknisantasi.com\/de\/unsere-arzte\/dr-erdi-icen","og_locale":"tr_TR","og_type":"article","og_title":"Dr. Erdi \u0130\u00e7en - Klinik Ni\u015fanta\u015f\u0131 - Klinik f\u00fcr Mund- und Zahnheilkunde","og_description":"Dr. Erdi \u0130\u00e7en Dr. Erdi \u0130\u00e7en erhielt seine Facharztausbildung in Kieferorthop\u00e4die und ist der Gr\u00fcnder der Klinik Ni\u015fanta\u015f\u0131.","og_url":"https:\/\/kliniknisantasi.com\/de\/unsere-arzte\/dr-erdi-icen","og_site_name":"Klinik Ni\u015fanta\u015f\u0131 - Klinik f\u00fcr Mund- und Zahnheilkunde","article_modified_time":"2024-02-28T10:41:26+00:00","og_image":[{"width":453,"height":551,"url":"https:\/\/kliniknisantasi.com\/de\/wp-content\/uploads\/sites\/3\/2024\/02\/dr_erdi_icen_photo_1923.webp","type":"image\/webp"}],"twitter_card":"summary_large_image","twitter_misc":{"Tahmini okuma s\u00fcresi":"2 dakika"},"schema":{"@context":"https:\/\/schema.org","@graph":[{"@type":"WebPage","@id":"https:\/\/kliniknisantasi.com\/de\/unsere-arzte\/dr-erdi-icen","url":"https:\/\/kliniknisantasi.com\/de\/unsere-arzte\/dr-erdi-icen","name":"Dr. Erdi \u0130\u00e7en - Klinik Ni\u015fanta\u015f\u0131 - Klinik f\u00fcr Mund- und Zahnheilkunde","isPartOf":{"@id":"https:\/\/kliniknisantasi.com\/de\/#website"},"primaryImageOfPage":{"@id":"https:\/\/kliniknisantasi.com\/de\/unsere-arzte\/dr-erdi-icen#primaryimage"},"image":{"@id":"https:\/\/kliniknisantasi.com\/de\/unsere-arzte\/dr-erdi-icen#primaryimage"},"thumbnailUrl":"https:\/\/kliniknisantasi.com\/de\/wp-content\/uploads\/sites\/3\/2024\/02\/dr_erdi_icen_photo_1923.webp","datePublished":"2023-12-07T19:30:26+00:00","dateModified":"2024-02-28T10:41:26+00:00","description":"Dr. Erdi \u0130\u00e7en Dr. Erdi \u0130\u00e7en erhielt seine Facharztausbildung in Kieferorthop\u00e4die und ist der Gr\u00fcnder der Klinik Ni\u015fanta\u015f\u0131.","breadcrumb":{"@id":"https:\/\/kliniknisantasi.com\/de\/unsere-arzte\/dr-erdi-icen#breadcrumb"},"inLanguage":"tr","potentialAction":[{"@type":"ReadAction","target":["https:\/\/kliniknisantasi.com\/de\/unsere-arzte\/dr-erdi-icen"]}]},{"@type":"ImageObject","inLanguage":"tr","@id":"https:\/\/kliniknisantasi.com\/de\/unsere-arzte\/dr-erdi-icen#primaryimage","url":"https:\/\/kliniknisantasi.com\/de\/wp-content\/uploads\/sites\/3\/2024\/02\/dr_erdi_icen_photo_1923.webp","contentUrl":"https:\/\/kliniknisantasi.com\/de\/wp-content\/uploads\/sites\/3\/2024\/02\/dr_erdi_icen_photo_1923.webp","width":453,"height":551},{"@type":"BreadcrumbList","@id":"https:\/\/kliniknisantasi.com\/de\/unsere-arzte\/dr-erdi-icen#breadcrumb","itemListElement":[{"@type":"ListItem","position":1,"name":"Anasayfa","item":"https:\/\/kliniknisantasi.com\/de\/"},{"@type":"ListItem","position":2,"name":"Unsere \u00c4rzte","item":"https:\/\/kliniknisantasi.com\/de\/unsere-arzte"},{"@type":"ListItem","position":3,"name":"Dr. Erdi \u0130\u00e7en"}]},{"@type":"WebSite","@id":"https:\/\/kliniknisantasi.com\/de\/#website","url":"https:\/\/kliniknisantasi.com\/de\/","name":"Klinik Ni\u015fanta\u015f\u0131 - Klinik f\u00fcr Mund- und Zahnheilkunde","description":"Die Klinik Ni\u015fanta\u015f\u0131 steht Ihnen mit ihrem fachkundigen \u00c4rzteteam zur Verf\u00fcgung. Kieferorthop\u00e4die | Implantologie | \u00c4sthetische Zahnheilkunde | Kieferchirurgie | Kinderzahnheilkunde | Parodontologie | Termin vereinbaren","potentialAction":[{"@type":"SearchAction","target":{"@type":"EntryPoint","urlTemplate":"https:\/\/kliniknisantasi.com\/de\/?s={search_term_string}"},"query-input":{"@type":"PropertyValueSpecification","valueRequired":true,"valueName":"search_term_string"}}],"inLanguage":"tr"}]}},"_links":{"self":[{"href":"https:\/\/kliniknisantasi.com\/de\/wp-json\/wp\/v2\/pages\/18","targetHints":{"allow":["GET"]}}],"collection":[{"href":"https:\/\/kliniknisantasi.com\/de\/wp-json\/wp\/v2\/pages"}],"about":[{"href":"https:\/\/kliniknisantasi.com\/de\/wp-json\/wp\/v2\/types\/page"}],"author":[{"embeddable":true,"href":"https:\/\/kliniknisantasi.com\/de\/wp-json\/wp\/v2\/users\/1"}],"replies":[{"embeddable":true,"href":"https:\/\/kliniknisantasi.com\/de\/wp-json\/wp\/v2\/comments?post=18"}],"version-history":[{"count":1,"href":"https:\/\/kliniknisantasi.com\/de\/wp-json\/wp\/v2\/pages\/18\/revisions"}],"predecessor-version":[{"id":515,"href":"https:\/\/kliniknisantasi.com\/de\/wp-json\/wp\/v2\/pages\/18\/revisions\/515"}],"up":[{"embeddable":true,"href":"https:\/\/kliniknisantasi.com\/de\/wp-json\/wp\/v2\/pages\/9"}],"wp:featuredmedia":[{"embeddable":true,"href":"https:\/\/kliniknisantasi.com\/de\/wp-json\/wp\/v2\/media\/502"}],"wp:attachment":[{"href":"https:\/\/kliniknisantasi.com\/de\/wp-json\/wp\/v2\/media?parent=18"}],"curies":[{"name":"wp","href":"https:\/\/api.w.org\/{rel}","templated":true}]}}