{"id":30,"date":"2023-12-07T22:45:41","date_gmt":"2023-12-07T19:45:41","guid":{"rendered":"https:\/\/kliniknisantasi.com\/en\/?page_id=30"},"modified":"2024-02-28T12:52:31","modified_gmt":"2024-02-28T09:52:31","slug":"dr-omer-oner","status":"publish","type":"page","link":"https:\/\/kliniknisantasi.com\/de\/unsere-arzte\/dr-omer-oner","title":{"rendered":"Dr. \u00d6mer \u00d6ner"},"content":{"rendered":"<div id=\"tm-heading-6519464263127\" class=\"tm-heading left tm-animation move-up animate\">\n<div id=\"tm-heading-6519b4e3d8777\" class=\"tm-heading left tm-animation move-up animate\">\n<p><strong>Dr. \u00d6mer \u00d6ner<\/strong><\/p>\n<p><strong>Mund-, Zahn- und Kieferchirurg<\/strong><\/p>\n<p><strong>AUSBILDUNG<\/strong><\/p>\n<ul>\n<li>Biruni Universit\u00e4t, Fakult\u00e4t f\u00fcr Zahnmedizin &#8211; Zahnmedizin Juni 2015 &#8211; Juni 2020<\/li>\n<li>\u0130\u00e7el Anatolisches Gymnasium, Mersin September 2010 &#8211; Juni 2014<\/li>\n<\/ul>\n<p><strong>ERFAHRUNG<\/strong><\/p>\n<ul>\n<li>Klinik Ni\u015fanta\u015f\u0131, Istanbul &#8211; Kosmetischer Zahnarzt September 2023 &#8211; Heute<\/li>\n<li>\u015eengel Klinik Bomonti, Istanbul &#8211; Zahnarzt November 2022 &#8211; September 2023<\/li>\n<li>WhiteDent, Istanbul &#8211; Zahnarzt Mai 2022 &#8211; November 2022<\/li>\n<li>G\u00fcneydent Zahnklinik, Istanbul &#8211; Zahnarzt September 2020 &#8211; April 2022<\/li>\n<li>Zahnarztpraxis Natalia Lehmann &amp; Irina Lin, Berlin, Deutschland &#8211; Praktikant Juli 2017 &#8211; September 2017<\/li>\n<\/ul>\n<p><strong>F\u00c4HIGKEITEN<\/strong><\/p>\n<ul>\n<li>Kinderzahnheilkunde<\/li>\n<li>Prothetik auf Implantaten<\/li>\n<li>Kosmetische Zahnheilkunde<\/li>\n<\/ul>\n<\/div>\n<\/div>\n","protected":false},"excerpt":{"rendered":"<p>Dr. \u00d6mer \u00d6ner Mund-, Zahn- und Kieferchirurg AUSBILDUNG Biruni Universit\u00e4t, Fakult\u00e4t f\u00fcr Zahnmedizin &#8211; Zahnmedizin Juni 2015 &#8211; Juni 2020 \u0130\u00e7el Anatolisches Gymnasium, Mersin September 2010 &#8211; Juni 2014 ERFAHRUNG Klinik Ni\u015fanta\u015f\u0131, Istanbul &#8211; Kosmetischer Zahnarzt September 2023 &#8211; Heute \u015eengel Klinik Bomonti, Istanbul &#8211; Zahnarzt November 2022 &#8211; September 2023 WhiteDent, Istanbul &#8211; Zahnarzt [&hellip;]<\/p>\n","protected":false},"author":1,"featured_media":500,"parent":9,"menu_order":0,"comment_status":"closed","ping_status":"closed","template":"single-sablon.php","meta":{"footnotes":""},"class_list":["post-30","page","type-page","status-publish","has-post-thumbnail","hentry"],"yoast_head":"<!-- This site is optimized with the Yoast SEO plugin v25.4 - https:\/\/yoast.com\/wordpress\/plugins\/seo\/ -->\n<title>Dr. \u00d6mer \u00d6ner - Klinik Ni\u015fanta\u015f\u0131 - Klinik f\u00fcr Mund- und Zahnheilkunde<\/title>\n<meta name=\"description\" content=\"Dr. \u00d6mer \u00d6ner is an expert especially in implant surgeries, impacted wisdom teeth surgeries, cyst and tumor surgeries.\" \/>\n<meta name=\"robots\" content=\"index, follow, max-snippet:-1, max-image-preview:large, max-video-preview:-1\" \/>\n<link rel=\"canonical\" href=\"https:\/\/kliniknisantasi.com\/de\/unsere-arzte\/dr-omer-oner\" \/>\n<meta property=\"og:locale\" content=\"tr_TR\" \/>\n<meta property=\"og:type\" content=\"article\" \/>\n<meta property=\"og:title\" content=\"Dr. \u00d6mer \u00d6ner - Klinik Ni\u015fanta\u015f\u0131 - Klinik f\u00fcr Mund- und Zahnheilkunde\" \/>\n<meta property=\"og:description\" content=\"Dr. \u00d6mer \u00d6ner is an expert especially in implant surgeries, impacted wisdom teeth surgeries, cyst and tumor surgeries.\" \/>\n<meta property=\"og:url\" content=\"https:\/\/kliniknisantasi.com\/de\/unsere-arzte\/dr-omer-oner\" \/>\n<meta property=\"og:site_name\" content=\"Klinik Ni\u015fanta\u015f\u0131 - Klinik f\u00fcr Mund- und Zahnheilkunde\" \/>\n<meta property=\"article:modified_time\" content=\"2024-02-28T09:52:31+00:00\" \/>\n<meta property=\"og:image\" content=\"https:\/\/kliniknisantasi.com\/de\/wp-content\/uploads\/sites\/3\/2024\/02\/Omer_Oner.webp\" \/>\n\t<meta property=\"og:image:width\" content=\"295\" \/>\n\t<meta property=\"og:image:height\" content=\"386\" \/>\n\t<meta property=\"og:image:type\" content=\"image\/webp\" \/>\n<meta name=\"twitter:card\" content=\"summary_large_image\" \/>\n<meta name=\"twitter:label1\" content=\"Tahmini okuma s\u00fcresi\" \/>\n\t<meta name=\"twitter:data1\" content=\"1 dakika\" \/>\n<script type=\"application\/ld+json\" class=\"yoast-schema-graph\">{\"@context\":\"https:\/\/schema.org\",\"@graph\":[{\"@type\":\"WebPage\",\"@id\":\"https:\/\/kliniknisantasi.com\/de\/unsere-arzte\/dr-omer-oner\",\"url\":\"https:\/\/kliniknisantasi.com\/de\/unsere-arzte\/dr-omer-oner\",\"name\":\"Dr. \u00d6mer \u00d6ner - Klinik Ni\u015fanta\u015f\u0131 - Klinik f\u00fcr Mund- und Zahnheilkunde\",\"isPartOf\":{\"@id\":\"https:\/\/kliniknisantasi.com\/de\/#website\"},\"primaryImageOfPage\":{\"@id\":\"https:\/\/kliniknisantasi.com\/de\/unsere-arzte\/dr-omer-oner#primaryimage\"},\"image\":{\"@id\":\"https:\/\/kliniknisantasi.com\/de\/unsere-arzte\/dr-omer-oner#primaryimage\"},\"thumbnailUrl\":\"https:\/\/kliniknisantasi.com\/de\/wp-content\/uploads\/sites\/3\/2024\/02\/Omer_Oner.webp\",\"datePublished\":\"2023-12-07T19:45:41+00:00\",\"dateModified\":\"2024-02-28T09:52:31+00:00\",\"description\":\"Dr. \u00d6mer \u00d6ner is an expert especially in implant surgeries, impacted wisdom teeth surgeries, cyst and tumor surgeries.\",\"breadcrumb\":{\"@id\":\"https:\/\/kliniknisantasi.com\/de\/unsere-arzte\/dr-omer-oner#breadcrumb\"},\"inLanguage\":\"tr\",\"potentialAction\":[{\"@type\":\"ReadAction\",\"target\":[\"https:\/\/kliniknisantasi.com\/de\/unsere-arzte\/dr-omer-oner\"]}]},{\"@type\":\"ImageObject\",\"inLanguage\":\"tr\",\"@id\":\"https:\/\/kliniknisantasi.com\/de\/unsere-arzte\/dr-omer-oner#primaryimage\",\"url\":\"https:\/\/kliniknisantasi.com\/de\/wp-content\/uploads\/sites\/3\/2024\/02\/Omer_Oner.webp\",\"contentUrl\":\"https:\/\/kliniknisantasi.com\/de\/wp-content\/uploads\/sites\/3\/2024\/02\/Omer_Oner.webp\",\"width\":295,\"height\":386},{\"@type\":\"BreadcrumbList\",\"@id\":\"https:\/\/kliniknisantasi.com\/de\/unsere-arzte\/dr-omer-oner#breadcrumb\",\"itemListElement\":[{\"@type\":\"ListItem\",\"position\":1,\"name\":\"Anasayfa\",\"item\":\"https:\/\/kliniknisantasi.com\/de\/\"},{\"@type\":\"ListItem\",\"position\":2,\"name\":\"Unsere \u00c4rzte\",\"item\":\"https:\/\/kliniknisantasi.com\/de\/unsere-arzte\"},{\"@type\":\"ListItem\",\"position\":3,\"name\":\"Dr. \u00d6mer \u00d6ner\"}]},{\"@type\":\"WebSite\",\"@id\":\"https:\/\/kliniknisantasi.com\/de\/#website\",\"url\":\"https:\/\/kliniknisantasi.com\/de\/\",\"name\":\"Klinik Ni\u015fanta\u015f\u0131 - Klinik f\u00fcr Mund- und Zahnheilkunde\",\"description\":\"Die Klinik Ni\u015fanta\u015f\u0131 steht Ihnen mit ihrem fachkundigen \u00c4rzteteam zur Verf\u00fcgung. Kieferorthop\u00e4die | Implantologie | \u00c4sthetische Zahnheilkunde | Kieferchirurgie | Kinderzahnheilkunde | Parodontologie | Termin vereinbaren\",\"potentialAction\":[{\"@type\":\"SearchAction\",\"target\":{\"@type\":\"EntryPoint\",\"urlTemplate\":\"https:\/\/kliniknisantasi.com\/de\/?s={search_term_string}\"},\"query-input\":{\"@type\":\"PropertyValueSpecification\",\"valueRequired\":true,\"valueName\":\"search_term_string\"}}],\"inLanguage\":\"tr\"}]}<\/script>\n<!-- \/ Yoast SEO plugin. -->","yoast_head_json":{"title":"Dr. \u00d6mer \u00d6ner - Klinik Ni\u015fanta\u015f\u0131 - Klinik f\u00fcr Mund- und Zahnheilkunde","description":"Dr. \u00d6mer \u00d6ner is an expert especially in implant surgeries, impacted wisdom teeth surgeries, cyst and tumor surgeries.","robots":{"index":"index","follow":"follow","max-snippet":"max-snippet:-1","max-image-preview":"max-image-preview:large","max-video-preview":"max-video-preview:-1"},"canonical":"https:\/\/kliniknisantasi.com\/de\/unsere-arzte\/dr-omer-oner","og_locale":"tr_TR","og_type":"article","og_title":"Dr. \u00d6mer \u00d6ner - Klinik Ni\u015fanta\u015f\u0131 - Klinik f\u00fcr Mund- und Zahnheilkunde","og_description":"Dr. \u00d6mer \u00d6ner is an expert especially in implant surgeries, impacted wisdom teeth surgeries, cyst and tumor surgeries.","og_url":"https:\/\/kliniknisantasi.com\/de\/unsere-arzte\/dr-omer-oner","og_site_name":"Klinik Ni\u015fanta\u015f\u0131 - Klinik f\u00fcr Mund- und Zahnheilkunde","article_modified_time":"2024-02-28T09:52:31+00:00","og_image":[{"width":295,"height":386,"url":"https:\/\/kliniknisantasi.com\/de\/wp-content\/uploads\/sites\/3\/2024\/02\/Omer_Oner.webp","type":"image\/webp"}],"twitter_card":"summary_large_image","twitter_misc":{"Tahmini okuma s\u00fcresi":"1 dakika"},"schema":{"@context":"https:\/\/schema.org","@graph":[{"@type":"WebPage","@id":"https:\/\/kliniknisantasi.com\/de\/unsere-arzte\/dr-omer-oner","url":"https:\/\/kliniknisantasi.com\/de\/unsere-arzte\/dr-omer-oner","name":"Dr. \u00d6mer \u00d6ner - Klinik Ni\u015fanta\u015f\u0131 - Klinik f\u00fcr Mund- und Zahnheilkunde","isPartOf":{"@id":"https:\/\/kliniknisantasi.com\/de\/#website"},"primaryImageOfPage":{"@id":"https:\/\/kliniknisantasi.com\/de\/unsere-arzte\/dr-omer-oner#primaryimage"},"image":{"@id":"https:\/\/kliniknisantasi.com\/de\/unsere-arzte\/dr-omer-oner#primaryimage"},"thumbnailUrl":"https:\/\/kliniknisantasi.com\/de\/wp-content\/uploads\/sites\/3\/2024\/02\/Omer_Oner.webp","datePublished":"2023-12-07T19:45:41+00:00","dateModified":"2024-02-28T09:52:31+00:00","description":"Dr. \u00d6mer \u00d6ner is an expert especially in implant surgeries, impacted wisdom teeth surgeries, cyst and tumor surgeries.","breadcrumb":{"@id":"https:\/\/kliniknisantasi.com\/de\/unsere-arzte\/dr-omer-oner#breadcrumb"},"inLanguage":"tr","potentialAction":[{"@type":"ReadAction","target":["https:\/\/kliniknisantasi.com\/de\/unsere-arzte\/dr-omer-oner"]}]},{"@type":"ImageObject","inLanguage":"tr","@id":"https:\/\/kliniknisantasi.com\/de\/unsere-arzte\/dr-omer-oner#primaryimage","url":"https:\/\/kliniknisantasi.com\/de\/wp-content\/uploads\/sites\/3\/2024\/02\/Omer_Oner.webp","contentUrl":"https:\/\/kliniknisantasi.com\/de\/wp-content\/uploads\/sites\/3\/2024\/02\/Omer_Oner.webp","width":295,"height":386},{"@type":"BreadcrumbList","@id":"https:\/\/kliniknisantasi.com\/de\/unsere-arzte\/dr-omer-oner#breadcrumb","itemListElement":[{"@type":"ListItem","position":1,"name":"Anasayfa","item":"https:\/\/kliniknisantasi.com\/de\/"},{"@type":"ListItem","position":2,"name":"Unsere \u00c4rzte","item":"https:\/\/kliniknisantasi.com\/de\/unsere-arzte"},{"@type":"ListItem","position":3,"name":"Dr. \u00d6mer \u00d6ner"}]},{"@type":"WebSite","@id":"https:\/\/kliniknisantasi.com\/de\/#website","url":"https:\/\/kliniknisantasi.com\/de\/","name":"Klinik Ni\u015fanta\u015f\u0131 - Klinik f\u00fcr Mund- und Zahnheilkunde","description":"Die Klinik Ni\u015fanta\u015f\u0131 steht Ihnen mit ihrem fachkundigen \u00c4rzteteam zur Verf\u00fcgung. Kieferorthop\u00e4die | Implantologie | \u00c4sthetische Zahnheilkunde | Kieferchirurgie | Kinderzahnheilkunde | Parodontologie | Termin vereinbaren","potentialAction":[{"@type":"SearchAction","target":{"@type":"EntryPoint","urlTemplate":"https:\/\/kliniknisantasi.com\/de\/?s={search_term_string}"},"query-input":{"@type":"PropertyValueSpecification","valueRequired":true,"valueName":"search_term_string"}}],"inLanguage":"tr"}]}},"_links":{"self":[{"href":"https:\/\/kliniknisantasi.com\/de\/wp-json\/wp\/v2\/pages\/30","targetHints":{"allow":["GET"]}}],"collection":[{"href":"https:\/\/kliniknisantasi.com\/de\/wp-json\/wp\/v2\/pages"}],"about":[{"href":"https:\/\/kliniknisantasi.com\/de\/wp-json\/wp\/v2\/types\/page"}],"author":[{"embeddable":true,"href":"https:\/\/kliniknisantasi.com\/de\/wp-json\/wp\/v2\/users\/1"}],"replies":[{"embeddable":true,"href":"https:\/\/kliniknisantasi.com\/de\/wp-json\/wp\/v2\/comments?post=30"}],"version-history":[{"count":1,"href":"https:\/\/kliniknisantasi.com\/de\/wp-json\/wp\/v2\/pages\/30\/revisions"}],"predecessor-version":[{"id":518,"href":"https:\/\/kliniknisantasi.com\/de\/wp-json\/wp\/v2\/pages\/30\/revisions\/518"}],"up":[{"embeddable":true,"href":"https:\/\/kliniknisantasi.com\/de\/wp-json\/wp\/v2\/pages\/9"}],"wp:featuredmedia":[{"embeddable":true,"href":"https:\/\/kliniknisantasi.com\/de\/wp-json\/wp\/v2\/media\/500"}],"wp:attachment":[{"href":"https:\/\/kliniknisantasi.com\/de\/wp-json\/wp\/v2\/media?parent=30"}],"curies":[{"name":"wp","href":"https:\/\/api.w.org\/{rel}","templated":true}]}}