{"id":36,"date":"2023-12-07T22:53:00","date_gmt":"2023-12-07T19:53:00","guid":{"rendered":"https:\/\/kliniknisantasi.com\/en\/?page_id=36"},"modified":"2024-02-28T16:36:29","modified_gmt":"2024-02-28T13:36:29","slug":"uber-uns","status":"publish","type":"page","link":"https:\/\/kliniknisantasi.com\/de\/uber-uns","title":{"rendered":"\u00dcber Uns"},"content":{"rendered":"<section class=\"ftco-section ftco-no-pt ftco-no-pb\">\r\n<div class=\"container-xl\">\r\n<div class=\"row g-xl-5\">\r\n<div class=\"col-md-6 d-flex align-items-stretch\" data-aos=\"fade-up\" data-aos-delay=\"100\" data-aos-duration=\"1000\">\r\n<div class=\"img w-100\" style=\"background-image: url('..\/wp-content\/uploads\/2023\/10\/klinik-nisantasi-hakkimizda-1.webp');\">\u00a0<\/div>\r\n<\/div>\r\n<div class=\"col-md-6 heading-section d-flex align-items-center\" data-aos=\"fade-up\" data-aos-delay=\"200\" data-aos-duration=\"1000\">\r\n<div class=\"mt-0 my-lg-5 py-5\">\r\n<h2 id=\"tm-heading-6519464263127\" class=\"tm-heading left tm-animation move-up animate\">Willkommen in der Klinik Ni\u015fanta\u015f\u0131<\/h2>\r\n<div class=\"tm-heading left tm-animation move-up animate\">\r\n<p>Unsere Klinik wurde 2021 von Dr. Erdi \u0130\u00e7en gegr\u00fcndet und bietet unseren einheimischen und ausl\u00e4ndischen Patienten alle Bereiche der Zahn- und Mundgesundheit an. <br \/>Wir bieten ein breites Spektrum an Fachkr\u00e4ften, darunter Kieferorthop\u00e4die, Kinderzahnheilkunde, Implantatbehandlungen, Wurzelbehandlungen, Smile Design, Zahnaufhellung, Prothesen und Restaurationsbehandlungen sowie allgemeine zahn\u00e4rztliche Untersuchungen.<\/p>\r\n<p><br \/>Wir haben die Vision, einen Boutique-Service mit personalisierten Behandlungsoptionen, FDA-gepr\u00fcften Ger\u00e4ten und Materialien anzubieten.<br \/>Besonders in dieser schwierigen Zeit in der Welt und in unserem Land folgen wir sorgf\u00e4ltig den Ank\u00fcndigungen und Empfehlungen der Weltgesundheitsorganisation und des t\u00fcrkischen Gesundheitsministeriums zum Coronavirus.<\/p>\r\n<p><br \/>Dementsprechend werden in unserer Klinik regelm\u00e4\u00dfig Desinfektionsma\u00dfnahmen gem\u00e4\u00df den internationalen Standards durchgef\u00fchrt. Dar\u00fcber hinaus werden die Bereiche, die nach jedem Patienten benutzt werden, eingehend sterilisiert.<\/p>\r\n<p><br \/>Wir haben unser Terminsystem so organisiert, dass es in unserer Klinik nicht zu einer \u00dcberbelegung kommt. Dementsprechend haben wir eine t\u00e4gliche maximale Patientenquote festgelegt. Unser Ziel ist es, das Risiko zu minimieren. Wir hoffen, Sie an gesunden Tagen mit einem L\u00e4cheln begr\u00fc\u00dfen zu d\u00fcrfen.<\/p>\r\n<\/div>\r\n<div class=\"row section-counter mt-5\">\r\n<div class=\"col-sm-6 col-md-6 col-lg-4 d-flex align-items-stretch\">\r\n<div class=\"counter-wrap-2 d-flex\" data-aos=\"fade-up\" data-aos-delay=\"100\" data-aos-duration=\"1000\">\r\n<div class=\"icon\">\u00a0<\/div>\r\n<div class=\"text\">\r\n<h2 class=\"number\"><span class=\"countup\">5700+<\/span><\/h2>\r\nOperationen insgesamt<\/div>\r\n<\/div>\r\n<\/div>\r\n<div class=\"col-sm-6 col-md-6 col-lg-4 d-flex align-items-stretch\">\r\n<div class=\"counter-wrap-2 d-flex\" data-aos=\"fade-up\" data-aos-delay=\"200\" data-aos-duration=\"1000\">\r\n<div class=\"icon\">\u00a0<\/div>\r\n<div class=\"text\">\r\n<h2 class=\"number\"><span class=\"countup\">2900+<\/span><\/h2>\r\nImplantat-Behandlungen<\/div>\r\n<\/div>\r\n<\/div>\r\n<div class=\"col-sm-6 col-md-6 col-lg-4 d-flex align-items-stretch\">\r\n<div class=\"counter-wrap-2 d-flex\" data-aos=\"fade-up\" data-aos-delay=\"400\" data-aos-duration=\"1000\">\r\n<div class=\"icon\">\u00a0<\/div>\r\n<div class=\"text\">\r\n<h2 class=\"number\"><span class=\"countup\">2500+<\/span><\/h2>\r\nFurnier-Behandlungen<\/div>\r\n<\/div>\r\n<\/div>\r\n<\/div>\r\n<\/div>\r\n<\/div>\r\n<\/div>\r\n<\/div>\r\n<\/section>\r\n<hr class=\"wp-block-separator has-alpha-channel-opacity\" \/>\r\n\r\n\r\n<h2 class=\"wp-block-heading\" style=\"text-align: center;\">Unsere Klinik<\/h2>\r\n\r\n\r\n\r\n<p class=\"has-text-align-center\">Wir bem\u00fchen uns, den neuesten Technologien zu folgen und gro\u00dfz\u00fcgige R\u00e4ume f\u00fcr Sie zu schaffen.<\/p>\r\n\r\n\r\n\r\n<div class=\"wp-block-columns is-layout-flex wp-container-core-columns-is-layout-9d6595d7 wp-block-columns-is-layout-flex\">\r\n<div class=\"wp-block-column is-layout-flow wp-block-column-is-layout-flow\" style=\"flex-basis: 5%;\">\u00a0<\/div>\r\n\r\n\r\n\r\n<div class=\"wp-block-column is-layout-flow wp-block-column-is-layout-flow\" style=\"flex-basis: 90%;\">\r\n<figure class=\"wp-block-gallery has-nested-images columns-3 wp-block-gallery-1 is-layout-flex wp-block-gallery-is-layout-flex\">\r\n<figure class=\"wp-block-image size-large\"><a href=\"http:\/\/www.kliniknisantasi.com\/wp-content\/uploads\/2023\/10\/klinik-nisantasi-1.jpg\" target=\"_blank\" rel=\"noopener\"><img decoding=\"async\" data-id=\"415\" class=\"wp-image-415\" src=\"http:\/\/www.kliniknisantasi.com\/wp-content\/uploads\/2023\/10\/klinik-nisantasi-1-1024x684.jpg\" alt=\"\" \/><\/a><\/figure>\r\n\r\n\r\n\r\n<figure class=\"wp-block-image size-large\"><a href=\"http:\/\/www.kliniknisantasi.com\/wp-content\/uploads\/2023\/10\/WhatsApp-Image-2023-10-08-at-10.34.22-1.jpeg\" target=\"_blank\" rel=\"noopener\"><img decoding=\"async\" data-id=\"470\" class=\"wp-image-470\" src=\"http:\/\/www.kliniknisantasi.com\/wp-content\/uploads\/2023\/10\/WhatsApp-Image-2023-10-08-at-10.34.22-1-1024x682.jpeg\" alt=\"\" \/><\/a><\/figure>\r\n\r\n\r\n\r\n<figure class=\"wp-block-image size-large\"><a href=\"http:\/\/www.kliniknisantasi.com\/wp-content\/uploads\/2023\/10\/klinik-nisantasi-2.jpg\" target=\"_blank\" rel=\"noopener\"><img decoding=\"async\" data-id=\"416\" class=\"wp-image-416\" src=\"http:\/\/www.kliniknisantasi.com\/wp-content\/uploads\/2023\/10\/klinik-nisantasi-2-1024x684.jpg\" alt=\"\" \/><\/a><\/figure>\r\n\r\n\r\n\r\n<figure class=\"wp-block-image size-large\"><a href=\"http:\/\/www.kliniknisantasi.com\/wp-content\/uploads\/2023\/10\/klinik-nisantasi-3.jpg\" target=\"_blank\" rel=\"noopener\"><img decoding=\"async\" data-id=\"418\" class=\"wp-image-418\" src=\"http:\/\/www.kliniknisantasi.com\/wp-content\/uploads\/2023\/10\/klinik-nisantasi-3-1024x684.jpg\" alt=\"\" \/><\/a><\/figure>\r\n\r\n\r\n\r\n<figure class=\"wp-block-image size-large\"><a href=\"http:\/\/www.kliniknisantasi.com\/wp-content\/uploads\/2023\/10\/klinik-nisantasi-4.jpg\" target=\"_blank\" rel=\"noopener\"><img decoding=\"async\" data-id=\"413\" class=\"wp-image-413\" src=\"http:\/\/www.kliniknisantasi.com\/wp-content\/uploads\/2023\/10\/klinik-nisantasi-4-1024x684.jpg\" alt=\"\" \/><\/a><\/figure>\r\n\r\n\r\n\r\n<figure class=\"wp-block-image size-large\"><a href=\"http:\/\/www.kliniknisantasi.com\/wp-content\/uploads\/2023\/10\/klinik-nisantasi-5.jpg\" target=\"_blank\" rel=\"noopener\"><img decoding=\"async\" data-id=\"417\" class=\"wp-image-417\" src=\"http:\/\/www.kliniknisantasi.com\/wp-content\/uploads\/2023\/10\/klinik-nisantasi-5-1024x684.jpg\" alt=\"\" \/><\/a><\/figure>\r\n\r\n\r\n\r\n<figure class=\"wp-block-image size-large\"><a href=\"http:\/\/www.kliniknisantasi.com\/wp-content\/uploads\/2023\/10\/klinik-nisantasi-6.jpg\" target=\"_blank\" rel=\"noopener\"><img decoding=\"async\" data-id=\"414\" class=\"wp-image-414\" src=\"http:\/\/www.kliniknisantasi.com\/wp-content\/uploads\/2023\/10\/klinik-nisantasi-6-1024x684.jpg\" alt=\"\" \/><\/a><\/figure>\r\n\r\n\r\n\r\n<figure class=\"wp-block-image size-large\"><a href=\"http:\/\/www.kliniknisantasi.com\/wp-content\/uploads\/2023\/10\/klinik-nisantasi-7.jpg\" target=\"_blank\" rel=\"noopener\"><img decoding=\"async\" data-id=\"419\" class=\"wp-image-419\" src=\"http:\/\/www.kliniknisantasi.com\/wp-content\/uploads\/2023\/10\/klinik-nisantasi-7-1024x684.jpg\" alt=\"\" \/><\/a><\/figure>\r\n\r\n\r\n\r\n<figure class=\"wp-block-image size-large\"><a href=\"http:\/\/www.kliniknisantasi.com\/wp-content\/uploads\/2023\/10\/klinik-nisantasi-8.jpg\" target=\"_blank\" rel=\"noopener\"><img decoding=\"async\" data-id=\"421\" class=\"wp-image-421\" src=\"http:\/\/www.kliniknisantasi.com\/wp-content\/uploads\/2023\/10\/klinik-nisantasi-8-1024x684.jpg\" alt=\"\" \/><\/a><\/figure>\r\n\r\n\r\n\r\n<figure class=\"wp-block-image size-large\"><a href=\"http:\/\/www.kliniknisantasi.com\/wp-content\/uploads\/2023\/10\/WhatsApp-Image-2023-10-08-at-10.34.22.jpeg\" target=\"_blank\" rel=\"noopener\"><img decoding=\"async\" data-id=\"471\" class=\"wp-image-471\" src=\"http:\/\/www.kliniknisantasi.com\/wp-content\/uploads\/2023\/10\/WhatsApp-Image-2023-10-08-at-10.34.22-1024x682.jpeg\" alt=\"\" \/><\/a><\/figure>\r\n\r\n\r\n\r\n<figure class=\"wp-block-image size-large\"><a href=\"http:\/\/www.kliniknisantasi.com\/wp-content\/uploads\/2023\/10\/WhatsApp-Image-2023-10-08-at-10.34.24.jpeg\" target=\"_blank\" rel=\"noopener\"><img decoding=\"async\" data-id=\"472\" class=\"wp-image-472\" src=\"http:\/\/www.kliniknisantasi.com\/wp-content\/uploads\/2023\/10\/WhatsApp-Image-2023-10-08-at-10.34.24-1024x682.jpeg\" alt=\"\" \/><\/a><\/figure>\r\n<\/figure>\r\n<\/div>\r\n\r\n\r\n\r\n<div class=\"wp-block-column is-layout-flow wp-block-column-is-layout-flow\" style=\"flex-basis: 5%;\">\u00a0<\/div>\r\n<\/div>\r\n","protected":false},"excerpt":{"rendered":"<p>\u00a0 Willkommen in der Klinik Ni\u015fanta\u015f\u0131 Unsere Klinik wurde 2021 von Dr. Erdi \u0130\u00e7en gegr\u00fcndet und bietet unseren einheimischen und ausl\u00e4ndischen Patienten alle Bereiche der Zahn- und Mundgesundheit an. Wir bieten ein breites Spektrum an Fachkr\u00e4ften, darunter Kieferorthop\u00e4die, Kinderzahnheilkunde, Implantatbehandlungen, Wurzelbehandlungen, Smile Design, Zahnaufhellung, Prothesen und Restaurationsbehandlungen sowie allgemeine zahn\u00e4rztliche Untersuchungen. Wir haben die Vision, [&hellip;]<\/p>\n","protected":false},"author":1,"featured_media":498,"parent":0,"menu_order":0,"comment_status":"closed","ping_status":"closed","template":"page-sablon.php","meta":{"footnotes":""},"class_list":["post-36","page","type-page","status-publish","has-post-thumbnail","hentry"],"yoast_head":"<!-- This site is optimized with the Yoast SEO plugin v25.4 - https:\/\/yoast.com\/wordpress\/plugins\/seo\/ -->\n<title>\u00dcber Uns - Klinik Ni\u015fanta\u015f\u0131 - Klinik f\u00fcr Mund- und Zahnheilkunde<\/title>\n<meta name=\"description\" content=\"Die 2021 von Dr. Erdi \u0130\u00e7en gegr\u00fcndete Klinik Ni\u015fanta\u015f\u0131 bietet eine Reihe von Zahn- und Mundgesundheitsdienstleistungen an.\" \/>\n<meta name=\"robots\" content=\"index, follow, max-snippet:-1, max-image-preview:large, max-video-preview:-1\" \/>\n<link rel=\"canonical\" href=\"https:\/\/kliniknisantasi.com\/de\/uber-uns\" \/>\n<meta property=\"og:locale\" content=\"tr_TR\" \/>\n<meta property=\"og:type\" content=\"article\" \/>\n<meta property=\"og:title\" content=\"\u00dcber Uns - Klinik Ni\u015fanta\u015f\u0131 - Klinik f\u00fcr Mund- und Zahnheilkunde\" \/>\n<meta property=\"og:description\" content=\"Die 2021 von Dr. Erdi \u0130\u00e7en gegr\u00fcndete Klinik Ni\u015fanta\u015f\u0131 bietet eine Reihe von Zahn- und Mundgesundheitsdienstleistungen an.\" \/>\n<meta property=\"og:url\" content=\"https:\/\/kliniknisantasi.com\/de\/uber-uns\" \/>\n<meta property=\"og:site_name\" content=\"Klinik Ni\u015fanta\u015f\u0131 - Klinik f\u00fcr Mund- und Zahnheilkunde\" \/>\n<meta property=\"article:modified_time\" content=\"2024-02-28T13:36:29+00:00\" \/>\n<meta property=\"og:image\" content=\"https:\/\/kliniknisantasi.com\/de\/wp-content\/uploads\/sites\/3\/2024\/02\/bg_2.jpg\" \/>\n\t<meta property=\"og:image:width\" content=\"2000\" \/>\n\t<meta property=\"og:image:height\" content=\"1335\" \/>\n\t<meta property=\"og:image:type\" content=\"image\/jpeg\" \/>\n<meta name=\"twitter:card\" content=\"summary_large_image\" \/>\n<meta name=\"twitter:label1\" content=\"Tahmini okuma s\u00fcresi\" \/>\n\t<meta name=\"twitter:data1\" content=\"4 dakika\" \/>\n<script type=\"application\/ld+json\" class=\"yoast-schema-graph\">{\"@context\":\"https:\/\/schema.org\",\"@graph\":[{\"@type\":\"WebPage\",\"@id\":\"https:\/\/kliniknisantasi.com\/de\/uber-uns\",\"url\":\"https:\/\/kliniknisantasi.com\/de\/uber-uns\",\"name\":\"\u00dcber Uns - Klinik Ni\u015fanta\u015f\u0131 - Klinik f\u00fcr Mund- und Zahnheilkunde\",\"isPartOf\":{\"@id\":\"https:\/\/kliniknisantasi.com\/de\/#website\"},\"primaryImageOfPage\":{\"@id\":\"https:\/\/kliniknisantasi.com\/de\/uber-uns#primaryimage\"},\"image\":{\"@id\":\"https:\/\/kliniknisantasi.com\/de\/uber-uns#primaryimage\"},\"thumbnailUrl\":\"https:\/\/kliniknisantasi.com\/de\/wp-content\/uploads\/sites\/3\/2024\/02\/bg_2.jpg\",\"datePublished\":\"2023-12-07T19:53:00+00:00\",\"dateModified\":\"2024-02-28T13:36:29+00:00\",\"description\":\"Die 2021 von Dr. Erdi \u0130\u00e7en gegr\u00fcndete Klinik Ni\u015fanta\u015f\u0131 bietet eine Reihe von Zahn- und Mundgesundheitsdienstleistungen an.\",\"breadcrumb\":{\"@id\":\"https:\/\/kliniknisantasi.com\/de\/uber-uns#breadcrumb\"},\"inLanguage\":\"tr\",\"potentialAction\":[{\"@type\":\"ReadAction\",\"target\":[\"https:\/\/kliniknisantasi.com\/de\/uber-uns\"]}]},{\"@type\":\"ImageObject\",\"inLanguage\":\"tr\",\"@id\":\"https:\/\/kliniknisantasi.com\/de\/uber-uns#primaryimage\",\"url\":\"https:\/\/kliniknisantasi.com\/de\/wp-content\/uploads\/sites\/3\/2024\/02\/bg_2.jpg\",\"contentUrl\":\"https:\/\/kliniknisantasi.com\/de\/wp-content\/uploads\/sites\/3\/2024\/02\/bg_2.jpg\",\"width\":2000,\"height\":1335},{\"@type\":\"BreadcrumbList\",\"@id\":\"https:\/\/kliniknisantasi.com\/de\/uber-uns#breadcrumb\",\"itemListElement\":[{\"@type\":\"ListItem\",\"position\":1,\"name\":\"Anasayfa\",\"item\":\"https:\/\/kliniknisantasi.com\/de\/\"},{\"@type\":\"ListItem\",\"position\":2,\"name\":\"\u00dcber Uns\"}]},{\"@type\":\"WebSite\",\"@id\":\"https:\/\/kliniknisantasi.com\/de\/#website\",\"url\":\"https:\/\/kliniknisantasi.com\/de\/\",\"name\":\"Klinik Ni\u015fanta\u015f\u0131 - Klinik f\u00fcr Mund- und Zahnheilkunde\",\"description\":\"Die Klinik Ni\u015fanta\u015f\u0131 steht Ihnen mit ihrem fachkundigen \u00c4rzteteam zur Verf\u00fcgung. Kieferorthop\u00e4die | Implantologie | \u00c4sthetische Zahnheilkunde | Kieferchirurgie | Kinderzahnheilkunde | Parodontologie | Termin vereinbaren\",\"potentialAction\":[{\"@type\":\"SearchAction\",\"target\":{\"@type\":\"EntryPoint\",\"urlTemplate\":\"https:\/\/kliniknisantasi.com\/de\/?s={search_term_string}\"},\"query-input\":{\"@type\":\"PropertyValueSpecification\",\"valueRequired\":true,\"valueName\":\"search_term_string\"}}],\"inLanguage\":\"tr\"}]}<\/script>\n<!-- \/ Yoast SEO plugin. -->","yoast_head_json":{"title":"\u00dcber Uns - Klinik Ni\u015fanta\u015f\u0131 - Klinik f\u00fcr Mund- und Zahnheilkunde","description":"Die 2021 von Dr. Erdi \u0130\u00e7en gegr\u00fcndete Klinik Ni\u015fanta\u015f\u0131 bietet eine Reihe von Zahn- und Mundgesundheitsdienstleistungen an.","robots":{"index":"index","follow":"follow","max-snippet":"max-snippet:-1","max-image-preview":"max-image-preview:large","max-video-preview":"max-video-preview:-1"},"canonical":"https:\/\/kliniknisantasi.com\/de\/uber-uns","og_locale":"tr_TR","og_type":"article","og_title":"\u00dcber Uns - Klinik Ni\u015fanta\u015f\u0131 - Klinik f\u00fcr Mund- und Zahnheilkunde","og_description":"Die 2021 von Dr. Erdi \u0130\u00e7en gegr\u00fcndete Klinik Ni\u015fanta\u015f\u0131 bietet eine Reihe von Zahn- und Mundgesundheitsdienstleistungen an.","og_url":"https:\/\/kliniknisantasi.com\/de\/uber-uns","og_site_name":"Klinik Ni\u015fanta\u015f\u0131 - Klinik f\u00fcr Mund- und Zahnheilkunde","article_modified_time":"2024-02-28T13:36:29+00:00","og_image":[{"width":2000,"height":1335,"url":"https:\/\/kliniknisantasi.com\/de\/wp-content\/uploads\/sites\/3\/2024\/02\/bg_2.jpg","type":"image\/jpeg"}],"twitter_card":"summary_large_image","twitter_misc":{"Tahmini okuma s\u00fcresi":"4 dakika"},"schema":{"@context":"https:\/\/schema.org","@graph":[{"@type":"WebPage","@id":"https:\/\/kliniknisantasi.com\/de\/uber-uns","url":"https:\/\/kliniknisantasi.com\/de\/uber-uns","name":"\u00dcber Uns - Klinik Ni\u015fanta\u015f\u0131 - Klinik f\u00fcr Mund- und Zahnheilkunde","isPartOf":{"@id":"https:\/\/kliniknisantasi.com\/de\/#website"},"primaryImageOfPage":{"@id":"https:\/\/kliniknisantasi.com\/de\/uber-uns#primaryimage"},"image":{"@id":"https:\/\/kliniknisantasi.com\/de\/uber-uns#primaryimage"},"thumbnailUrl":"https:\/\/kliniknisantasi.com\/de\/wp-content\/uploads\/sites\/3\/2024\/02\/bg_2.jpg","datePublished":"2023-12-07T19:53:00+00:00","dateModified":"2024-02-28T13:36:29+00:00","description":"Die 2021 von Dr. Erdi \u0130\u00e7en gegr\u00fcndete Klinik Ni\u015fanta\u015f\u0131 bietet eine Reihe von Zahn- und Mundgesundheitsdienstleistungen an.","breadcrumb":{"@id":"https:\/\/kliniknisantasi.com\/de\/uber-uns#breadcrumb"},"inLanguage":"tr","potentialAction":[{"@type":"ReadAction","target":["https:\/\/kliniknisantasi.com\/de\/uber-uns"]}]},{"@type":"ImageObject","inLanguage":"tr","@id":"https:\/\/kliniknisantasi.com\/de\/uber-uns#primaryimage","url":"https:\/\/kliniknisantasi.com\/de\/wp-content\/uploads\/sites\/3\/2024\/02\/bg_2.jpg","contentUrl":"https:\/\/kliniknisantasi.com\/de\/wp-content\/uploads\/sites\/3\/2024\/02\/bg_2.jpg","width":2000,"height":1335},{"@type":"BreadcrumbList","@id":"https:\/\/kliniknisantasi.com\/de\/uber-uns#breadcrumb","itemListElement":[{"@type":"ListItem","position":1,"name":"Anasayfa","item":"https:\/\/kliniknisantasi.com\/de\/"},{"@type":"ListItem","position":2,"name":"\u00dcber Uns"}]},{"@type":"WebSite","@id":"https:\/\/kliniknisantasi.com\/de\/#website","url":"https:\/\/kliniknisantasi.com\/de\/","name":"Klinik Ni\u015fanta\u015f\u0131 - Klinik f\u00fcr Mund- und Zahnheilkunde","description":"Die Klinik Ni\u015fanta\u015f\u0131 steht Ihnen mit ihrem fachkundigen \u00c4rzteteam zur Verf\u00fcgung. Kieferorthop\u00e4die | Implantologie | \u00c4sthetische Zahnheilkunde | Kieferchirurgie | Kinderzahnheilkunde | Parodontologie | Termin vereinbaren","potentialAction":[{"@type":"SearchAction","target":{"@type":"EntryPoint","urlTemplate":"https:\/\/kliniknisantasi.com\/de\/?s={search_term_string}"},"query-input":{"@type":"PropertyValueSpecification","valueRequired":true,"valueName":"search_term_string"}}],"inLanguage":"tr"}]}},"_links":{"self":[{"href":"https:\/\/kliniknisantasi.com\/de\/wp-json\/wp\/v2\/pages\/36","targetHints":{"allow":["GET"]}}],"collection":[{"href":"https:\/\/kliniknisantasi.com\/de\/wp-json\/wp\/v2\/pages"}],"about":[{"href":"https:\/\/kliniknisantasi.com\/de\/wp-json\/wp\/v2\/types\/page"}],"author":[{"embeddable":true,"href":"https:\/\/kliniknisantasi.com\/de\/wp-json\/wp\/v2\/users\/1"}],"replies":[{"embeddable":true,"href":"https:\/\/kliniknisantasi.com\/de\/wp-json\/wp\/v2\/comments?post=36"}],"version-history":[{"count":4,"href":"https:\/\/kliniknisantasi.com\/de\/wp-json\/wp\/v2\/pages\/36\/revisions"}],"predecessor-version":[{"id":573,"href":"https:\/\/kliniknisantasi.com\/de\/wp-json\/wp\/v2\/pages\/36\/revisions\/573"}],"wp:featuredmedia":[{"embeddable":true,"href":"https:\/\/kliniknisantasi.com\/de\/wp-json\/wp\/v2\/media\/498"}],"wp:attachment":[{"href":"https:\/\/kliniknisantasi.com\/de\/wp-json\/wp\/v2\/media?parent=36"}],"curies":[{"name":"wp","href":"https:\/\/api.w.org\/{rel}","templated":true}]}}