{"id":41,"date":"2023-12-07T22:55:40","date_gmt":"2023-12-07T19:55:40","guid":{"rendered":"https:\/\/kliniknisantasi.com\/en\/?page_id=41"},"modified":"2024-02-28T00:19:20","modified_gmt":"2024-02-27T21:19:20","slug":"kontakt","status":"publish","type":"page","link":"https:\/\/kliniknisantasi.com\/de\/kontakt","title":{"rendered":"Kontakt"},"content":{"rendered":"<section class=\"ftco-section bg-light\" style=\"padding: 4em 0;\">\n<div class=\"container\">\n<div class=\"row row-cols-2\">\n<div class=\"col-6\">\n<div class=\"col-lg-12\">\n<div class=\"contact-wrap w-100 p-md-5 p-4\">\n<h3><strong>Contact Us<\/strong><\/h3>\n<p>Adresse: Te\u015fvikiye-Viertel | Vali Kona\u011f\u0131 Stra\u00dfe | Nr:86\/A | Sisli\/Istanbul<\/p>\n<p>E-mail: <a href=\"mailto:info@kliniknisantasi.com\" target=\"_new\" rel=\"noopener\">info@kliniknisantasi.com<\/a><\/p>\n<p>Telefon: +90 (552) 247 3335<\/p>\n<h3>FOLGEN SIE UNS AUF DEN SOZIALEN MEDIEN<\/h3>\n<div class=\"w-100 social-media mt-5\">\n<p><a href=\"#\">Facebook<\/a><br \/>\n<a href=\"#\">Twitter<\/a><br \/>\n<a href=\"#\">Instagram<\/a><\/p>\n<\/div>\n<\/div>\n<\/div>\n<\/div>\n<div class=\"col-6\">\n<div class=\"col-lg-12 d-flex align-items-stretch\">\n<div id=\"map\" class=\"bg-white\"><\/div>\n<\/div>\n<\/div>\n<\/div>\n<\/div>\n<\/section>\n","protected":false},"excerpt":{"rendered":"<p>Contact Us Adresse: Te\u015fvikiye-Viertel | Vali Kona\u011f\u0131 Stra\u00dfe | Nr:86\/A | Sisli\/Istanbul E-mail: info@kliniknisantasi.com Telefon: +90 (552) 247 3335 FOLGEN SIE UNS AUF DEN SOZIALEN MEDIEN Facebook Twitter Instagram<\/p>\n","protected":false},"author":1,"featured_media":37,"parent":0,"menu_order":0,"comment_status":"closed","ping_status":"closed","template":"page-sablon.php","meta":{"footnotes":""},"class_list":["post-41","page","type-page","status-publish","has-post-thumbnail","hentry"],"yoast_head":"<!-- This site is optimized with the Yoast SEO plugin v25.4 - https:\/\/yoast.com\/wordpress\/plugins\/seo\/ -->\n<title>Kontakt - Klinik Ni\u015fanta\u015f\u0131 - Klinik f\u00fcr Mund- und Zahnheilkunde<\/title>\n<meta name=\"description\" content=\"Die 2021 von Dr. Erdi \u0130\u00e7en gegr\u00fcndete Klinik Ni\u015fanta\u015f\u0131 bietet eine Reihe von Zahn- und Mundgesundheitsdienstleistungen an.\" \/>\n<meta name=\"robots\" content=\"index, follow, max-snippet:-1, max-image-preview:large, max-video-preview:-1\" \/>\n<link rel=\"canonical\" href=\"https:\/\/kliniknisantasi.com\/de\/kontakt\" \/>\n<meta property=\"og:locale\" content=\"tr_TR\" \/>\n<meta property=\"og:type\" content=\"article\" \/>\n<meta property=\"og:title\" content=\"Kontakt - Klinik Ni\u015fanta\u015f\u0131 - Klinik f\u00fcr Mund- und Zahnheilkunde\" \/>\n<meta property=\"og:description\" content=\"Die 2021 von Dr. Erdi \u0130\u00e7en gegr\u00fcndete Klinik Ni\u015fanta\u015f\u0131 bietet eine Reihe von Zahn- und Mundgesundheitsdienstleistungen an.\" \/>\n<meta property=\"og:url\" content=\"https:\/\/kliniknisantasi.com\/de\/kontakt\" \/>\n<meta property=\"og:site_name\" content=\"Klinik Ni\u015fanta\u015f\u0131 - Klinik f\u00fcr Mund- und Zahnheilkunde\" \/>\n<meta property=\"article:modified_time\" content=\"2024-02-27T21:19:20+00:00\" \/>\n<meta name=\"twitter:card\" content=\"summary_large_image\" \/>\n<meta name=\"twitter:label1\" content=\"Tahmini okuma s\u00fcresi\" \/>\n\t<meta name=\"twitter:data1\" content=\"1 dakika\" \/>\n<script type=\"application\/ld+json\" class=\"yoast-schema-graph\">{\"@context\":\"https:\/\/schema.org\",\"@graph\":[{\"@type\":\"WebPage\",\"@id\":\"https:\/\/kliniknisantasi.com\/de\/kontakt\",\"url\":\"https:\/\/kliniknisantasi.com\/de\/kontakt\",\"name\":\"Kontakt - Klinik Ni\u015fanta\u015f\u0131 - Klinik f\u00fcr Mund- und Zahnheilkunde\",\"isPartOf\":{\"@id\":\"https:\/\/kliniknisantasi.com\/de\/#website\"},\"primaryImageOfPage\":{\"@id\":\"https:\/\/kliniknisantasi.com\/de\/kontakt#primaryimage\"},\"image\":{\"@id\":\"https:\/\/kliniknisantasi.com\/de\/kontakt#primaryimage\"},\"thumbnailUrl\":\"\",\"datePublished\":\"2023-12-07T19:55:40+00:00\",\"dateModified\":\"2024-02-27T21:19:20+00:00\",\"description\":\"Die 2021 von Dr. Erdi \u0130\u00e7en gegr\u00fcndete Klinik Ni\u015fanta\u015f\u0131 bietet eine Reihe von Zahn- und Mundgesundheitsdienstleistungen an.\",\"breadcrumb\":{\"@id\":\"https:\/\/kliniknisantasi.com\/de\/kontakt#breadcrumb\"},\"inLanguage\":\"tr\",\"potentialAction\":[{\"@type\":\"ReadAction\",\"target\":[\"https:\/\/kliniknisantasi.com\/de\/kontakt\"]}]},{\"@type\":\"ImageObject\",\"inLanguage\":\"tr\",\"@id\":\"https:\/\/kliniknisantasi.com\/de\/kontakt#primaryimage\",\"url\":\"\",\"contentUrl\":\"\"},{\"@type\":\"BreadcrumbList\",\"@id\":\"https:\/\/kliniknisantasi.com\/de\/kontakt#breadcrumb\",\"itemListElement\":[{\"@type\":\"ListItem\",\"position\":1,\"name\":\"Anasayfa\",\"item\":\"https:\/\/kliniknisantasi.com\/de\/\"},{\"@type\":\"ListItem\",\"position\":2,\"name\":\"Kontakt\"}]},{\"@type\":\"WebSite\",\"@id\":\"https:\/\/kliniknisantasi.com\/de\/#website\",\"url\":\"https:\/\/kliniknisantasi.com\/de\/\",\"name\":\"Klinik Ni\u015fanta\u015f\u0131 - Klinik f\u00fcr Mund- und Zahnheilkunde\",\"description\":\"Die Klinik Ni\u015fanta\u015f\u0131 steht Ihnen mit ihrem fachkundigen \u00c4rzteteam zur Verf\u00fcgung. Kieferorthop\u00e4die | Implantologie | \u00c4sthetische Zahnheilkunde | Kieferchirurgie | Kinderzahnheilkunde | Parodontologie | Termin vereinbaren\",\"potentialAction\":[{\"@type\":\"SearchAction\",\"target\":{\"@type\":\"EntryPoint\",\"urlTemplate\":\"https:\/\/kliniknisantasi.com\/de\/?s={search_term_string}\"},\"query-input\":{\"@type\":\"PropertyValueSpecification\",\"valueRequired\":true,\"valueName\":\"search_term_string\"}}],\"inLanguage\":\"tr\"}]}<\/script>\n<!-- \/ Yoast SEO plugin. -->","yoast_head_json":{"title":"Kontakt - Klinik Ni\u015fanta\u015f\u0131 - Klinik f\u00fcr Mund- und Zahnheilkunde","description":"Die 2021 von Dr. Erdi \u0130\u00e7en gegr\u00fcndete Klinik Ni\u015fanta\u015f\u0131 bietet eine Reihe von Zahn- und Mundgesundheitsdienstleistungen an.","robots":{"index":"index","follow":"follow","max-snippet":"max-snippet:-1","max-image-preview":"max-image-preview:large","max-video-preview":"max-video-preview:-1"},"canonical":"https:\/\/kliniknisantasi.com\/de\/kontakt","og_locale":"tr_TR","og_type":"article","og_title":"Kontakt - Klinik Ni\u015fanta\u015f\u0131 - Klinik f\u00fcr Mund- und Zahnheilkunde","og_description":"Die 2021 von Dr. Erdi \u0130\u00e7en gegr\u00fcndete Klinik Ni\u015fanta\u015f\u0131 bietet eine Reihe von Zahn- und Mundgesundheitsdienstleistungen an.","og_url":"https:\/\/kliniknisantasi.com\/de\/kontakt","og_site_name":"Klinik Ni\u015fanta\u015f\u0131 - Klinik f\u00fcr Mund- und Zahnheilkunde","article_modified_time":"2024-02-27T21:19:20+00:00","twitter_card":"summary_large_image","twitter_misc":{"Tahmini okuma s\u00fcresi":"1 dakika"},"schema":{"@context":"https:\/\/schema.org","@graph":[{"@type":"WebPage","@id":"https:\/\/kliniknisantasi.com\/de\/kontakt","url":"https:\/\/kliniknisantasi.com\/de\/kontakt","name":"Kontakt - Klinik Ni\u015fanta\u015f\u0131 - Klinik f\u00fcr Mund- und Zahnheilkunde","isPartOf":{"@id":"https:\/\/kliniknisantasi.com\/de\/#website"},"primaryImageOfPage":{"@id":"https:\/\/kliniknisantasi.com\/de\/kontakt#primaryimage"},"image":{"@id":"https:\/\/kliniknisantasi.com\/de\/kontakt#primaryimage"},"thumbnailUrl":"","datePublished":"2023-12-07T19:55:40+00:00","dateModified":"2024-02-27T21:19:20+00:00","description":"Die 2021 von Dr. Erdi \u0130\u00e7en gegr\u00fcndete Klinik Ni\u015fanta\u015f\u0131 bietet eine Reihe von Zahn- und Mundgesundheitsdienstleistungen an.","breadcrumb":{"@id":"https:\/\/kliniknisantasi.com\/de\/kontakt#breadcrumb"},"inLanguage":"tr","potentialAction":[{"@type":"ReadAction","target":["https:\/\/kliniknisantasi.com\/de\/kontakt"]}]},{"@type":"ImageObject","inLanguage":"tr","@id":"https:\/\/kliniknisantasi.com\/de\/kontakt#primaryimage","url":"","contentUrl":""},{"@type":"BreadcrumbList","@id":"https:\/\/kliniknisantasi.com\/de\/kontakt#breadcrumb","itemListElement":[{"@type":"ListItem","position":1,"name":"Anasayfa","item":"https:\/\/kliniknisantasi.com\/de\/"},{"@type":"ListItem","position":2,"name":"Kontakt"}]},{"@type":"WebSite","@id":"https:\/\/kliniknisantasi.com\/de\/#website","url":"https:\/\/kliniknisantasi.com\/de\/","name":"Klinik Ni\u015fanta\u015f\u0131 - Klinik f\u00fcr Mund- und Zahnheilkunde","description":"Die Klinik Ni\u015fanta\u015f\u0131 steht Ihnen mit ihrem fachkundigen \u00c4rzteteam zur Verf\u00fcgung. Kieferorthop\u00e4die | Implantologie | \u00c4sthetische Zahnheilkunde | Kieferchirurgie | Kinderzahnheilkunde | Parodontologie | Termin vereinbaren","potentialAction":[{"@type":"SearchAction","target":{"@type":"EntryPoint","urlTemplate":"https:\/\/kliniknisantasi.com\/de\/?s={search_term_string}"},"query-input":{"@type":"PropertyValueSpecification","valueRequired":true,"valueName":"search_term_string"}}],"inLanguage":"tr"}]}},"_links":{"self":[{"href":"https:\/\/kliniknisantasi.com\/de\/wp-json\/wp\/v2\/pages\/41","targetHints":{"allow":["GET"]}}],"collection":[{"href":"https:\/\/kliniknisantasi.com\/de\/wp-json\/wp\/v2\/pages"}],"about":[{"href":"https:\/\/kliniknisantasi.com\/de\/wp-json\/wp\/v2\/types\/page"}],"author":[{"embeddable":true,"href":"https:\/\/kliniknisantasi.com\/de\/wp-json\/wp\/v2\/users\/1"}],"replies":[{"embeddable":true,"href":"https:\/\/kliniknisantasi.com\/de\/wp-json\/wp\/v2\/comments?post=41"}],"version-history":[{"count":2,"href":"https:\/\/kliniknisantasi.com\/de\/wp-json\/wp\/v2\/pages\/41\/revisions"}],"predecessor-version":[{"id":507,"href":"https:\/\/kliniknisantasi.com\/de\/wp-json\/wp\/v2\/pages\/41\/revisions\/507"}],"wp:featuredmedia":[{"embeddable":true,"href":"https:\/\/kliniknisantasi.com\/de\/wp-json\/"}],"wp:attachment":[{"href":"https:\/\/kliniknisantasi.com\/de\/wp-json\/wp\/v2\/media?parent=41"}],"curies":[{"name":"wp","href":"https:\/\/api.w.org\/{rel}","templated":true}]}}