{"id":48,"date":"2023-12-07T23:06:22","date_gmt":"2023-12-07T20:06:22","guid":{"rendered":"https:\/\/kliniknisantasi.com\/en\/?page_id=48"},"modified":"2024-02-28T12:46:53","modified_gmt":"2024-02-28T09:46:53","slug":"ernennung","status":"publish","type":"page","link":"https:\/\/kliniknisantasi.com\/de\/ernennung","title":{"rendered":"Ernennung"},"content":{"rendered":"<p>[forminator_form id=&#8221;179&#8243;]<\/p>\n","protected":false},"excerpt":{"rendered":"<p>[forminator_form id=&#8221;179&#8243;]<\/p>\n","protected":false},"author":1,"featured_media":0,"parent":0,"menu_order":0,"comment_status":"closed","ping_status":"closed","template":"page-sablon.php","meta":{"footnotes":""},"class_list":["post-48","page","type-page","status-publish","hentry"],"yoast_head":"<!-- This site is optimized with the Yoast SEO plugin v25.4 - https:\/\/yoast.com\/wordpress\/plugins\/seo\/ -->\n<title>Ernennung - Klinik Ni\u015fanta\u015f\u0131 - Klinik f\u00fcr Mund- und Zahnheilkunde<\/title>\n<meta name=\"description\" content=\"Die Klinik bietet Dienstleistungen in den Bereichen Kieferorthop\u00e4die, Kinderzahnheilkunde, Implantate, Wurzelbehandlungen und Smile Design an und verfolgt dabei einen Boutique-Service-Ansatz mit personalisierten Behandlungsoptionen und FDA-zugelassenen Ger\u00e4ten.\" \/>\n<meta name=\"robots\" content=\"index, follow, max-snippet:-1, max-image-preview:large, max-video-preview:-1\" \/>\n<link rel=\"canonical\" href=\"https:\/\/kliniknisantasi.com\/de\/ernennung\" \/>\n<meta property=\"og:locale\" content=\"tr_TR\" \/>\n<meta property=\"og:type\" content=\"article\" \/>\n<meta property=\"og:title\" content=\"Ernennung - Klinik Ni\u015fanta\u015f\u0131 - Klinik f\u00fcr Mund- und Zahnheilkunde\" \/>\n<meta property=\"og:description\" content=\"Die Klinik bietet Dienstleistungen in den Bereichen Kieferorthop\u00e4die, Kinderzahnheilkunde, Implantate, Wurzelbehandlungen und Smile Design an und verfolgt dabei einen Boutique-Service-Ansatz mit personalisierten Behandlungsoptionen und FDA-zugelassenen Ger\u00e4ten.\" \/>\n<meta property=\"og:url\" content=\"https:\/\/kliniknisantasi.com\/de\/ernennung\" \/>\n<meta property=\"og:site_name\" content=\"Klinik Ni\u015fanta\u015f\u0131 - Klinik f\u00fcr Mund- und Zahnheilkunde\" \/>\n<meta property=\"article:modified_time\" content=\"2024-02-28T09:46:53+00:00\" \/>\n<meta name=\"twitter:card\" content=\"summary_large_image\" \/>\n<meta name=\"twitter:label1\" content=\"Tahmini okuma s\u00fcresi\" \/>\n\t<meta name=\"twitter:data1\" content=\"1 dakika\" \/>\n<script type=\"application\/ld+json\" class=\"yoast-schema-graph\">{\"@context\":\"https:\/\/schema.org\",\"@graph\":[{\"@type\":\"WebPage\",\"@id\":\"https:\/\/kliniknisantasi.com\/de\/ernennung\",\"url\":\"https:\/\/kliniknisantasi.com\/de\/ernennung\",\"name\":\"Ernennung - Klinik Ni\u015fanta\u015f\u0131 - Klinik f\u00fcr Mund- und Zahnheilkunde\",\"isPartOf\":{\"@id\":\"https:\/\/kliniknisantasi.com\/de\/#website\"},\"datePublished\":\"2023-12-07T20:06:22+00:00\",\"dateModified\":\"2024-02-28T09:46:53+00:00\",\"description\":\"Die Klinik bietet Dienstleistungen in den Bereichen Kieferorthop\u00e4die, Kinderzahnheilkunde, Implantate, Wurzelbehandlungen und Smile Design an und verfolgt dabei einen Boutique-Service-Ansatz mit personalisierten Behandlungsoptionen und FDA-zugelassenen Ger\u00e4ten.\",\"breadcrumb\":{\"@id\":\"https:\/\/kliniknisantasi.com\/de\/ernennung#breadcrumb\"},\"inLanguage\":\"tr\",\"potentialAction\":[{\"@type\":\"ReadAction\",\"target\":[\"https:\/\/kliniknisantasi.com\/de\/ernennung\"]}]},{\"@type\":\"BreadcrumbList\",\"@id\":\"https:\/\/kliniknisantasi.com\/de\/ernennung#breadcrumb\",\"itemListElement\":[{\"@type\":\"ListItem\",\"position\":1,\"name\":\"Anasayfa\",\"item\":\"https:\/\/kliniknisantasi.com\/de\/\"},{\"@type\":\"ListItem\",\"position\":2,\"name\":\"Ernennung\"}]},{\"@type\":\"WebSite\",\"@id\":\"https:\/\/kliniknisantasi.com\/de\/#website\",\"url\":\"https:\/\/kliniknisantasi.com\/de\/\",\"name\":\"Klinik Ni\u015fanta\u015f\u0131 - Klinik f\u00fcr Mund- und Zahnheilkunde\",\"description\":\"Die Klinik Ni\u015fanta\u015f\u0131 steht Ihnen mit ihrem fachkundigen \u00c4rzteteam zur Verf\u00fcgung. Kieferorthop\u00e4die | Implantologie | \u00c4sthetische Zahnheilkunde | Kieferchirurgie | Kinderzahnheilkunde | Parodontologie | Termin vereinbaren\",\"potentialAction\":[{\"@type\":\"SearchAction\",\"target\":{\"@type\":\"EntryPoint\",\"urlTemplate\":\"https:\/\/kliniknisantasi.com\/de\/?s={search_term_string}\"},\"query-input\":{\"@type\":\"PropertyValueSpecification\",\"valueRequired\":true,\"valueName\":\"search_term_string\"}}],\"inLanguage\":\"tr\"}]}<\/script>\n<!-- \/ Yoast SEO plugin. -->","yoast_head_json":{"title":"Ernennung - Klinik Ni\u015fanta\u015f\u0131 - Klinik f\u00fcr Mund- und Zahnheilkunde","description":"Die Klinik bietet Dienstleistungen in den Bereichen Kieferorthop\u00e4die, Kinderzahnheilkunde, Implantate, Wurzelbehandlungen und Smile Design an und verfolgt dabei einen Boutique-Service-Ansatz mit personalisierten Behandlungsoptionen und FDA-zugelassenen Ger\u00e4ten.","robots":{"index":"index","follow":"follow","max-snippet":"max-snippet:-1","max-image-preview":"max-image-preview:large","max-video-preview":"max-video-preview:-1"},"canonical":"https:\/\/kliniknisantasi.com\/de\/ernennung","og_locale":"tr_TR","og_type":"article","og_title":"Ernennung - Klinik Ni\u015fanta\u015f\u0131 - Klinik f\u00fcr Mund- und Zahnheilkunde","og_description":"Die Klinik bietet Dienstleistungen in den Bereichen Kieferorthop\u00e4die, Kinderzahnheilkunde, Implantate, Wurzelbehandlungen und Smile Design an und verfolgt dabei einen Boutique-Service-Ansatz mit personalisierten Behandlungsoptionen und FDA-zugelassenen Ger\u00e4ten.","og_url":"https:\/\/kliniknisantasi.com\/de\/ernennung","og_site_name":"Klinik Ni\u015fanta\u015f\u0131 - Klinik f\u00fcr Mund- und Zahnheilkunde","article_modified_time":"2024-02-28T09:46:53+00:00","twitter_card":"summary_large_image","twitter_misc":{"Tahmini okuma s\u00fcresi":"1 dakika"},"schema":{"@context":"https:\/\/schema.org","@graph":[{"@type":"WebPage","@id":"https:\/\/kliniknisantasi.com\/de\/ernennung","url":"https:\/\/kliniknisantasi.com\/de\/ernennung","name":"Ernennung - Klinik Ni\u015fanta\u015f\u0131 - Klinik f\u00fcr Mund- und Zahnheilkunde","isPartOf":{"@id":"https:\/\/kliniknisantasi.com\/de\/#website"},"datePublished":"2023-12-07T20:06:22+00:00","dateModified":"2024-02-28T09:46:53+00:00","description":"Die Klinik bietet Dienstleistungen in den Bereichen Kieferorthop\u00e4die, Kinderzahnheilkunde, Implantate, Wurzelbehandlungen und Smile Design an und verfolgt dabei einen Boutique-Service-Ansatz mit personalisierten Behandlungsoptionen und FDA-zugelassenen Ger\u00e4ten.","breadcrumb":{"@id":"https:\/\/kliniknisantasi.com\/de\/ernennung#breadcrumb"},"inLanguage":"tr","potentialAction":[{"@type":"ReadAction","target":["https:\/\/kliniknisantasi.com\/de\/ernennung"]}]},{"@type":"BreadcrumbList","@id":"https:\/\/kliniknisantasi.com\/de\/ernennung#breadcrumb","itemListElement":[{"@type":"ListItem","position":1,"name":"Anasayfa","item":"https:\/\/kliniknisantasi.com\/de\/"},{"@type":"ListItem","position":2,"name":"Ernennung"}]},{"@type":"WebSite","@id":"https:\/\/kliniknisantasi.com\/de\/#website","url":"https:\/\/kliniknisantasi.com\/de\/","name":"Klinik Ni\u015fanta\u015f\u0131 - Klinik f\u00fcr Mund- und Zahnheilkunde","description":"Die Klinik Ni\u015fanta\u015f\u0131 steht Ihnen mit ihrem fachkundigen \u00c4rzteteam zur Verf\u00fcgung. Kieferorthop\u00e4die | Implantologie | \u00c4sthetische Zahnheilkunde | Kieferchirurgie | Kinderzahnheilkunde | Parodontologie | Termin vereinbaren","potentialAction":[{"@type":"SearchAction","target":{"@type":"EntryPoint","urlTemplate":"https:\/\/kliniknisantasi.com\/de\/?s={search_term_string}"},"query-input":{"@type":"PropertyValueSpecification","valueRequired":true,"valueName":"search_term_string"}}],"inLanguage":"tr"}]}},"_links":{"self":[{"href":"https:\/\/kliniknisantasi.com\/de\/wp-json\/wp\/v2\/pages\/48","targetHints":{"allow":["GET"]}}],"collection":[{"href":"https:\/\/kliniknisantasi.com\/de\/wp-json\/wp\/v2\/pages"}],"about":[{"href":"https:\/\/kliniknisantasi.com\/de\/wp-json\/wp\/v2\/types\/page"}],"author":[{"embeddable":true,"href":"https:\/\/kliniknisantasi.com\/de\/wp-json\/wp\/v2\/users\/1"}],"replies":[{"embeddable":true,"href":"https:\/\/kliniknisantasi.com\/de\/wp-json\/wp\/v2\/comments?post=48"}],"version-history":[{"count":2,"href":"https:\/\/kliniknisantasi.com\/de\/wp-json\/wp\/v2\/pages\/48\/revisions"}],"predecessor-version":[{"id":512,"href":"https:\/\/kliniknisantasi.com\/de\/wp-json\/wp\/v2\/pages\/48\/revisions\/512"}],"wp:attachment":[{"href":"https:\/\/kliniknisantasi.com\/de\/wp-json\/wp\/v2\/media?parent=48"}],"curies":[{"name":"wp","href":"https:\/\/api.w.org\/{rel}","templated":true}]}}