{"id":50,"date":"2023-12-07T23:29:03","date_gmt":"2023-12-07T20:29:03","guid":{"rendered":"https:\/\/kliniknisantasi.com\/en\/?page_id=50"},"modified":"2024-02-28T00:21:28","modified_gmt":"2024-02-27T21:21:28","slug":"unser-service","status":"publish","type":"page","link":"https:\/\/kliniknisantasi.com\/de\/unser-service","title":{"rendered":"Unser Service"},"content":{"rendered":"<section class=\"ftco-section bg-light\">\n<div class=\"container-xl\">\n<div class=\"row justify-content-center\"><div class=\"col-md-6 col-lg-3 text-center d-flex align-items-stretch\" data-aos=\"flip-right\" data-aos-delay=\"100\" data-aos-duration=\"1000\">  <div class=\"services-2\">    <div class=\"icon\"><span class=\"flaticon-dental-care\"><\/span><\/div>    <div class=\"text\">      <h2>Keramische \u00dcberz\u00fcge<\/h2>      <p>Keramikveneers bieten eine \u00e4sthetische und nat\u00fcrlich aussehende Zahnbehandlung; sie erfordern nur minimalen Zahnabrieb und werden mit einem Spezialkleber auf den Zahn aufgebracht.<\/p>      <a class=\"btn btn-info\" href=\"https:\/\/kliniknisantasi.com\/de\/keramische-uberzuge\">LESEN SIE MEHR<\/a>    <\/div>  <\/div><\/div><div class=\"col-md-6 col-lg-3 text-center d-flex align-items-stretch\" data-aos=\"flip-right\" data-aos-delay=\"100\" data-aos-duration=\"1000\">  <div class=\"services-2\">    <div class=\"icon\"><span class=\"flaticon-removal\"><\/span><\/div>    <div class=\"text\">      <h2>Zahnextraktion<\/h2>      <p>Die Zahnextraktion ist die Entfernung von Z\u00e4hnen, die nicht unter Narkose gerettet werden k\u00f6nnen. Der Zahn wird unter \u00f6rtlicher Bet\u00e4ubung gelockert und entfernt. Vor und nach der Extraktion sollten die Empfehlungen des Arztes befolgt werden.<\/p>      <a class=\"btn btn-info\" href=\"https:\/\/kliniknisantasi.com\/de\/zahnextraktion\">LESEN SIE MEHR<\/a>    <\/div>  <\/div><\/div><div class=\"col-md-6 col-lg-3 text-center d-flex align-items-stretch\" data-aos=\"flip-right\" data-aos-delay=\"100\" data-aos-duration=\"1000\">  <div class=\"services-2\">    <div class=\"icon\"><span class=\"flaticon-dental-care\"><\/span><\/div>    <div class=\"text\">      <h2>Zirkonium-Furnier<\/h2>      <p>Zirkonium-Veneers bieten ein \u00e4sthetisches und nat\u00fcrliches Aussehen der Z\u00e4hne, besch\u00e4digen das Zahnfleisch nicht und sind korrosions- und bruchfest.<\/p>      <a class=\"btn btn-info\" href=\"https:\/\/kliniknisantasi.com\/de\/zirkonium-furnier\">LESEN SIE MEHR<\/a>    <\/div>  <\/div><\/div><div class=\"col-md-6 col-lg-3 text-center d-flex align-items-stretch\" data-aos=\"flip-right\" data-aos-delay=\"100\" data-aos-duration=\"1000\">  <div class=\"services-2\">    <div class=\"icon\"><span class=\"flaticon-dental-care\"><\/span><\/div>    <div class=\"text\">      <h2>L\u00e4cheln Design<\/h2>      <p>Smile Design schafft ein nat\u00fcrliches L\u00e4cheln mit \u00e4sthetischen Z\u00e4hnen und Zahnfleisch, das auf die Bed\u00fcrfnisse des Patienten und seine Gesichtsform zugeschnitten ist, indem es Bleaching, Implantate und Veneers einsetzt.<\/p>      <a class=\"btn btn-info\" href=\"https:\/\/kliniknisantasi.com\/de\/lacheln-design\">LESEN SIE MEHR<\/a>    <\/div>  <\/div><\/div><div class=\"col-md-6 col-lg-3 text-center d-flex align-items-stretch\" data-aos=\"flip-right\" data-aos-delay=\"100\" data-aos-duration=\"1000\">  <div class=\"services-2\">    <div class=\"icon\"><span class=\"flaticon-dental-device\"><\/span><\/div>    <div class=\"text\">      <h2>Occlusal Splint<\/h2>      <p>Occlusal splints offer effective and customized solutions to manage and alleviate the negative effects on jaw and dental health. <\/p>      <a class=\"btn btn-info\" href=\"https:\/\/kliniknisantasi.com\/de\/occlusal-splint\">LESEN SIE MEHR<\/a>    <\/div>  <\/div><\/div><div class=\"col-md-6 col-lg-3 text-center d-flex align-items-stretch\" data-aos=\"flip-right\" data-aos-delay=\"100\" data-aos-duration=\"1000\">  <div class=\"services-2\">    <div class=\"icon\"><span class=\"flaticon-dental-care\"><\/span><\/div>    <div class=\"text\">      <h2>Treatment of Teeth Clenching and Grinding<\/h2>      <p>Bruxism is continuous teeth contact from muscle contraction. Clenching is rhythmic teeth grinding, often during sleep and in stressed individuals.<\/p>      <a class=\"btn btn-info\" href=\"https:\/\/kliniknisantasi.com\/de\/treatment-of-teeth-clenching-and-grinding\">LESEN SIE MEHR<\/a>    <\/div>  <\/div><\/div><div class=\"col-md-6 col-lg-3 text-center d-flex align-items-stretch\" data-aos=\"flip-right\" data-aos-delay=\"100\" data-aos-duration=\"1000\">  <div class=\"services-2\">    <div class=\"icon\"><span class=\"flaticon-dental-clinic\"><\/span><\/div>    <div class=\"text\">      <h2>Cephalometric X-ray<\/h2>      <p>Cephalometric X-ray displays head and face bone and soft tissue dimensions, aiding in orthodontic and surgical planning.<\/p>      <a class=\"btn btn-info\" href=\"https:\/\/kliniknisantasi.com\/de\/cephalometric-x-ray\">LESEN SIE MEHR<\/a>    <\/div>  <\/div><\/div><div class=\"col-md-6 col-lg-3 text-center d-flex align-items-stretch\" data-aos=\"flip-right\" data-aos-delay=\"100\" data-aos-duration=\"1000\">  <div class=\"services-2\">    <div class=\"icon\"><span class=\"flaticon-decay-in-a-tooth\"><\/span><\/div>    <div class=\"text\">      <h2>Dental Tomography (3D)<\/h2>      <p>Dental tomography provides 3D images of specific areas, showing details in bone and soft tissues not seen in standard X-rays.<\/p>      <a class=\"btn btn-info\" href=\"https:\/\/kliniknisantasi.com\/de\/dental-tomography-3d\">LESEN SIE MEHR<\/a>    <\/div>  <\/div><\/div><div class=\"col-md-6 col-lg-3 text-center d-flex align-items-stretch\" data-aos=\"flip-right\" data-aos-delay=\"100\" data-aos-duration=\"1000\">  <div class=\"services-2\">    <div class=\"icon\"><span class=\"flaticon-dental-care-1\"><\/span><\/div>    <div class=\"text\">      <h2>Dental X-ray Film<\/h2>      <p>A dental X-ray shows detailed tooth and surrounding tissue images. Periapical X-rays focus on root tips, essential for decay and infection cases.<\/p>      <a class=\"btn btn-info\" href=\"https:\/\/kliniknisantasi.com\/de\/dental-x-ray-film\">LESEN SIE MEHR<\/a>    <\/div>  <\/div><\/div><div class=\"col-md-6 col-lg-3 text-center d-flex align-items-stretch\" data-aos=\"flip-right\" data-aos-delay=\"100\" data-aos-duration=\"1000\">  <div class=\"services-2\">    <div class=\"icon\"><span class=\"flaticon-dental-review\"><\/span><\/div>    <div class=\"text\">      <h2>Panoramic X-ray<\/h2>      <p>Panoramic X-rays are applications that allow the pathologies in the jaw bones, teeth and jaw bones to be seen in a single film.<\/p>      <a class=\"btn btn-info\" href=\"https:\/\/kliniknisantasi.com\/de\/panoramic-x-ray\">LESEN SIE MEHR<\/a>    <\/div>  <\/div><\/div><div class=\"col-md-6 col-lg-3 text-center d-flex align-items-stretch\" data-aos=\"flip-right\" data-aos-delay=\"100\" data-aos-duration=\"1000\">  <div class=\"services-2\">    <div class=\"icon\"><span class=\"flaticon-dental-drill\"><\/span><\/div>    <div class=\"text\">      <h2>Removable Dentures<\/h2>      <p>Removable prosthesis are prostheses that the patient can remove and are applied in cases where the tooth deficiency is high.<\/p>      <a class=\"btn btn-info\" href=\"https:\/\/kliniknisantasi.com\/de\/removable-dentures\">LESEN SIE MEHR<\/a>    <\/div>  <\/div><\/div><div class=\"col-md-6 col-lg-3 text-center d-flex align-items-stretch\" data-aos=\"flip-right\" data-aos-delay=\"100\" data-aos-duration=\"1000\">  <div class=\"services-2\">    <div class=\"icon\"><span class=\"flaticon-removal\"><\/span><\/div>    <div class=\"text\">      <h2>Filling and Root Canal Treatment<\/h2>      <p>Composite fillers are fillers obtained using ceramics and various chemical components.<\/p>      <a class=\"btn btn-info\" href=\"https:\/\/kliniknisantasi.com\/de\/filling-and-root-canal-treatment\">LESEN SIE MEHR<\/a>    <\/div>  <\/div><\/div><div class=\"col-md-6 col-lg-3 text-center d-flex align-items-stretch\" data-aos=\"flip-right\" data-aos-delay=\"100\" data-aos-duration=\"1000\">  <div class=\"services-2\">    <div class=\"icon\"><span class=\"flaticon-dental-drill\"><\/span><\/div>    <div class=\"text\">      <h2>Root Canal Therapy (Endodontics)<\/h2>      <p>X-rays are taken to see the condition of the root canals and surrounding bone tissue and treatment is started.<\/p>      <a class=\"btn btn-info\" href=\"https:\/\/kliniknisantasi.com\/de\/root-canal-therapy-endodontics\">LESEN SIE MEHR<\/a>    <\/div>  <\/div><\/div><div class=\"col-md-6 col-lg-3 text-center d-flex align-items-stretch\" data-aos=\"flip-right\" data-aos-delay=\"100\" data-aos-duration=\"1000\">  <div class=\"services-2\">    <div class=\"icon\"><span class=\"flaticon-dental-device\"><\/span><\/div>    <div class=\"text\">      <h2>Digital Smile Design and Dentures<\/h2>      <p>One of the most important advantages of digital dentistry is the ability to design aesthetic smile.<\/p>      <a class=\"btn btn-info\" href=\"https:\/\/kliniknisantasi.com\/de\/digital-smile-design-and-dentures\">LESEN SIE MEHR<\/a>    <\/div>  <\/div><\/div><div class=\"col-md-6 col-lg-3 text-center d-flex align-items-stretch\" data-aos=\"flip-right\" data-aos-delay=\"100\" data-aos-duration=\"1000\">  <div class=\"services-2\">    <div class=\"icon\"><span class=\"flaticon-decay-in-a-tooth\"><\/span><\/div>    <div class=\"text\">      <h2>Digital Dentistry<\/h2>      <p>Digital dentistry is the transformation of traditional procedures into design and production with computer support.<\/p>      <a class=\"btn btn-info\" href=\"https:\/\/kliniknisantasi.com\/de\/digital-dentistry\">LESEN SIE MEHR<\/a>    <\/div>  <\/div><\/div><div class=\"col-md-6 col-lg-3 text-center d-flex align-items-stretch\" data-aos=\"flip-right\" data-aos-delay=\"100\" data-aos-duration=\"1000\">  <div class=\"services-2\">    <div class=\"icon\"><span class=\"flaticon-clipboard-with-check-marks\"><\/span><\/div>    <div class=\"text\">      <h2>Digital Orthodontics<\/h2>      <p>Digital orthodontics is the digitalised version of orthodontic applications.<\/p>      <a class=\"btn btn-info\" href=\"https:\/\/kliniknisantasi.com\/de\/digital-orthodontics\">LESEN SIE MEHR<\/a>    <\/div>  <\/div><\/div><div class=\"col-md-6 col-lg-3 text-center d-flex align-items-stretch\" data-aos=\"flip-right\" data-aos-delay=\"100\" data-aos-duration=\"1000\">  <div class=\"services-2\">    <div class=\"icon\"><span class=\"flaticon-dental-care\"><\/span><\/div>    <div class=\"text\">      <h2>Orthognathic Surgery<\/h2>      <p>Jaw and facial fractures are usually seen as a result of traffic accidents, occupational accidents or assault and affect functions such as aesthetics, chewing and speech.<\/p>      <a class=\"btn btn-info\" href=\"https:\/\/kliniknisantasi.com\/de\/orthognathic-surgery\">LESEN SIE MEHR<\/a>    <\/div>  <\/div><\/div><div class=\"col-md-6 col-lg-3 text-center d-flex align-items-stretch\" data-aos=\"flip-right\" data-aos-delay=\"100\" data-aos-duration=\"1000\">  <div class=\"services-2\">    <div class=\"icon\"><span class=\"flaticon-removal\"><\/span><\/div>    <div class=\"text\">      <h2>Surgical Treatment of Jaw and Face Fractures<\/h2>      <p>Jaw and facial fractures are usually seen as a result of traffic accidents, occupational accidents or assault and affect functions such as aesthetics, chewing and speech.<\/p>      <a class=\"btn btn-info\" href=\"https:\/\/kliniknisantasi.com\/de\/surgical-treatment-of-jaw-and-face-fractures\">LESEN SIE MEHR<\/a>    <\/div>  <\/div><\/div><div class=\"col-md-6 col-lg-3 text-center d-flex align-items-stretch\" data-aos=\"flip-right\" data-aos-delay=\"100\" data-aos-duration=\"1000\">  <div class=\"services-2\">    <div class=\"icon\"><span class=\"flaticon-dental-care-1\"><\/span><\/div>    <div class=\"text\">      <h2>Apical Resection<\/h2>      <p>Apical resection is the surgical removal of the inflamed area at the root end of the tooth.<\/p>      <a class=\"btn btn-info\" href=\"https:\/\/kliniknisantasi.com\/de\/apical-resection\">LESEN SIE MEHR<\/a>    <\/div>  <\/div><\/div><div class=\"col-md-6 col-lg-3 text-center d-flex align-items-stretch\" data-aos=\"flip-right\" data-aos-delay=\"100\" data-aos-duration=\"1000\">  <div class=\"services-2\">    <div class=\"icon\"><span class=\"flaticon-calculus\"><\/span><\/div>    <div class=\"text\">      <h2>Cysts and Tumours of the Jaw<\/h2>      <p>Jaw cysts are pathological cavities containing liquid or semi-liquid material located in soft tissue.<\/p>      <a class=\"btn btn-info\" href=\"https:\/\/kliniknisantasi.com\/de\/cysts-and-tumours-of-the-jaw\">LESEN SIE MEHR<\/a>    <\/div>  <\/div><\/div><div class=\"col-md-6 col-lg-3 text-center d-flex align-items-stretch\" data-aos=\"flip-right\" data-aos-delay=\"100\" data-aos-duration=\"1000\">  <div class=\"services-2\">    <div class=\"icon\"><span class=\"flaticon-dental-care\"><\/span><\/div>    <div class=\"text\">      <h2>Extraction of Impacted Teeth<\/h2>      <p>An impacted tooth is a tooth that has not erupted where it should have erupted, although the time has passed.<\/p>      <a class=\"btn btn-info\" href=\"https:\/\/kliniknisantasi.com\/de\/extraction-of-impacted-teeth\">LESEN SIE MEHR<\/a>    <\/div>  <\/div><\/div><div class=\"col-md-6 col-lg-3 text-center d-flex align-items-stretch\" data-aos=\"flip-right\" data-aos-delay=\"100\" data-aos-duration=\"1000\">  <div class=\"services-2\">    <div class=\"icon\"><span class=\"flaticon-removal\"><\/span><\/div>    <div class=\"text\">      <h2>20 Alter Zahnextraktion<\/h2>      <p>The wisdom teeth are the third molars located at the back of the jaw.<\/p>      <a class=\"btn btn-info\" href=\"https:\/\/kliniknisantasi.com\/de\/20-alter-zahnextraktion\">LESEN SIE MEHR<\/a>    <\/div>  <\/div><\/div><div class=\"col-md-6 col-lg-3 text-center d-flex align-items-stretch\" data-aos=\"flip-right\" data-aos-delay=\"100\" data-aos-duration=\"1000\">  <div class=\"services-2\">    <div class=\"icon\"><span class=\"flaticon-tooth-1\"><\/span><\/div>    <div class=\"text\">      <h2>Sinuslift (Sinuslifting)<\/h2>      <p>Die Kieferh\u00f6hlen sind hohle, luftgef\u00fcllte R\u00e4ume, die sich \u00fcber den Backenz\u00e4hnen im Oberkiefer und im inneren Bereich der Wange befinden.<\/p>      <a class=\"btn btn-info\" href=\"https:\/\/kliniknisantasi.com\/de\/sinuslift-sinuslifting\">LESEN SIE MEHR<\/a>    <\/div>  <\/div><\/div><div class=\"col-md-6 col-lg-3 text-center d-flex align-items-stretch\" data-aos=\"flip-right\" data-aos-delay=\"100\" data-aos-duration=\"1000\">  <div class=\"services-2\">    <div class=\"icon\"><span class=\"flaticon-dental-device\"><\/span><\/div>    <div class=\"text\">      <h2>Implantatbehandlung bei Knocheninsuffizienz<\/h2>      <p>Successful implant treatment requires sufficient bone support in width and length around the implants.<\/p>      <a class=\"btn btn-info\" href=\"https:\/\/kliniknisantasi.com\/de\/implantatbehandlung-bei-knocheninsuffizienz\">LESEN SIE MEHR<\/a>    <\/div>  <\/div><\/div><div class=\"col-md-6 col-lg-3 text-center d-flex align-items-stretch\" data-aos=\"flip-right\" data-aos-delay=\"100\" data-aos-duration=\"1000\">  <div class=\"services-2\">    <div class=\"icon\"><span class=\"flaticon-dental-care-1\"><\/span><\/div>    <div class=\"text\">      <h2>Schnell &#038; Feste Methode<\/h2>      <p>Bei der fast&fixed-Methode werden sowohl das Einsetzen der Implantate als auch das Einsetzen der Z\u00e4hne auf diesen Implantaten am selben Tag durchgef\u00fchrt.<\/p>      <a class=\"btn btn-info\" href=\"https:\/\/kliniknisantasi.com\/de\/schnell-feste-methode\">LESEN SIE MEHR<\/a>    <\/div>  <\/div><\/div><div class=\"col-md-6 col-lg-3 text-center d-flex align-items-stretch\" data-aos=\"flip-right\" data-aos-delay=\"100\" data-aos-duration=\"1000\">  <div class=\"services-2\">    <div class=\"icon\"><span class=\"flaticon-dental-review\"><\/span><\/div>    <div class=\"text\">      <h2>Verst\u00e4rkung der kieferorthop\u00e4dischen Therapie<\/h2>      <p>Bei der kieferorthop\u00e4dischen Behandlung zur Verst\u00e4rkung wird die Position der Z\u00e4hne nach der Zahnspange beibehalten. Sie dauert 12-24 Monate oder bei Bedarf l\u00e4nger.<\/p>      <a class=\"btn btn-info\" href=\"https:\/\/kliniknisantasi.com\/de\/verstarkung-der-kieferorthopadischen-therapie\">LESEN SIE MEHR<\/a>    <\/div>  <\/div><\/div><div class=\"col-md-6 col-lg-3 text-center d-flex align-items-stretch\" data-aos=\"flip-right\" data-aos-delay=\"100\" data-aos-duration=\"1000\">  <div class=\"services-2\">    <div class=\"icon\"><span class=\"flaticon-clipboard-with-check-marks\"><\/span><\/div>    <div class=\"text\">      <h2>Erziehung zur Mundpflege<\/h2>      <p>Die f\u00fcr die Zahngesundheit so wichtige Mundpflege sollte schon im Kleinkindalter beginnen. Eltern m\u00fcssen die ersten Z\u00e4hne von Babys putzen, und Kinder sollten ab dem ersten Lebensjahr unter elterlicher Aufsicht bis zum zehnten Lebensjahr putzen.<\/p>      <a class=\"btn btn-info\" href=\"https:\/\/kliniknisantasi.com\/de\/erziehung-zur-mundpflege\">LESEN SIE MEHR<\/a>    <\/div>  <\/div><\/div><\/div>\n<\/div>\n<\/section>\n","protected":false},"excerpt":{"rendered":"","protected":false},"author":1,"featured_media":0,"parent":0,"menu_order":0,"comment_status":"closed","ping_status":"closed","template":"page-sablon.php","meta":{"footnotes":""},"class_list":["post-50","page","type-page","status-publish","hentry"],"yoast_head":"<!-- This site is optimized with the Yoast SEO plugin v25.4 - https:\/\/yoast.com\/wordpress\/plugins\/seo\/ -->\n<title>Unser Service - Klinik Ni\u015fanta\u015f\u0131 - Klinik f\u00fcr Mund- und Zahnheilkunde<\/title>\n<meta name=\"description\" content=\"Die 2021 von Dr. Erdi \u0130\u00e7en gegr\u00fcndete Klinik Ni\u015fanta\u015f\u0131 bietet eine Reihe von Zahn- und Mundgesundheitsdienstleistungen an.\" \/>\n<meta name=\"robots\" content=\"index, follow, max-snippet:-1, max-image-preview:large, max-video-preview:-1\" \/>\n<link rel=\"canonical\" href=\"https:\/\/kliniknisantasi.com\/de\/unser-service\" \/>\n<meta property=\"og:locale\" content=\"tr_TR\" \/>\n<meta property=\"og:type\" content=\"article\" \/>\n<meta property=\"og:title\" content=\"Unser Service - Klinik Ni\u015fanta\u015f\u0131 - Klinik f\u00fcr Mund- und Zahnheilkunde\" \/>\n<meta property=\"og:description\" content=\"Die 2021 von Dr. Erdi \u0130\u00e7en gegr\u00fcndete Klinik Ni\u015fanta\u015f\u0131 bietet eine Reihe von Zahn- und Mundgesundheitsdienstleistungen an.\" \/>\n<meta property=\"og:url\" content=\"https:\/\/kliniknisantasi.com\/de\/unser-service\" \/>\n<meta property=\"og:site_name\" content=\"Klinik Ni\u015fanta\u015f\u0131 - Klinik f\u00fcr Mund- und Zahnheilkunde\" \/>\n<meta property=\"article:modified_time\" content=\"2024-02-27T21:21:28+00:00\" \/>\n<meta name=\"twitter:card\" content=\"summary_large_image\" \/>\n<meta name=\"twitter:label1\" content=\"Tahmini okuma s\u00fcresi\" \/>\n\t<meta name=\"twitter:data1\" content=\"1 dakika\" \/>\n<script type=\"application\/ld+json\" class=\"yoast-schema-graph\">{\"@context\":\"https:\/\/schema.org\",\"@graph\":[{\"@type\":\"WebPage\",\"@id\":\"https:\/\/kliniknisantasi.com\/de\/unser-service\",\"url\":\"https:\/\/kliniknisantasi.com\/de\/unser-service\",\"name\":\"Unser Service - Klinik Ni\u015fanta\u015f\u0131 - Klinik f\u00fcr Mund- und Zahnheilkunde\",\"isPartOf\":{\"@id\":\"https:\/\/kliniknisantasi.com\/de\/#website\"},\"datePublished\":\"2023-12-07T20:29:03+00:00\",\"dateModified\":\"2024-02-27T21:21:28+00:00\",\"description\":\"Die 2021 von Dr. Erdi \u0130\u00e7en gegr\u00fcndete Klinik Ni\u015fanta\u015f\u0131 bietet eine Reihe von Zahn- und Mundgesundheitsdienstleistungen an.\",\"breadcrumb\":{\"@id\":\"https:\/\/kliniknisantasi.com\/de\/unser-service#breadcrumb\"},\"inLanguage\":\"tr\",\"potentialAction\":[{\"@type\":\"ReadAction\",\"target\":[\"https:\/\/kliniknisantasi.com\/de\/unser-service\"]}]},{\"@type\":\"BreadcrumbList\",\"@id\":\"https:\/\/kliniknisantasi.com\/de\/unser-service#breadcrumb\",\"itemListElement\":[{\"@type\":\"ListItem\",\"position\":1,\"name\":\"Anasayfa\",\"item\":\"https:\/\/kliniknisantasi.com\/de\/\"},{\"@type\":\"ListItem\",\"position\":2,\"name\":\"Unser Service\"}]},{\"@type\":\"WebSite\",\"@id\":\"https:\/\/kliniknisantasi.com\/de\/#website\",\"url\":\"https:\/\/kliniknisantasi.com\/de\/\",\"name\":\"Klinik Ni\u015fanta\u015f\u0131 - Klinik f\u00fcr Mund- und Zahnheilkunde\",\"description\":\"Die Klinik Ni\u015fanta\u015f\u0131 steht Ihnen mit ihrem fachkundigen \u00c4rzteteam zur Verf\u00fcgung. Kieferorthop\u00e4die | Implantologie | \u00c4sthetische Zahnheilkunde | Kieferchirurgie | Kinderzahnheilkunde | Parodontologie | Termin vereinbaren\",\"potentialAction\":[{\"@type\":\"SearchAction\",\"target\":{\"@type\":\"EntryPoint\",\"urlTemplate\":\"https:\/\/kliniknisantasi.com\/de\/?s={search_term_string}\"},\"query-input\":{\"@type\":\"PropertyValueSpecification\",\"valueRequired\":true,\"valueName\":\"search_term_string\"}}],\"inLanguage\":\"tr\"}]}<\/script>\n<!-- \/ Yoast SEO plugin. -->","yoast_head_json":{"title":"Unser Service - Klinik Ni\u015fanta\u015f\u0131 - Klinik f\u00fcr Mund- und Zahnheilkunde","description":"Die 2021 von Dr. Erdi \u0130\u00e7en gegr\u00fcndete Klinik Ni\u015fanta\u015f\u0131 bietet eine Reihe von Zahn- und Mundgesundheitsdienstleistungen an.","robots":{"index":"index","follow":"follow","max-snippet":"max-snippet:-1","max-image-preview":"max-image-preview:large","max-video-preview":"max-video-preview:-1"},"canonical":"https:\/\/kliniknisantasi.com\/de\/unser-service","og_locale":"tr_TR","og_type":"article","og_title":"Unser Service - Klinik Ni\u015fanta\u015f\u0131 - Klinik f\u00fcr Mund- und Zahnheilkunde","og_description":"Die 2021 von Dr. Erdi \u0130\u00e7en gegr\u00fcndete Klinik Ni\u015fanta\u015f\u0131 bietet eine Reihe von Zahn- und Mundgesundheitsdienstleistungen an.","og_url":"https:\/\/kliniknisantasi.com\/de\/unser-service","og_site_name":"Klinik Ni\u015fanta\u015f\u0131 - Klinik f\u00fcr Mund- und Zahnheilkunde","article_modified_time":"2024-02-27T21:21:28+00:00","twitter_card":"summary_large_image","twitter_misc":{"Tahmini okuma s\u00fcresi":"1 dakika"},"schema":{"@context":"https:\/\/schema.org","@graph":[{"@type":"WebPage","@id":"https:\/\/kliniknisantasi.com\/de\/unser-service","url":"https:\/\/kliniknisantasi.com\/de\/unser-service","name":"Unser Service - Klinik Ni\u015fanta\u015f\u0131 - Klinik f\u00fcr Mund- und Zahnheilkunde","isPartOf":{"@id":"https:\/\/kliniknisantasi.com\/de\/#website"},"datePublished":"2023-12-07T20:29:03+00:00","dateModified":"2024-02-27T21:21:28+00:00","description":"Die 2021 von Dr. Erdi \u0130\u00e7en gegr\u00fcndete Klinik Ni\u015fanta\u015f\u0131 bietet eine Reihe von Zahn- und Mundgesundheitsdienstleistungen an.","breadcrumb":{"@id":"https:\/\/kliniknisantasi.com\/de\/unser-service#breadcrumb"},"inLanguage":"tr","potentialAction":[{"@type":"ReadAction","target":["https:\/\/kliniknisantasi.com\/de\/unser-service"]}]},{"@type":"BreadcrumbList","@id":"https:\/\/kliniknisantasi.com\/de\/unser-service#breadcrumb","itemListElement":[{"@type":"ListItem","position":1,"name":"Anasayfa","item":"https:\/\/kliniknisantasi.com\/de\/"},{"@type":"ListItem","position":2,"name":"Unser Service"}]},{"@type":"WebSite","@id":"https:\/\/kliniknisantasi.com\/de\/#website","url":"https:\/\/kliniknisantasi.com\/de\/","name":"Klinik Ni\u015fanta\u015f\u0131 - Klinik f\u00fcr Mund- und Zahnheilkunde","description":"Die Klinik Ni\u015fanta\u015f\u0131 steht Ihnen mit ihrem fachkundigen \u00c4rzteteam zur Verf\u00fcgung. Kieferorthop\u00e4die | Implantologie | \u00c4sthetische Zahnheilkunde | Kieferchirurgie | Kinderzahnheilkunde | Parodontologie | Termin vereinbaren","potentialAction":[{"@type":"SearchAction","target":{"@type":"EntryPoint","urlTemplate":"https:\/\/kliniknisantasi.com\/de\/?s={search_term_string}"},"query-input":{"@type":"PropertyValueSpecification","valueRequired":true,"valueName":"search_term_string"}}],"inLanguage":"tr"}]}},"_links":{"self":[{"href":"https:\/\/kliniknisantasi.com\/de\/wp-json\/wp\/v2\/pages\/50","targetHints":{"allow":["GET"]}}],"collection":[{"href":"https:\/\/kliniknisantasi.com\/de\/wp-json\/wp\/v2\/pages"}],"about":[{"href":"https:\/\/kliniknisantasi.com\/de\/wp-json\/wp\/v2\/types\/page"}],"author":[{"embeddable":true,"href":"https:\/\/kliniknisantasi.com\/de\/wp-json\/wp\/v2\/users\/1"}],"replies":[{"embeddable":true,"href":"https:\/\/kliniknisantasi.com\/de\/wp-json\/wp\/v2\/comments?post=50"}],"version-history":[{"count":1,"href":"https:\/\/kliniknisantasi.com\/de\/wp-json\/wp\/v2\/pages\/50\/revisions"}],"predecessor-version":[{"id":509,"href":"https:\/\/kliniknisantasi.com\/de\/wp-json\/wp\/v2\/pages\/50\/revisions\/509"}],"wp:attachment":[{"href":"https:\/\/kliniknisantasi.com\/de\/wp-json\/wp\/v2\/media?parent=50"}],"curies":[{"name":"wp","href":"https:\/\/api.w.org\/{rel}","templated":true}]}}