{"id":6,"date":"2023-11-02T21:25:36","date_gmt":"2023-11-02T18:25:36","guid":{"rendered":"https:\/\/kliniknisantasi.com\/en\/?page_id=6"},"modified":"2024-02-28T00:09:49","modified_gmt":"2024-02-27T21:09:49","slug":"home","status":"publish","type":"page","link":"https:\/\/kliniknisantasi.com\/de\/","title":{"rendered":"Startseite"},"content":{"rendered":"","protected":false},"excerpt":{"rendered":"","protected":false},"author":1,"featured_media":0,"parent":0,"menu_order":0,"comment_status":"closed","ping_status":"closed","template":"","meta":{"footnotes":""},"class_list":["post-6","page","type-page","status-publish","hentry"],"yoast_head":"<!-- This site is optimized with the Yoast SEO plugin v25.4 - https:\/\/yoast.com\/wordpress\/plugins\/seo\/ -->\n<title>Startseite - Klinik Ni\u015fanta\u015f\u0131 - Klinik f\u00fcr Mund- und Zahnheilkunde<\/title>\n<meta name=\"robots\" content=\"index, follow, max-snippet:-1, max-image-preview:large, max-video-preview:-1\" \/>\n<link rel=\"canonical\" href=\"https:\/\/kliniknisantasi.com\/de\/\" \/>\n<meta property=\"og:locale\" content=\"tr_TR\" \/>\n<meta property=\"og:type\" content=\"article\" \/>\n<meta property=\"og:title\" content=\"Startseite - Klinik Ni\u015fanta\u015f\u0131 - Klinik f\u00fcr Mund- und Zahnheilkunde\" \/>\n<meta property=\"og:url\" content=\"https:\/\/kliniknisantasi.com\/de\/\" \/>\n<meta property=\"og:site_name\" content=\"Klinik Ni\u015fanta\u015f\u0131 - Klinik f\u00fcr Mund- und Zahnheilkunde\" \/>\n<meta property=\"article:modified_time\" content=\"2024-02-27T21:09:49+00:00\" \/>\n<meta name=\"twitter:card\" content=\"summary_large_image\" \/>\n<script type=\"application\/ld+json\" class=\"yoast-schema-graph\">{\"@context\":\"https:\/\/schema.org\",\"@graph\":[{\"@type\":\"WebPage\",\"@id\":\"https:\/\/kliniknisantasi.com\/de\/\",\"url\":\"https:\/\/kliniknisantasi.com\/de\/\",\"name\":\"Startseite - Klinik Ni\u015fanta\u015f\u0131 - Klinik f\u00fcr Mund- und Zahnheilkunde\",\"isPartOf\":{\"@id\":\"https:\/\/kliniknisantasi.com\/de\/#website\"},\"datePublished\":\"2023-11-02T18:25:36+00:00\",\"dateModified\":\"2024-02-27T21:09:49+00:00\",\"breadcrumb\":{\"@id\":\"https:\/\/kliniknisantasi.com\/de\/#breadcrumb\"},\"inLanguage\":\"tr\",\"potentialAction\":[{\"@type\":\"ReadAction\",\"target\":[\"https:\/\/kliniknisantasi.com\/de\/\"]}]},{\"@type\":\"BreadcrumbList\",\"@id\":\"https:\/\/kliniknisantasi.com\/de\/#breadcrumb\",\"itemListElement\":[{\"@type\":\"ListItem\",\"position\":1,\"name\":\"Anasayfa\",\"item\":\"https:\/\/kliniknisantasi.com\/de\/\"},{\"@type\":\"ListItem\",\"position\":2,\"name\":\"Startseite\"}]},{\"@type\":\"WebSite\",\"@id\":\"https:\/\/kliniknisantasi.com\/de\/#website\",\"url\":\"https:\/\/kliniknisantasi.com\/de\/\",\"name\":\"Klinik Ni\u015fanta\u015f\u0131 - Klinik f\u00fcr Mund- und Zahnheilkunde\",\"description\":\"Die Klinik Ni\u015fanta\u015f\u0131 steht Ihnen mit ihrem fachkundigen \u00c4rzteteam zur Verf\u00fcgung. Kieferorthop\u00e4die | Implantologie | \u00c4sthetische Zahnheilkunde | Kieferchirurgie | Kinderzahnheilkunde | Parodontologie | Termin vereinbaren\",\"potentialAction\":[{\"@type\":\"SearchAction\",\"target\":{\"@type\":\"EntryPoint\",\"urlTemplate\":\"https:\/\/kliniknisantasi.com\/de\/?s={search_term_string}\"},\"query-input\":{\"@type\":\"PropertyValueSpecification\",\"valueRequired\":true,\"valueName\":\"search_term_string\"}}],\"inLanguage\":\"tr\"}]}<\/script>\n<!-- \/ Yoast SEO plugin. -->","yoast_head_json":{"title":"Startseite - Klinik Ni\u015fanta\u015f\u0131 - Klinik f\u00fcr Mund- und Zahnheilkunde","robots":{"index":"index","follow":"follow","max-snippet":"max-snippet:-1","max-image-preview":"max-image-preview:large","max-video-preview":"max-video-preview:-1"},"canonical":"https:\/\/kliniknisantasi.com\/de\/","og_locale":"tr_TR","og_type":"article","og_title":"Startseite - Klinik Ni\u015fanta\u015f\u0131 - Klinik f\u00fcr Mund- und Zahnheilkunde","og_url":"https:\/\/kliniknisantasi.com\/de\/","og_site_name":"Klinik Ni\u015fanta\u015f\u0131 - Klinik f\u00fcr Mund- und Zahnheilkunde","article_modified_time":"2024-02-27T21:09:49+00:00","twitter_card":"summary_large_image","schema":{"@context":"https:\/\/schema.org","@graph":[{"@type":"WebPage","@id":"https:\/\/kliniknisantasi.com\/de\/","url":"https:\/\/kliniknisantasi.com\/de\/","name":"Startseite - Klinik Ni\u015fanta\u015f\u0131 - Klinik f\u00fcr Mund- und Zahnheilkunde","isPartOf":{"@id":"https:\/\/kliniknisantasi.com\/de\/#website"},"datePublished":"2023-11-02T18:25:36+00:00","dateModified":"2024-02-27T21:09:49+00:00","breadcrumb":{"@id":"https:\/\/kliniknisantasi.com\/de\/#breadcrumb"},"inLanguage":"tr","potentialAction":[{"@type":"ReadAction","target":["https:\/\/kliniknisantasi.com\/de\/"]}]},{"@type":"BreadcrumbList","@id":"https:\/\/kliniknisantasi.com\/de\/#breadcrumb","itemListElement":[{"@type":"ListItem","position":1,"name":"Anasayfa","item":"https:\/\/kliniknisantasi.com\/de\/"},{"@type":"ListItem","position":2,"name":"Startseite"}]},{"@type":"WebSite","@id":"https:\/\/kliniknisantasi.com\/de\/#website","url":"https:\/\/kliniknisantasi.com\/de\/","name":"Klinik Ni\u015fanta\u015f\u0131 - Klinik f\u00fcr Mund- und Zahnheilkunde","description":"Die Klinik Ni\u015fanta\u015f\u0131 steht Ihnen mit ihrem fachkundigen \u00c4rzteteam zur Verf\u00fcgung. Kieferorthop\u00e4die | Implantologie | \u00c4sthetische Zahnheilkunde | Kieferchirurgie | Kinderzahnheilkunde | Parodontologie | Termin vereinbaren","potentialAction":[{"@type":"SearchAction","target":{"@type":"EntryPoint","urlTemplate":"https:\/\/kliniknisantasi.com\/de\/?s={search_term_string}"},"query-input":{"@type":"PropertyValueSpecification","valueRequired":true,"valueName":"search_term_string"}}],"inLanguage":"tr"}]}},"_links":{"self":[{"href":"https:\/\/kliniknisantasi.com\/de\/wp-json\/wp\/v2\/pages\/6","targetHints":{"allow":["GET"]}}],"collection":[{"href":"https:\/\/kliniknisantasi.com\/de\/wp-json\/wp\/v2\/pages"}],"about":[{"href":"https:\/\/kliniknisantasi.com\/de\/wp-json\/wp\/v2\/types\/page"}],"author":[{"embeddable":true,"href":"https:\/\/kliniknisantasi.com\/de\/wp-json\/wp\/v2\/users\/1"}],"replies":[{"embeddable":true,"href":"https:\/\/kliniknisantasi.com\/de\/wp-json\/wp\/v2\/comments?post=6"}],"version-history":[{"count":1,"href":"https:\/\/kliniknisantasi.com\/de\/wp-json\/wp\/v2\/pages\/6\/revisions"}],"predecessor-version":[{"id":505,"href":"https:\/\/kliniknisantasi.com\/de\/wp-json\/wp\/v2\/pages\/6\/revisions\/505"}],"wp:attachment":[{"href":"https:\/\/kliniknisantasi.com\/de\/wp-json\/wp\/v2\/media?parent=6"}],"curies":[{"name":"wp","href":"https:\/\/api.w.org\/{rel}","templated":true}]}}