{"id":18,"date":"2023-12-07T22:30:26","date_gmt":"2023-12-07T19:30:26","guid":{"rendered":"https:\/\/kliniknisantasi.com\/en\/?page_id=18"},"modified":"2023-12-10T16:07:56","modified_gmt":"2023-12-10T13:07:56","slug":"dr-erdi-icen","status":"publish","type":"page","link":"https:\/\/kliniknisantasi.com\/en\/our-doctors\/dr-erdi-icen","title":{"rendered":"Dr. Erdi \u0130\u00e7en"},"content":{"rendered":"<div id=\"tm-heading-6519464263127\" class=\"tm-heading left tm-animation move-up animate\">\n<div id=\"tm-heading-6519b4e3d8777\" class=\"tm-heading left tm-animation move-up animate\">\n<h3 class=\"heading\">Dr. Erdi \u0130\u00e7en<\/h3>\n<\/div>\n<div id=\"tm-spacer-6519b4e3d8dc5\" class=\"tm-spacer\">\n<p><strong>Orthodontist<\/strong><\/p>\n<\/div>\n<\/div>\n<div id=\"tm-heading-6519b4e3dc6e6\" class=\"tm-heading left tm-animation move-up animate\">\n<p>Dr. Erdi \u0130\u00e7en received his specialty training in orthodontics and is the founder of Klinik Ni\u015fanta\u015f\u0131.<\/p>\n<\/div>\n<div id=\"tm-spacer-6519b4e3dcf9a\" class=\"tm-spacer\"><\/div>\n<div id=\"tm-heading-6519b4e3dd45a\" class=\"tm-heading left tm-animation move-up animate\">\n<div class=\"heading\">\n<p>Dr. Erdi \u0130\u00e7en was born in 1989 in Istanbul. After completing his high school education at Sak\u0131p Sabanc\u0131 Anadolu High School, he began his higher education at the Faculty of Dentistry, Istanbul University. He graduated in 2012 with a degree in dentistry and worked as a dentist for a while before beginning orthodontic specialty training at the Orthodontics Department of B\u00fclent Ecevit University Faculty of Dentistry. He graduated as a specialist doctor in 2018 and started working as an orthodontic specialist at various clinics. In 2021, he founded Klinik Ni\u015fanta\u015f\u0131. Dr. Erdi \u0130\u00e7en is married and fluent in English.<\/p>\n<\/div>\n<\/div>\n<div id=\"tm-spacer-6519b4e3dda01\" class=\"tm-spacer\"><\/div>\n<div id=\"tm-heading-6519b4e3dde20\" class=\"tm-heading left tm-animation move-up animate\">\n<h3>CONGRESSES AND COURSES ATTENDED<\/h3>\n<ol>\n<li>Damon Mechanics with TAD\u2019s (Istanbul 2015)<\/li>\n<li>Inter-Arch Treatment Mechanics, Part I \u2013 Class II Treatment (2015 Istanbul)<\/li>\n<li>14th International World Federation of Orthodontics Congress (London-2015)<\/li>\n<li>92nd European Orthodontic Society Congress (Stockholm-2016)<\/li>\n<li>Tooth Transplantation Congress (Sopot-2016)<\/li>\n<li>16th International Turkish Orthodontic Society Congress (Izmir 2018)<\/li>\n<li>14th International Turkish Orthodontic Society Congress (Ankara 2018)<\/li>\n<li>Orthodontist&#8217;s Logbook I Course, Prof. Dr. Korkmaz Say\u0131nsu (Istanbul 2018)<\/li>\n<li>Introduction to Lingual Treatment: Showcase Adjustment (Istanbul 2019)<\/li>\n<li>Orthodontist&#8217;s Logbook II Course, Prof. Dr. Korkmaz Say\u0131nsu (Istanbul 2019)<\/li>\n<li>Open Air Lingual Conversations I (Istanbul 2020)<\/li>\n<\/ol>\n<\/div>\n","protected":false},"excerpt":{"rendered":"<p>Dr. Erdi \u0130\u00e7en Orthodontist Dr. Erdi \u0130\u00e7en received his specialty training in orthodontics and is the founder of Klinik Ni\u015fanta\u015f\u0131. Dr. Erdi \u0130\u00e7en was born in 1989 in Istanbul. After completing his high school education at Sak\u0131p Sabanc\u0131 Anadolu High School, he began his higher education at the Faculty of Dentistry, Istanbul University. He graduated [&hellip;]<\/p>\n","protected":false},"author":1,"featured_media":21,"parent":9,"menu_order":0,"comment_status":"closed","ping_status":"closed","template":"single-sablon.php","meta":{"footnotes":""},"class_list":["post-18","page","type-page","status-publish","has-post-thumbnail","hentry"],"yoast_head":"<!-- This site is optimized with the Yoast SEO plugin v25.4 - https:\/\/yoast.com\/wordpress\/plugins\/seo\/ -->\n<title>Dr. Erdi \u0130\u00e7en - Klinic Ni\u015fanta\u015f\u0131 - Oral and Dental Health Clinic<\/title>\n<meta name=\"description\" content=\"Dr. Erdi \u0130\u00e7en Dr. Erdi \u0130\u00e7en received his specialty training in orthodontics and is the founder of Klinik Ni\u015fanta\u015f\u0131.\" \/>\n<meta name=\"robots\" content=\"index, follow, max-snippet:-1, max-image-preview:large, max-video-preview:-1\" \/>\n<link rel=\"canonical\" href=\"https:\/\/kliniknisantasi.com\/en\/our-doctors\/dr-erdi-icen\" \/>\n<meta property=\"og:locale\" content=\"tr_TR\" \/>\n<meta property=\"og:type\" content=\"article\" \/>\n<meta property=\"og:title\" content=\"Dr. Erdi \u0130\u00e7en - Klinic Ni\u015fanta\u015f\u0131 - Oral and Dental Health Clinic\" \/>\n<meta property=\"og:description\" content=\"Dr. Erdi \u0130\u00e7en Dr. Erdi \u0130\u00e7en received his specialty training in orthodontics and is the founder of Klinik Ni\u015fanta\u015f\u0131.\" \/>\n<meta property=\"og:url\" content=\"https:\/\/kliniknisantasi.com\/en\/our-doctors\/dr-erdi-icen\" \/>\n<meta property=\"og:site_name\" content=\"Klinic Ni\u015fanta\u015f\u0131 - Oral and Dental Health Clinic\" \/>\n<meta property=\"article:modified_time\" content=\"2023-12-10T13:07:56+00:00\" \/>\n<meta property=\"og:image\" content=\"https:\/\/kliniknisantasi.com\/en\/wp-content\/uploads\/sites\/2\/2023\/12\/dr_erdi_icen_photo_1923.webp\" \/>\n\t<meta property=\"og:image:width\" content=\"453\" \/>\n\t<meta property=\"og:image:height\" content=\"551\" \/>\n\t<meta property=\"og:image:type\" content=\"image\/webp\" \/>\n<meta name=\"twitter:card\" content=\"summary_large_image\" \/>\n<meta name=\"twitter:label1\" content=\"Tahmini okuma s\u00fcresi\" \/>\n\t<meta name=\"twitter:data1\" content=\"2 dakika\" \/>\n<script type=\"application\/ld+json\" class=\"yoast-schema-graph\">{\"@context\":\"https:\/\/schema.org\",\"@graph\":[{\"@type\":\"WebPage\",\"@id\":\"https:\/\/kliniknisantasi.com\/en\/our-doctors\/dr-erdi-icen\",\"url\":\"https:\/\/kliniknisantasi.com\/en\/our-doctors\/dr-erdi-icen\",\"name\":\"Dr. Erdi \u0130\u00e7en - Klinic Ni\u015fanta\u015f\u0131 - Oral and Dental Health Clinic\",\"isPartOf\":{\"@id\":\"https:\/\/kliniknisantasi.com\/en\/#website\"},\"primaryImageOfPage\":{\"@id\":\"https:\/\/kliniknisantasi.com\/en\/our-doctors\/dr-erdi-icen#primaryimage\"},\"image\":{\"@id\":\"https:\/\/kliniknisantasi.com\/en\/our-doctors\/dr-erdi-icen#primaryimage\"},\"thumbnailUrl\":\"https:\/\/kliniknisantasi.com\/en\/wp-content\/uploads\/sites\/2\/2023\/12\/dr_erdi_icen_photo_1923.webp\",\"datePublished\":\"2023-12-07T19:30:26+00:00\",\"dateModified\":\"2023-12-10T13:07:56+00:00\",\"description\":\"Dr. Erdi \u0130\u00e7en Dr. Erdi \u0130\u00e7en received his specialty training in orthodontics and is the founder of Klinik Ni\u015fanta\u015f\u0131.\",\"breadcrumb\":{\"@id\":\"https:\/\/kliniknisantasi.com\/en\/our-doctors\/dr-erdi-icen#breadcrumb\"},\"inLanguage\":\"tr\",\"potentialAction\":[{\"@type\":\"ReadAction\",\"target\":[\"https:\/\/kliniknisantasi.com\/en\/our-doctors\/dr-erdi-icen\"]}]},{\"@type\":\"ImageObject\",\"inLanguage\":\"tr\",\"@id\":\"https:\/\/kliniknisantasi.com\/en\/our-doctors\/dr-erdi-icen#primaryimage\",\"url\":\"https:\/\/kliniknisantasi.com\/en\/wp-content\/uploads\/sites\/2\/2023\/12\/dr_erdi_icen_photo_1923.webp\",\"contentUrl\":\"https:\/\/kliniknisantasi.com\/en\/wp-content\/uploads\/sites\/2\/2023\/12\/dr_erdi_icen_photo_1923.webp\",\"width\":453,\"height\":551,\"caption\":\"Dr. Erdi \u0130\u00c7EN\"},{\"@type\":\"BreadcrumbList\",\"@id\":\"https:\/\/kliniknisantasi.com\/en\/our-doctors\/dr-erdi-icen#breadcrumb\",\"itemListElement\":[{\"@type\":\"ListItem\",\"position\":1,\"name\":\"Anasayfa\",\"item\":\"https:\/\/kliniknisantasi.com\/en\/\"},{\"@type\":\"ListItem\",\"position\":2,\"name\":\"Our Doctors\",\"item\":\"https:\/\/kliniknisantasi.com\/en\/our-doctors\"},{\"@type\":\"ListItem\",\"position\":3,\"name\":\"Dr. Erdi \u0130\u00e7en\"}]},{\"@type\":\"WebSite\",\"@id\":\"https:\/\/kliniknisantasi.com\/en\/#website\",\"url\":\"https:\/\/kliniknisantasi.com\/en\/\",\"name\":\"Klinic Ni\u015fanta\u015f\u0131 - Oral and Dental Health Clinic\",\"description\":\"Klinik Ni\u015fanta\u015f\u0131 is at your service with its expert physician staff. Orthodontics | Implant | Aesthetic Dentistry | Maxillofacial Surgery | Pedodontics | Periodontology | Make an Appointment\",\"potentialAction\":[{\"@type\":\"SearchAction\",\"target\":{\"@type\":\"EntryPoint\",\"urlTemplate\":\"https:\/\/kliniknisantasi.com\/en\/?s={search_term_string}\"},\"query-input\":{\"@type\":\"PropertyValueSpecification\",\"valueRequired\":true,\"valueName\":\"search_term_string\"}}],\"inLanguage\":\"tr\"}]}<\/script>\n<!-- \/ Yoast SEO plugin. -->","yoast_head_json":{"title":"Dr. Erdi \u0130\u00e7en - Klinic Ni\u015fanta\u015f\u0131 - Oral and Dental Health Clinic","description":"Dr. Erdi \u0130\u00e7en Dr. Erdi \u0130\u00e7en received his specialty training in orthodontics and is the founder of Klinik Ni\u015fanta\u015f\u0131.","robots":{"index":"index","follow":"follow","max-snippet":"max-snippet:-1","max-image-preview":"max-image-preview:large","max-video-preview":"max-video-preview:-1"},"canonical":"https:\/\/kliniknisantasi.com\/en\/our-doctors\/dr-erdi-icen","og_locale":"tr_TR","og_type":"article","og_title":"Dr. Erdi \u0130\u00e7en - Klinic Ni\u015fanta\u015f\u0131 - Oral and Dental Health Clinic","og_description":"Dr. Erdi \u0130\u00e7en Dr. Erdi \u0130\u00e7en received his specialty training in orthodontics and is the founder of Klinik Ni\u015fanta\u015f\u0131.","og_url":"https:\/\/kliniknisantasi.com\/en\/our-doctors\/dr-erdi-icen","og_site_name":"Klinic Ni\u015fanta\u015f\u0131 - Oral and Dental Health Clinic","article_modified_time":"2023-12-10T13:07:56+00:00","og_image":[{"width":453,"height":551,"url":"https:\/\/kliniknisantasi.com\/en\/wp-content\/uploads\/sites\/2\/2023\/12\/dr_erdi_icen_photo_1923.webp","type":"image\/webp"}],"twitter_card":"summary_large_image","twitter_misc":{"Tahmini okuma s\u00fcresi":"2 dakika"},"schema":{"@context":"https:\/\/schema.org","@graph":[{"@type":"WebPage","@id":"https:\/\/kliniknisantasi.com\/en\/our-doctors\/dr-erdi-icen","url":"https:\/\/kliniknisantasi.com\/en\/our-doctors\/dr-erdi-icen","name":"Dr. Erdi \u0130\u00e7en - Klinic Ni\u015fanta\u015f\u0131 - Oral and Dental Health Clinic","isPartOf":{"@id":"https:\/\/kliniknisantasi.com\/en\/#website"},"primaryImageOfPage":{"@id":"https:\/\/kliniknisantasi.com\/en\/our-doctors\/dr-erdi-icen#primaryimage"},"image":{"@id":"https:\/\/kliniknisantasi.com\/en\/our-doctors\/dr-erdi-icen#primaryimage"},"thumbnailUrl":"https:\/\/kliniknisantasi.com\/en\/wp-content\/uploads\/sites\/2\/2023\/12\/dr_erdi_icen_photo_1923.webp","datePublished":"2023-12-07T19:30:26+00:00","dateModified":"2023-12-10T13:07:56+00:00","description":"Dr. Erdi \u0130\u00e7en Dr. Erdi \u0130\u00e7en received his specialty training in orthodontics and is the founder of Klinik Ni\u015fanta\u015f\u0131.","breadcrumb":{"@id":"https:\/\/kliniknisantasi.com\/en\/our-doctors\/dr-erdi-icen#breadcrumb"},"inLanguage":"tr","potentialAction":[{"@type":"ReadAction","target":["https:\/\/kliniknisantasi.com\/en\/our-doctors\/dr-erdi-icen"]}]},{"@type":"ImageObject","inLanguage":"tr","@id":"https:\/\/kliniknisantasi.com\/en\/our-doctors\/dr-erdi-icen#primaryimage","url":"https:\/\/kliniknisantasi.com\/en\/wp-content\/uploads\/sites\/2\/2023\/12\/dr_erdi_icen_photo_1923.webp","contentUrl":"https:\/\/kliniknisantasi.com\/en\/wp-content\/uploads\/sites\/2\/2023\/12\/dr_erdi_icen_photo_1923.webp","width":453,"height":551,"caption":"Dr. Erdi \u0130\u00c7EN"},{"@type":"BreadcrumbList","@id":"https:\/\/kliniknisantasi.com\/en\/our-doctors\/dr-erdi-icen#breadcrumb","itemListElement":[{"@type":"ListItem","position":1,"name":"Anasayfa","item":"https:\/\/kliniknisantasi.com\/en\/"},{"@type":"ListItem","position":2,"name":"Our Doctors","item":"https:\/\/kliniknisantasi.com\/en\/our-doctors"},{"@type":"ListItem","position":3,"name":"Dr. Erdi \u0130\u00e7en"}]},{"@type":"WebSite","@id":"https:\/\/kliniknisantasi.com\/en\/#website","url":"https:\/\/kliniknisantasi.com\/en\/","name":"Klinic Ni\u015fanta\u015f\u0131 - Oral and Dental Health Clinic","description":"Klinik Ni\u015fanta\u015f\u0131 is at your service with its expert physician staff. Orthodontics | Implant | Aesthetic Dentistry | Maxillofacial Surgery | Pedodontics | Periodontology | Make an Appointment","potentialAction":[{"@type":"SearchAction","target":{"@type":"EntryPoint","urlTemplate":"https:\/\/kliniknisantasi.com\/en\/?s={search_term_string}"},"query-input":{"@type":"PropertyValueSpecification","valueRequired":true,"valueName":"search_term_string"}}],"inLanguage":"tr"}]}},"_links":{"self":[{"href":"https:\/\/kliniknisantasi.com\/en\/wp-json\/wp\/v2\/pages\/18","targetHints":{"allow":["GET"]}}],"collection":[{"href":"https:\/\/kliniknisantasi.com\/en\/wp-json\/wp\/v2\/pages"}],"about":[{"href":"https:\/\/kliniknisantasi.com\/en\/wp-json\/wp\/v2\/types\/page"}],"author":[{"embeddable":true,"href":"https:\/\/kliniknisantasi.com\/en\/wp-json\/wp\/v2\/users\/1"}],"replies":[{"embeddable":true,"href":"https:\/\/kliniknisantasi.com\/en\/wp-json\/wp\/v2\/comments?post=18"}],"version-history":[{"count":5,"href":"https:\/\/kliniknisantasi.com\/en\/wp-json\/wp\/v2\/pages\/18\/revisions"}],"predecessor-version":[{"id":24,"href":"https:\/\/kliniknisantasi.com\/en\/wp-json\/wp\/v2\/pages\/18\/revisions\/24"}],"up":[{"embeddable":true,"href":"https:\/\/kliniknisantasi.com\/en\/wp-json\/wp\/v2\/pages\/9"}],"wp:featuredmedia":[{"embeddable":true,"href":"https:\/\/kliniknisantasi.com\/en\/wp-json\/wp\/v2\/media\/21"}],"wp:attachment":[{"href":"https:\/\/kliniknisantasi.com\/en\/wp-json\/wp\/v2\/media?parent=18"}],"curies":[{"name":"wp","href":"https:\/\/api.w.org\/{rel}","templated":true}]}}