{"id":30,"date":"2023-12-07T22:45:41","date_gmt":"2023-12-07T19:45:41","guid":{"rendered":"https:\/\/kliniknisantasi.com\/en\/?page_id=30"},"modified":"2023-12-07T22:45:41","modified_gmt":"2023-12-07T19:45:41","slug":"dr-omer-oner","status":"publish","type":"page","link":"https:\/\/kliniknisantasi.com\/en\/our-doctors\/dr-omer-oner","title":{"rendered":"Dr. \u00d6mer \u00d6ner"},"content":{"rendered":"<div id=\"tm-heading-6519464263127\" class=\"tm-heading left tm-animation move-up animate\">\n<div id=\"tm-heading-6519b4e3d8777\" class=\"tm-heading left tm-animation move-up animate\">\n<h3>Dr. \u00d6mer \u00d6ner<\/h3>\n<p><strong>Oral, Dental, and Maxillofacial Surgeon<\/strong><\/p>\n<\/div>\n<\/div>\n<div id=\"tm-heading-6519b4e3dc6e6\" class=\"tm-heading left tm-animation move-up animate\"><\/div>\n<div id=\"tm-spacer-6519b4e3dcf9a\" class=\"tm-spacer\">\n<h4>EDUCATION<\/h4>\n<ul>\n<li><strong>Biruni University, Faculty of Dentistry &#8211; Dentistry<\/strong> June 2015 &#8211; June 2020<\/li>\n<li><strong>\u0130\u00e7el Anatolian High School, Mersin<\/strong> September 2010 &#8211; June 2014<\/li>\n<\/ul>\n<h4>EXPERIENCE<\/h4>\n<ul>\n<li><strong>Klinik Ni\u015fanta\u015f\u0131, Istanbul &#8211; Cosmetic Dentist<\/strong> September 2023 &#8211; Present<\/li>\n<li><strong>\u015eengel Clinic Bomonti, Istanbul &#8211; Dentist<\/strong> November 2022 &#8211; September 2023<\/li>\n<li><strong>WhiteDent, Istanbul &#8211; Dentist<\/strong> May 2022 &#8211; November 2022<\/li>\n<li><strong>G\u00fcneydent Dental Clinic, Istanbul &#8211; Dentist<\/strong> September 2020 &#8211; April 2022<\/li>\n<li><strong>Natalia Lehmann &amp; Irina Lin Dental Practice, Berlin, Germany &#8211; Intern Dentist<\/strong> July 2017 &#8211; September 2017<\/li>\n<\/ul>\n<h4>SKILLS<\/h4>\n<ul>\n<li>Pediatric Dentistry<\/li>\n<li>Prosthodontics over Implants<\/li>\n<li>Cosmetic Dentistry<\/li>\n<\/ul>\n<\/div>\n","protected":false},"excerpt":{"rendered":"<p>Dr. \u00d6mer \u00d6ner Oral, Dental, and Maxillofacial Surgeon EDUCATION Biruni University, Faculty of Dentistry &#8211; Dentistry June 2015 &#8211; June 2020 \u0130\u00e7el Anatolian High School, Mersin September 2010 &#8211; June 2014 EXPERIENCE Klinik Ni\u015fanta\u015f\u0131, Istanbul &#8211; Cosmetic Dentist September 2023 &#8211; Present \u015eengel Clinic Bomonti, Istanbul &#8211; Dentist November 2022 &#8211; September 2023 WhiteDent, Istanbul [&hellip;]<\/p>\n","protected":false},"author":1,"featured_media":31,"parent":9,"menu_order":0,"comment_status":"closed","ping_status":"closed","template":"single-sablon.php","meta":{"footnotes":""},"class_list":["post-30","page","type-page","status-publish","has-post-thumbnail","hentry"],"yoast_head":"<!-- This site is optimized with the Yoast SEO plugin v25.4 - https:\/\/yoast.com\/wordpress\/plugins\/seo\/ -->\n<title>Dr. \u00d6mer \u00d6ner - Klinic Ni\u015fanta\u015f\u0131 - Oral and Dental Health Clinic<\/title>\n<meta name=\"description\" content=\"Dr. \u00d6mer \u00d6ner is an expert especially in implant surgeries, impacted wisdom teeth surgeries, cyst and tumor surgeries.\" \/>\n<meta name=\"robots\" content=\"index, follow, max-snippet:-1, max-image-preview:large, max-video-preview:-1\" \/>\n<link rel=\"canonical\" href=\"https:\/\/kliniknisantasi.com\/en\/our-doctors\/dr-omer-oner\" \/>\n<meta property=\"og:locale\" content=\"tr_TR\" \/>\n<meta property=\"og:type\" content=\"article\" \/>\n<meta property=\"og:title\" content=\"Dr. \u00d6mer \u00d6ner - Klinic Ni\u015fanta\u015f\u0131 - Oral and Dental Health Clinic\" \/>\n<meta property=\"og:description\" content=\"Dr. \u00d6mer \u00d6ner is an expert especially in implant surgeries, impacted wisdom teeth surgeries, cyst and tumor surgeries.\" \/>\n<meta property=\"og:url\" content=\"https:\/\/kliniknisantasi.com\/en\/our-doctors\/dr-omer-oner\" \/>\n<meta property=\"og:site_name\" content=\"Klinic Ni\u015fanta\u015f\u0131 - Oral and Dental Health Clinic\" \/>\n<meta property=\"og:image\" content=\"https:\/\/kliniknisantasi.com\/en\/wp-content\/uploads\/sites\/2\/2023\/12\/Omer_Oner.webp\" \/>\n\t<meta property=\"og:image:width\" content=\"295\" \/>\n\t<meta property=\"og:image:height\" content=\"386\" \/>\n\t<meta property=\"og:image:type\" content=\"image\/webp\" \/>\n<meta name=\"twitter:card\" content=\"summary_large_image\" \/>\n<meta name=\"twitter:label1\" content=\"Tahmini okuma s\u00fcresi\" \/>\n\t<meta name=\"twitter:data1\" content=\"1 dakika\" \/>\n<script type=\"application\/ld+json\" class=\"yoast-schema-graph\">{\"@context\":\"https:\/\/schema.org\",\"@graph\":[{\"@type\":\"WebPage\",\"@id\":\"https:\/\/kliniknisantasi.com\/en\/our-doctors\/dr-omer-oner\",\"url\":\"https:\/\/kliniknisantasi.com\/en\/our-doctors\/dr-omer-oner\",\"name\":\"Dr. \u00d6mer \u00d6ner - Klinic Ni\u015fanta\u015f\u0131 - Oral and Dental Health Clinic\",\"isPartOf\":{\"@id\":\"https:\/\/kliniknisantasi.com\/en\/#website\"},\"primaryImageOfPage\":{\"@id\":\"https:\/\/kliniknisantasi.com\/en\/our-doctors\/dr-omer-oner#primaryimage\"},\"image\":{\"@id\":\"https:\/\/kliniknisantasi.com\/en\/our-doctors\/dr-omer-oner#primaryimage\"},\"thumbnailUrl\":\"https:\/\/kliniknisantasi.com\/en\/wp-content\/uploads\/sites\/2\/2023\/12\/Omer_Oner.webp\",\"datePublished\":\"2023-12-07T19:45:41+00:00\",\"description\":\"Dr. \u00d6mer \u00d6ner is an expert especially in implant surgeries, impacted wisdom teeth surgeries, cyst and tumor surgeries.\",\"breadcrumb\":{\"@id\":\"https:\/\/kliniknisantasi.com\/en\/our-doctors\/dr-omer-oner#breadcrumb\"},\"inLanguage\":\"tr\",\"potentialAction\":[{\"@type\":\"ReadAction\",\"target\":[\"https:\/\/kliniknisantasi.com\/en\/our-doctors\/dr-omer-oner\"]}]},{\"@type\":\"ImageObject\",\"inLanguage\":\"tr\",\"@id\":\"https:\/\/kliniknisantasi.com\/en\/our-doctors\/dr-omer-oner#primaryimage\",\"url\":\"https:\/\/kliniknisantasi.com\/en\/wp-content\/uploads\/sites\/2\/2023\/12\/Omer_Oner.webp\",\"contentUrl\":\"https:\/\/kliniknisantasi.com\/en\/wp-content\/uploads\/sites\/2\/2023\/12\/Omer_Oner.webp\",\"width\":295,\"height\":386,\"caption\":\"Dr. \u00d6mer \u00d6ner\"},{\"@type\":\"BreadcrumbList\",\"@id\":\"https:\/\/kliniknisantasi.com\/en\/our-doctors\/dr-omer-oner#breadcrumb\",\"itemListElement\":[{\"@type\":\"ListItem\",\"position\":1,\"name\":\"Anasayfa\",\"item\":\"https:\/\/kliniknisantasi.com\/en\/\"},{\"@type\":\"ListItem\",\"position\":2,\"name\":\"Our Doctors\",\"item\":\"https:\/\/kliniknisantasi.com\/en\/our-doctors\"},{\"@type\":\"ListItem\",\"position\":3,\"name\":\"Dr. \u00d6mer \u00d6ner\"}]},{\"@type\":\"WebSite\",\"@id\":\"https:\/\/kliniknisantasi.com\/en\/#website\",\"url\":\"https:\/\/kliniknisantasi.com\/en\/\",\"name\":\"Klinic Ni\u015fanta\u015f\u0131 - Oral and Dental Health Clinic\",\"description\":\"Klinik Ni\u015fanta\u015f\u0131 is at your service with its expert physician staff. Orthodontics | Implant | Aesthetic Dentistry | Maxillofacial Surgery | Pedodontics | Periodontology | Make an Appointment\",\"potentialAction\":[{\"@type\":\"SearchAction\",\"target\":{\"@type\":\"EntryPoint\",\"urlTemplate\":\"https:\/\/kliniknisantasi.com\/en\/?s={search_term_string}\"},\"query-input\":{\"@type\":\"PropertyValueSpecification\",\"valueRequired\":true,\"valueName\":\"search_term_string\"}}],\"inLanguage\":\"tr\"}]}<\/script>\n<!-- \/ Yoast SEO plugin. -->","yoast_head_json":{"title":"Dr. \u00d6mer \u00d6ner - Klinic Ni\u015fanta\u015f\u0131 - Oral and Dental Health Clinic","description":"Dr. \u00d6mer \u00d6ner is an expert especially in implant surgeries, impacted wisdom teeth surgeries, cyst and tumor surgeries.","robots":{"index":"index","follow":"follow","max-snippet":"max-snippet:-1","max-image-preview":"max-image-preview:large","max-video-preview":"max-video-preview:-1"},"canonical":"https:\/\/kliniknisantasi.com\/en\/our-doctors\/dr-omer-oner","og_locale":"tr_TR","og_type":"article","og_title":"Dr. \u00d6mer \u00d6ner - Klinic Ni\u015fanta\u015f\u0131 - Oral and Dental Health Clinic","og_description":"Dr. \u00d6mer \u00d6ner is an expert especially in implant surgeries, impacted wisdom teeth surgeries, cyst and tumor surgeries.","og_url":"https:\/\/kliniknisantasi.com\/en\/our-doctors\/dr-omer-oner","og_site_name":"Klinic Ni\u015fanta\u015f\u0131 - Oral and Dental Health Clinic","og_image":[{"width":295,"height":386,"url":"https:\/\/kliniknisantasi.com\/en\/wp-content\/uploads\/sites\/2\/2023\/12\/Omer_Oner.webp","type":"image\/webp"}],"twitter_card":"summary_large_image","twitter_misc":{"Tahmini okuma s\u00fcresi":"1 dakika"},"schema":{"@context":"https:\/\/schema.org","@graph":[{"@type":"WebPage","@id":"https:\/\/kliniknisantasi.com\/en\/our-doctors\/dr-omer-oner","url":"https:\/\/kliniknisantasi.com\/en\/our-doctors\/dr-omer-oner","name":"Dr. \u00d6mer \u00d6ner - Klinic Ni\u015fanta\u015f\u0131 - Oral and Dental Health Clinic","isPartOf":{"@id":"https:\/\/kliniknisantasi.com\/en\/#website"},"primaryImageOfPage":{"@id":"https:\/\/kliniknisantasi.com\/en\/our-doctors\/dr-omer-oner#primaryimage"},"image":{"@id":"https:\/\/kliniknisantasi.com\/en\/our-doctors\/dr-omer-oner#primaryimage"},"thumbnailUrl":"https:\/\/kliniknisantasi.com\/en\/wp-content\/uploads\/sites\/2\/2023\/12\/Omer_Oner.webp","datePublished":"2023-12-07T19:45:41+00:00","description":"Dr. \u00d6mer \u00d6ner is an expert especially in implant surgeries, impacted wisdom teeth surgeries, cyst and tumor surgeries.","breadcrumb":{"@id":"https:\/\/kliniknisantasi.com\/en\/our-doctors\/dr-omer-oner#breadcrumb"},"inLanguage":"tr","potentialAction":[{"@type":"ReadAction","target":["https:\/\/kliniknisantasi.com\/en\/our-doctors\/dr-omer-oner"]}]},{"@type":"ImageObject","inLanguage":"tr","@id":"https:\/\/kliniknisantasi.com\/en\/our-doctors\/dr-omer-oner#primaryimage","url":"https:\/\/kliniknisantasi.com\/en\/wp-content\/uploads\/sites\/2\/2023\/12\/Omer_Oner.webp","contentUrl":"https:\/\/kliniknisantasi.com\/en\/wp-content\/uploads\/sites\/2\/2023\/12\/Omer_Oner.webp","width":295,"height":386,"caption":"Dr. \u00d6mer \u00d6ner"},{"@type":"BreadcrumbList","@id":"https:\/\/kliniknisantasi.com\/en\/our-doctors\/dr-omer-oner#breadcrumb","itemListElement":[{"@type":"ListItem","position":1,"name":"Anasayfa","item":"https:\/\/kliniknisantasi.com\/en\/"},{"@type":"ListItem","position":2,"name":"Our Doctors","item":"https:\/\/kliniknisantasi.com\/en\/our-doctors"},{"@type":"ListItem","position":3,"name":"Dr. \u00d6mer \u00d6ner"}]},{"@type":"WebSite","@id":"https:\/\/kliniknisantasi.com\/en\/#website","url":"https:\/\/kliniknisantasi.com\/en\/","name":"Klinic Ni\u015fanta\u015f\u0131 - Oral and Dental Health Clinic","description":"Klinik Ni\u015fanta\u015f\u0131 is at your service with its expert physician staff. Orthodontics | Implant | Aesthetic Dentistry | Maxillofacial Surgery | Pedodontics | Periodontology | Make an Appointment","potentialAction":[{"@type":"SearchAction","target":{"@type":"EntryPoint","urlTemplate":"https:\/\/kliniknisantasi.com\/en\/?s={search_term_string}"},"query-input":{"@type":"PropertyValueSpecification","valueRequired":true,"valueName":"search_term_string"}}],"inLanguage":"tr"}]}},"_links":{"self":[{"href":"https:\/\/kliniknisantasi.com\/en\/wp-json\/wp\/v2\/pages\/30","targetHints":{"allow":["GET"]}}],"collection":[{"href":"https:\/\/kliniknisantasi.com\/en\/wp-json\/wp\/v2\/pages"}],"about":[{"href":"https:\/\/kliniknisantasi.com\/en\/wp-json\/wp\/v2\/types\/page"}],"author":[{"embeddable":true,"href":"https:\/\/kliniknisantasi.com\/en\/wp-json\/wp\/v2\/users\/1"}],"replies":[{"embeddable":true,"href":"https:\/\/kliniknisantasi.com\/en\/wp-json\/wp\/v2\/comments?post=30"}],"version-history":[{"count":1,"href":"https:\/\/kliniknisantasi.com\/en\/wp-json\/wp\/v2\/pages\/30\/revisions"}],"predecessor-version":[{"id":32,"href":"https:\/\/kliniknisantasi.com\/en\/wp-json\/wp\/v2\/pages\/30\/revisions\/32"}],"up":[{"embeddable":true,"href":"https:\/\/kliniknisantasi.com\/en\/wp-json\/wp\/v2\/pages\/9"}],"wp:featuredmedia":[{"embeddable":true,"href":"https:\/\/kliniknisantasi.com\/en\/wp-json\/wp\/v2\/media\/31"}],"wp:attachment":[{"href":"https:\/\/kliniknisantasi.com\/en\/wp-json\/wp\/v2\/media?parent=30"}],"curies":[{"name":"wp","href":"https:\/\/api.w.org\/{rel}","templated":true}]}}