{"id":36,"date":"2023-12-07T22:53:00","date_gmt":"2023-12-07T19:53:00","guid":{"rendered":"https:\/\/kliniknisantasi.com\/en\/?page_id=36"},"modified":"2024-02-28T12:58:10","modified_gmt":"2024-02-28T09:58:10","slug":"about-us","status":"publish","type":"page","link":"https:\/\/kliniknisantasi.com\/en\/about-us","title":{"rendered":"About us"},"content":{"rendered":"<section class=\"ftco-section ftco-no-pt ftco-no-pb\">\r\n<div class=\"container-xl\">\r\n<div class=\"row g-xl-5\">\r\n<div class=\"col-md-6 d-flex align-items-stretch\" data-aos=\"fade-up\" data-aos-delay=\"100\" data-aos-duration=\"1000\">\r\n<div class=\"img w-100\" style=\"background-image: url('..\/wp-content\/uploads\/2023\/10\/klinik-nisantasi-hakkimizda-1.webp');\">\u00a0<\/div>\r\n<\/div>\r\n<div class=\"col-md-6 heading-section d-flex align-items-center\" data-aos=\"fade-up\" data-aos-delay=\"200\" data-aos-duration=\"1000\">\r\n<div class=\"mt-0 my-lg-5 py-5\">\r\n<div id=\"tm-heading-6519464263127\" class=\"tm-heading left tm-animation move-up animate\">\r\n<h3 class=\"heading\">Welcome to Clinic Nisantasi<\/h3>\r\n<\/div>\r\n<div class=\"tm-heading left tm-animation move-up animate\">Founded in 2021 by Dr. Erdi \u0130\u00e7en, our clinic serves our local and foreign patients in all branches of dental and oral health. \u00a0\r\n<div id=\"tm-box-icon-6519464264723\" class=\"tm-box-icon style-10 tm-animation move-up animate\">\r\n<div class=\"content-wrap\">\r\n<div class=\"content-inner\">\r\n<div class=\"content\">\r\n<div class=\"text\">We continue to serve with our wide range of expert staff including orthodontics, pediatric dentistry, implant treatments, root canal treatments, smile design, teeth whitening, prosthesis and restoration treatments, general dental examination.<\/div>\r\n<\/div>\r\n<\/div>\r\n<\/div>\r\n<\/div>\r\n<div id=\"tm-box-icon-6519464265370\" class=\"tm-box-icon style-10 tm-animation move-up animate\">\r\n<div class=\"content-wrap\">\r\n<div class=\"content-inner\">\r\n<div class=\"content-left\">\r\n<div class=\"icon\">\u00a0<\/div>\r\n<\/div>\r\n<div class=\"content\">\r\n<div class=\"text\">We have the vision of providing a boutique service with personalized treatment options, FDA approved devices and materials.<\/div>\r\n<\/div>\r\n<div>\r\n<div id=\"tm-heading-651946426a007\" class=\"tm-heading left tm-animation move-up animate\">\r\n<div class=\"heading\">Especially in this difficult period in the world and in our country, we carefully follow the coronavirus announcements and recommendations of the World Health Organization and the Turkish Ministry of Health.<\/div>\r\n<\/div>\r\n<div id=\"tm-spacer-651946426a5ac\" class=\"tm-spacer\">\u00a0<\/div>\r\n<div id=\"tm-box-icon-651946426a9a9\" class=\"tm-box-icon style-10 tm-animation move-up animate\">\r\n<div class=\"content-wrap\">\r\n<div class=\"content-inner\">\r\n<div class=\"content\">\r\n<div class=\"text\">Accordingly, disinfection activities are regularly carried out in our clinic in accordance with international standards. In addition, the areas used after each patient are sterilized in detail.<\/div>\r\n<\/div>\r\n<\/div>\r\n<\/div>\r\n<\/div>\r\n<div id=\"tm-box-icon-651946426b568\" class=\"tm-box-icon style-10 tm-animation move-up animate\">\r\n<div class=\"content-wrap\">\r\n<div class=\"content-inner\">\r\n<div class=\"content-left\">\r\n<div class=\"icon\">\u00a0<\/div>\r\n<\/div>\r\n<div class=\"content\">\r\n<div class=\"text\">We have organized our appointment system in such a way that there is no overcrowding in our clinic. Accordingly, we have created a daily maximum patient quota. Our aim is to minimize the risk. We hope to meet you on healthy days with a smile.<\/div>\r\n<\/div>\r\n<\/div>\r\n<\/div>\r\n<\/div>\r\n<\/div>\r\n<\/div>\r\n<\/div>\r\n<\/div>\r\n\r\n<\/div>\r\n<div class=\"row section-counter mt-5\">\r\n<div class=\"col-sm-6 col-md-6 col-lg-4 d-flex align-items-stretch\">\r\n<div class=\"counter-wrap-2 d-flex\" data-aos=\"fade-up\" data-aos-delay=\"100\" data-aos-duration=\"1000\">\r\n<div class=\"text\">\r\n<h2 class=\"number\"><span class=\"countup\">5700+<\/span><\/h2>\r\nTOTAL OPERATIONS<\/div>\r\n<\/div>\r\n<\/div>\r\n<div class=\"col-sm-6 col-md-6 col-lg-4 d-flex align-items-stretch\">\r\n<div class=\"counter-wrap-2 d-flex\" data-aos=\"fade-up\" data-aos-delay=\"200\" data-aos-duration=\"1000\">\r\n<div class=\"icon\">\u00a0<\/div>\r\n<div class=\"text\">\r\n<h2 class=\"number\"><span class=\"countup\">2900+<\/span><\/h2>\r\nIMPLANT TREATMENT<\/div>\r\n<\/div>\r\n<\/div>\r\n<div class=\"col-sm-6 col-md-6 col-lg-4 d-flex align-items-stretch\">\r\n<div class=\"counter-wrap-2 d-flex\" data-aos=\"fade-up\" data-aos-delay=\"400\" data-aos-duration=\"1000\">\r\n<div class=\"icon\">\u00a0<\/div>\r\n<div class=\"text\">\r\n<h2 class=\"number\"><span class=\"countup\">2500+<\/span><\/h2>\r\nVENEER TREATMENT<\/div>\r\n<\/div>\r\n<\/div>\r\n<\/div>\r\n<\/div>\r\n<\/div>\r\n<\/div>\r\n<\/div>\r\n<\/section>\r\n<hr class=\"wp-block-separator has-alpha-channel-opacity\" \/>\r\n\r\n\r\n<h2 class=\"wp-block-heading\" style=\"text-align: center;\">Our clinic<\/h2>\r\n\r\n\r\n\r\n<p class=\"has-text-align-center\">We endeavour to follow the latest technologies and create spacious rooms for you.<\/p>\r\n\r\n\r\n\r\n<div class=\"wp-block-columns is-layout-flex wp-container-core-columns-is-layout-9d6595d7 wp-block-columns-is-layout-flex\">\r\n<div class=\"wp-block-column is-layout-flow wp-block-column-is-layout-flow\" style=\"flex-basis: 5%;\">\u00a0<\/div>\r\n\r\n\r\n\r\n<div class=\"wp-block-column is-layout-flow wp-block-column-is-layout-flow\" style=\"flex-basis: 90%;\">\r\n<figure class=\"wp-block-gallery has-nested-images columns-3 wp-block-gallery-1 is-layout-flex wp-block-gallery-is-layout-flex\">\r\n<figure class=\"wp-block-image size-large\"><a href=\"http:\/\/www.kliniknisantasi.com\/wp-content\/uploads\/2023\/10\/klinik-nisantasi-1.jpg\" target=\"_blank\" rel=\"noopener\"><img decoding=\"async\" data-id=\"415\" class=\"wp-image-415\" src=\"http:\/\/www.kliniknisantasi.com\/wp-content\/uploads\/2023\/10\/klinik-nisantasi-1-1024x684.jpg\" alt=\"\" \/><\/a><\/figure>\r\n\r\n\r\n\r\n<figure class=\"wp-block-image size-large\"><a href=\"http:\/\/www.kliniknisantasi.com\/wp-content\/uploads\/2023\/10\/WhatsApp-Image-2023-10-08-at-10.34.22-1.jpeg\" target=\"_blank\" rel=\"noopener\"><img decoding=\"async\" data-id=\"470\" class=\"wp-image-470\" src=\"http:\/\/www.kliniknisantasi.com\/wp-content\/uploads\/2023\/10\/WhatsApp-Image-2023-10-08-at-10.34.22-1-1024x682.jpeg\" alt=\"\" \/><\/a><\/figure>\r\n\r\n\r\n\r\n<figure class=\"wp-block-image size-large\"><a href=\"http:\/\/www.kliniknisantasi.com\/wp-content\/uploads\/2023\/10\/klinik-nisantasi-2.jpg\" target=\"_blank\" rel=\"noopener\"><img decoding=\"async\" data-id=\"416\" class=\"wp-image-416\" src=\"http:\/\/www.kliniknisantasi.com\/wp-content\/uploads\/2023\/10\/klinik-nisantasi-2-1024x684.jpg\" alt=\"\" \/><\/a><\/figure>\r\n\r\n\r\n\r\n<figure class=\"wp-block-image size-large\"><a href=\"http:\/\/www.kliniknisantasi.com\/wp-content\/uploads\/2023\/10\/klinik-nisantasi-3.jpg\" target=\"_blank\" rel=\"noopener\"><img decoding=\"async\" data-id=\"418\" class=\"wp-image-418\" src=\"http:\/\/www.kliniknisantasi.com\/wp-content\/uploads\/2023\/10\/klinik-nisantasi-3-1024x684.jpg\" alt=\"\" \/><\/a><\/figure>\r\n\r\n\r\n\r\n<figure class=\"wp-block-image size-large\"><a href=\"http:\/\/www.kliniknisantasi.com\/wp-content\/uploads\/2023\/10\/klinik-nisantasi-4.jpg\" target=\"_blank\" rel=\"noopener\"><img decoding=\"async\" data-id=\"413\" class=\"wp-image-413\" src=\"http:\/\/www.kliniknisantasi.com\/wp-content\/uploads\/2023\/10\/klinik-nisantasi-4-1024x684.jpg\" alt=\"\" \/><\/a><\/figure>\r\n\r\n\r\n\r\n<figure class=\"wp-block-image size-large\"><a href=\"http:\/\/www.kliniknisantasi.com\/wp-content\/uploads\/2023\/10\/klinik-nisantasi-5.jpg\" target=\"_blank\" rel=\"noopener\"><img decoding=\"async\" data-id=\"417\" class=\"wp-image-417\" src=\"http:\/\/www.kliniknisantasi.com\/wp-content\/uploads\/2023\/10\/klinik-nisantasi-5-1024x684.jpg\" alt=\"\" \/><\/a><\/figure>\r\n\r\n\r\n\r\n<figure class=\"wp-block-image size-large\"><a href=\"http:\/\/www.kliniknisantasi.com\/wp-content\/uploads\/2023\/10\/klinik-nisantasi-6.jpg\" target=\"_blank\" rel=\"noopener\"><img decoding=\"async\" data-id=\"414\" class=\"wp-image-414\" src=\"http:\/\/www.kliniknisantasi.com\/wp-content\/uploads\/2023\/10\/klinik-nisantasi-6-1024x684.jpg\" alt=\"\" \/><\/a><\/figure>\r\n\r\n\r\n\r\n<figure class=\"wp-block-image size-large\"><a href=\"http:\/\/www.kliniknisantasi.com\/wp-content\/uploads\/2023\/10\/klinik-nisantasi-7.jpg\" target=\"_blank\" rel=\"noopener\"><img decoding=\"async\" data-id=\"419\" class=\"wp-image-419\" src=\"http:\/\/www.kliniknisantasi.com\/wp-content\/uploads\/2023\/10\/klinik-nisantasi-7-1024x684.jpg\" alt=\"\" \/><\/a><\/figure>\r\n\r\n\r\n\r\n<figure class=\"wp-block-image size-large\"><a href=\"http:\/\/www.kliniknisantasi.com\/wp-content\/uploads\/2023\/10\/klinik-nisantasi-8.jpg\" target=\"_blank\" rel=\"noopener\"><img decoding=\"async\" data-id=\"421\" class=\"wp-image-421\" src=\"http:\/\/www.kliniknisantasi.com\/wp-content\/uploads\/2023\/10\/klinik-nisantasi-8-1024x684.jpg\" alt=\"\" \/><\/a><\/figure>\r\n\r\n\r\n\r\n<figure class=\"wp-block-image size-large\"><a href=\"http:\/\/www.kliniknisantasi.com\/wp-content\/uploads\/2023\/10\/WhatsApp-Image-2023-10-08-at-10.34.22.jpeg\" target=\"_blank\" rel=\"noopener\"><img decoding=\"async\" data-id=\"471\" class=\"wp-image-471\" src=\"http:\/\/www.kliniknisantasi.com\/wp-content\/uploads\/2023\/10\/WhatsApp-Image-2023-10-08-at-10.34.22-1024x682.jpeg\" alt=\"\" \/><\/a><\/figure>\r\n\r\n\r\n\r\n<figure class=\"wp-block-image size-large\"><a href=\"http:\/\/www.kliniknisantasi.com\/wp-content\/uploads\/2023\/10\/WhatsApp-Image-2023-10-08-at-10.34.24.jpeg\" target=\"_blank\" rel=\"noopener\"><img decoding=\"async\" data-id=\"472\" class=\"wp-image-472\" src=\"http:\/\/www.kliniknisantasi.com\/wp-content\/uploads\/2023\/10\/WhatsApp-Image-2023-10-08-at-10.34.24-1024x682.jpeg\" alt=\"\" \/><\/a><\/figure>\r\n<\/figure>\r\n<\/div>\r\n\r\n\r\n\r\n<div class=\"wp-block-column is-layout-flow wp-block-column-is-layout-flow\" style=\"flex-basis: 5%;\">\u00a0<\/div>\r\n<\/div>","protected":false},"excerpt":{"rendered":"<p>\u00a0 Welcome to Clinic Nisantasi Founded in 2021 by Dr. Erdi \u0130\u00e7en, our clinic serves our local and foreign patients in all branches of dental and oral health. \u00a0 We continue to serve with our wide range of expert staff including orthodontics, pediatric dentistry, implant treatments, root canal treatments, smile design, teeth whitening, prosthesis and [&hellip;]<\/p>\n","protected":false},"author":1,"featured_media":37,"parent":0,"menu_order":0,"comment_status":"closed","ping_status":"closed","template":"page-sablon.php","meta":{"footnotes":""},"class_list":["post-36","page","type-page","status-publish","has-post-thumbnail","hentry"],"yoast_head":"<!-- This site is optimized with the Yoast SEO plugin v25.4 - https:\/\/yoast.com\/wordpress\/plugins\/seo\/ -->\n<title>About us - Klinic Ni\u015fanta\u015f\u0131 - Oral and Dental Health Clinic<\/title>\n<meta name=\"description\" content=\"The clinic offers services in orthodontics, paediatric dentistry, implants, root canal treatments and smile design, taking a boutique service approach with personalised treatment options and FDA-approved equipment.\" \/>\n<meta name=\"robots\" content=\"index, follow, max-snippet:-1, max-image-preview:large, max-video-preview:-1\" \/>\n<link rel=\"canonical\" href=\"https:\/\/kliniknisantasi.com\/en\/about-us\" \/>\n<meta property=\"og:locale\" content=\"tr_TR\" \/>\n<meta property=\"og:type\" content=\"article\" \/>\n<meta property=\"og:title\" content=\"About us - Klinic Ni\u015fanta\u015f\u0131 - Oral and Dental Health Clinic\" \/>\n<meta property=\"og:description\" content=\"The clinic offers services in orthodontics, paediatric dentistry, implants, root canal treatments and smile design, taking a boutique service approach with personalised treatment options and FDA-approved equipment.\" \/>\n<meta property=\"og:url\" content=\"https:\/\/kliniknisantasi.com\/en\/about-us\" \/>\n<meta property=\"og:site_name\" content=\"Klinic Ni\u015fanta\u015f\u0131 - Oral and Dental Health Clinic\" \/>\n<meta property=\"article:modified_time\" content=\"2024-02-28T09:58:10+00:00\" \/>\n<meta property=\"og:image\" content=\"https:\/\/kliniknisantasi.com\/en\/wp-content\/uploads\/sites\/2\/2023\/12\/bg_2.jpg\" \/>\n\t<meta property=\"og:image:width\" content=\"2000\" \/>\n\t<meta property=\"og:image:height\" content=\"1335\" \/>\n\t<meta property=\"og:image:type\" content=\"image\/jpeg\" \/>\n<meta name=\"twitter:card\" content=\"summary_large_image\" \/>\n<meta name=\"twitter:label1\" content=\"Tahmini okuma s\u00fcresi\" \/>\n\t<meta name=\"twitter:data1\" content=\"4 dakika\" \/>\n<script type=\"application\/ld+json\" class=\"yoast-schema-graph\">{\"@context\":\"https:\/\/schema.org\",\"@graph\":[{\"@type\":\"WebPage\",\"@id\":\"https:\/\/kliniknisantasi.com\/en\/about-us\",\"url\":\"https:\/\/kliniknisantasi.com\/en\/about-us\",\"name\":\"About us - Klinic Ni\u015fanta\u015f\u0131 - Oral and Dental Health Clinic\",\"isPartOf\":{\"@id\":\"https:\/\/kliniknisantasi.com\/en\/#website\"},\"primaryImageOfPage\":{\"@id\":\"https:\/\/kliniknisantasi.com\/en\/about-us#primaryimage\"},\"image\":{\"@id\":\"https:\/\/kliniknisantasi.com\/en\/about-us#primaryimage\"},\"thumbnailUrl\":\"https:\/\/kliniknisantasi.com\/en\/wp-content\/uploads\/sites\/2\/2023\/12\/bg_2.jpg\",\"datePublished\":\"2023-12-07T19:53:00+00:00\",\"dateModified\":\"2024-02-28T09:58:10+00:00\",\"description\":\"The clinic offers services in orthodontics, paediatric dentistry, implants, root canal treatments and smile design, taking a boutique service approach with personalised treatment options and FDA-approved equipment.\",\"breadcrumb\":{\"@id\":\"https:\/\/kliniknisantasi.com\/en\/about-us#breadcrumb\"},\"inLanguage\":\"tr\",\"potentialAction\":[{\"@type\":\"ReadAction\",\"target\":[\"https:\/\/kliniknisantasi.com\/en\/about-us\"]}]},{\"@type\":\"ImageObject\",\"inLanguage\":\"tr\",\"@id\":\"https:\/\/kliniknisantasi.com\/en\/about-us#primaryimage\",\"url\":\"https:\/\/kliniknisantasi.com\/en\/wp-content\/uploads\/sites\/2\/2023\/12\/bg_2.jpg\",\"contentUrl\":\"https:\/\/kliniknisantasi.com\/en\/wp-content\/uploads\/sites\/2\/2023\/12\/bg_2.jpg\",\"width\":2000,\"height\":1335},{\"@type\":\"BreadcrumbList\",\"@id\":\"https:\/\/kliniknisantasi.com\/en\/about-us#breadcrumb\",\"itemListElement\":[{\"@type\":\"ListItem\",\"position\":1,\"name\":\"Anasayfa\",\"item\":\"https:\/\/kliniknisantasi.com\/en\/\"},{\"@type\":\"ListItem\",\"position\":2,\"name\":\"About us\"}]},{\"@type\":\"WebSite\",\"@id\":\"https:\/\/kliniknisantasi.com\/en\/#website\",\"url\":\"https:\/\/kliniknisantasi.com\/en\/\",\"name\":\"Klinic Ni\u015fanta\u015f\u0131 - Oral and Dental Health Clinic\",\"description\":\"Klinik Ni\u015fanta\u015f\u0131 is at your service with its expert physician staff. Orthodontics | Implant | Aesthetic Dentistry | Maxillofacial Surgery | Pedodontics | Periodontology | Make an Appointment\",\"potentialAction\":[{\"@type\":\"SearchAction\",\"target\":{\"@type\":\"EntryPoint\",\"urlTemplate\":\"https:\/\/kliniknisantasi.com\/en\/?s={search_term_string}\"},\"query-input\":{\"@type\":\"PropertyValueSpecification\",\"valueRequired\":true,\"valueName\":\"search_term_string\"}}],\"inLanguage\":\"tr\"}]}<\/script>\n<!-- \/ Yoast SEO plugin. -->","yoast_head_json":{"title":"About us - Klinic Ni\u015fanta\u015f\u0131 - Oral and Dental Health Clinic","description":"The clinic offers services in orthodontics, paediatric dentistry, implants, root canal treatments and smile design, taking a boutique service approach with personalised treatment options and FDA-approved equipment.","robots":{"index":"index","follow":"follow","max-snippet":"max-snippet:-1","max-image-preview":"max-image-preview:large","max-video-preview":"max-video-preview:-1"},"canonical":"https:\/\/kliniknisantasi.com\/en\/about-us","og_locale":"tr_TR","og_type":"article","og_title":"About us - Klinic Ni\u015fanta\u015f\u0131 - Oral and Dental Health Clinic","og_description":"The clinic offers services in orthodontics, paediatric dentistry, implants, root canal treatments and smile design, taking a boutique service approach with personalised treatment options and FDA-approved equipment.","og_url":"https:\/\/kliniknisantasi.com\/en\/about-us","og_site_name":"Klinic Ni\u015fanta\u015f\u0131 - Oral and Dental Health Clinic","article_modified_time":"2024-02-28T09:58:10+00:00","og_image":[{"width":2000,"height":1335,"url":"https:\/\/kliniknisantasi.com\/en\/wp-content\/uploads\/sites\/2\/2023\/12\/bg_2.jpg","type":"image\/jpeg"}],"twitter_card":"summary_large_image","twitter_misc":{"Tahmini okuma s\u00fcresi":"4 dakika"},"schema":{"@context":"https:\/\/schema.org","@graph":[{"@type":"WebPage","@id":"https:\/\/kliniknisantasi.com\/en\/about-us","url":"https:\/\/kliniknisantasi.com\/en\/about-us","name":"About us - Klinic Ni\u015fanta\u015f\u0131 - Oral and Dental Health Clinic","isPartOf":{"@id":"https:\/\/kliniknisantasi.com\/en\/#website"},"primaryImageOfPage":{"@id":"https:\/\/kliniknisantasi.com\/en\/about-us#primaryimage"},"image":{"@id":"https:\/\/kliniknisantasi.com\/en\/about-us#primaryimage"},"thumbnailUrl":"https:\/\/kliniknisantasi.com\/en\/wp-content\/uploads\/sites\/2\/2023\/12\/bg_2.jpg","datePublished":"2023-12-07T19:53:00+00:00","dateModified":"2024-02-28T09:58:10+00:00","description":"The clinic offers services in orthodontics, paediatric dentistry, implants, root canal treatments and smile design, taking a boutique service approach with personalised treatment options and FDA-approved equipment.","breadcrumb":{"@id":"https:\/\/kliniknisantasi.com\/en\/about-us#breadcrumb"},"inLanguage":"tr","potentialAction":[{"@type":"ReadAction","target":["https:\/\/kliniknisantasi.com\/en\/about-us"]}]},{"@type":"ImageObject","inLanguage":"tr","@id":"https:\/\/kliniknisantasi.com\/en\/about-us#primaryimage","url":"https:\/\/kliniknisantasi.com\/en\/wp-content\/uploads\/sites\/2\/2023\/12\/bg_2.jpg","contentUrl":"https:\/\/kliniknisantasi.com\/en\/wp-content\/uploads\/sites\/2\/2023\/12\/bg_2.jpg","width":2000,"height":1335},{"@type":"BreadcrumbList","@id":"https:\/\/kliniknisantasi.com\/en\/about-us#breadcrumb","itemListElement":[{"@type":"ListItem","position":1,"name":"Anasayfa","item":"https:\/\/kliniknisantasi.com\/en\/"},{"@type":"ListItem","position":2,"name":"About us"}]},{"@type":"WebSite","@id":"https:\/\/kliniknisantasi.com\/en\/#website","url":"https:\/\/kliniknisantasi.com\/en\/","name":"Klinic Ni\u015fanta\u015f\u0131 - Oral and Dental Health Clinic","description":"Klinik Ni\u015fanta\u015f\u0131 is at your service with its expert physician staff. Orthodontics | Implant | Aesthetic Dentistry | Maxillofacial Surgery | Pedodontics | Periodontology | Make an Appointment","potentialAction":[{"@type":"SearchAction","target":{"@type":"EntryPoint","urlTemplate":"https:\/\/kliniknisantasi.com\/en\/?s={search_term_string}"},"query-input":{"@type":"PropertyValueSpecification","valueRequired":true,"valueName":"search_term_string"}}],"inLanguage":"tr"}]}},"_links":{"self":[{"href":"https:\/\/kliniknisantasi.com\/en\/wp-json\/wp\/v2\/pages\/36","targetHints":{"allow":["GET"]}}],"collection":[{"href":"https:\/\/kliniknisantasi.com\/en\/wp-json\/wp\/v2\/pages"}],"about":[{"href":"https:\/\/kliniknisantasi.com\/en\/wp-json\/wp\/v2\/types\/page"}],"author":[{"embeddable":true,"href":"https:\/\/kliniknisantasi.com\/en\/wp-json\/wp\/v2\/users\/1"}],"replies":[{"embeddable":true,"href":"https:\/\/kliniknisantasi.com\/en\/wp-json\/wp\/v2\/comments?post=36"}],"version-history":[{"count":7,"href":"https:\/\/kliniknisantasi.com\/en\/wp-json\/wp\/v2\/pages\/36\/revisions"}],"predecessor-version":[{"id":560,"href":"https:\/\/kliniknisantasi.com\/en\/wp-json\/wp\/v2\/pages\/36\/revisions\/560"}],"wp:featuredmedia":[{"embeddable":true,"href":"https:\/\/kliniknisantasi.com\/en\/wp-json\/wp\/v2\/media\/37"}],"wp:attachment":[{"href":"https:\/\/kliniknisantasi.com\/en\/wp-json\/wp\/v2\/media?parent=36"}],"curies":[{"name":"wp","href":"https:\/\/api.w.org\/{rel}","templated":true}]}}