{"id":41,"date":"2023-12-07T22:55:40","date_gmt":"2023-12-07T19:55:40","guid":{"rendered":"https:\/\/kliniknisantasi.com\/en\/?page_id=41"},"modified":"2023-12-07T23:01:27","modified_gmt":"2023-12-07T20:01:27","slug":"contact-us","status":"publish","type":"page","link":"https:\/\/kliniknisantasi.com\/en\/contact-us","title":{"rendered":"Contact Us"},"content":{"rendered":"<section class=\"ftco-section bg-light\" style=\"padding: 4em 0;\">\n<div class=\"container\">\n<div class=\"row row-cols-2\">\n<div class=\"col-6\">\n<div class=\"col-lg-12\">\n<div class=\"contact-wrap w-100 p-md-5 p-4\">\n<h3><strong>Contact Us<\/strong><\/h3>\n<p>Address: Te\u015fvikiye Neighborhood | Vali Kona\u011f\u0131 Street | No:86\/A | \u015ei\u015fli\/Istanbul<\/p>\n<p>Email: <a href=\"mailto:info@kliniknisantasi.com\" target=\"_new\" rel=\"noopener\">info@kliniknisantasi.com<\/a><\/p>\n<p>Phone: +90 (552) 247 3335<\/p>\n<h3><strong>FOLLOW US ON SOCIAL MEDIA<\/strong><\/h3>\n<div class=\"w-100 social-media mt-5\">\n<p><a href=\"#\">Facebook<\/a><br \/>\n<a href=\"#\">Twitter<\/a><br \/>\n<a href=\"#\">Instagram<\/a><\/p>\n<\/div>\n<\/div>\n<\/div>\n<\/div>\n<div class=\"col-6\">\n<div class=\"col-lg-12 d-flex align-items-stretch\">\n<div id=\"map\" class=\"bg-white\"><iframe loading=\"lazy\" style=\"border: 0;\" src=\"https:\/\/www.google.com\/maps\/embed?pb=!1m18!1m12!1m3!1d376.08190644160794!2d28.99489875726573!3d41.05466759827723!2m3!1f0!2f0!3f0!3m2!1i1024!2i768!4f13.1!3m3!1m2!1s0x14cab7587b0e93e7%3A0x265e5f83fa8936fb!2zS2xpbmlrIE5pxZ9hbnRhxZ_EsQ!5e0!3m2!1str!2str!4v1693833026037!5m2!1str!2str\" width=\"100%\" height=\"430\" allowfullscreen=\"allowfullscreen\"><span data-mce-type=\"bookmark\" style=\"display: inline-block; width: 0px; overflow: hidden; line-height: 0;\" class=\"mce_SELRES_start\">\ufeff<\/span><\/iframe><\/div>\n<\/div>\n<\/div>\n<\/div>\n<\/div>\n<\/section>\n","protected":false},"excerpt":{"rendered":"<p>Contact Us Address: Te\u015fvikiye Neighborhood | Vali Kona\u011f\u0131 Street | No:86\/A | \u015ei\u015fli\/Istanbul Email: info@kliniknisantasi.com Phone: +90 (552) 247 3335 FOLLOW US ON SOCIAL MEDIA Facebook Twitter Instagram \ufeff<\/p>\n","protected":false},"author":1,"featured_media":37,"parent":0,"menu_order":0,"comment_status":"closed","ping_status":"closed","template":"page-sablon.php","meta":{"footnotes":""},"class_list":["post-41","page","type-page","status-publish","has-post-thumbnail","hentry"],"yoast_head":"<!-- This site is optimized with the Yoast SEO plugin v25.4 - https:\/\/yoast.com\/wordpress\/plugins\/seo\/ -->\n<title>Contact Us - Klinic Ni\u015fanta\u015f\u0131 - Oral and Dental Health Clinic<\/title>\n<meta name=\"description\" content=\"Founded in 2021 by Dr. Erdi \u0130\u00e7en, Klinik Ni\u015fanta\u015f\u0131 offers a range of dental and oral health services.\" \/>\n<meta name=\"robots\" content=\"index, follow, max-snippet:-1, max-image-preview:large, max-video-preview:-1\" \/>\n<link rel=\"canonical\" href=\"https:\/\/kliniknisantasi.com\/en\/contact-us\" \/>\n<meta property=\"og:locale\" content=\"tr_TR\" \/>\n<meta property=\"og:type\" content=\"article\" \/>\n<meta property=\"og:title\" content=\"Contact Us - Klinic Ni\u015fanta\u015f\u0131 - Oral and Dental Health Clinic\" \/>\n<meta property=\"og:description\" content=\"Founded in 2021 by Dr. Erdi \u0130\u00e7en, Klinik Ni\u015fanta\u015f\u0131 offers a range of dental and oral health services.\" \/>\n<meta property=\"og:url\" content=\"https:\/\/kliniknisantasi.com\/en\/contact-us\" \/>\n<meta property=\"og:site_name\" content=\"Klinic Ni\u015fanta\u015f\u0131 - Oral and Dental Health Clinic\" \/>\n<meta property=\"article:modified_time\" content=\"2023-12-07T20:01:27+00:00\" \/>\n<meta property=\"og:image\" content=\"https:\/\/kliniknisantasi.com\/en\/wp-content\/uploads\/sites\/2\/2023\/12\/bg_2.jpg\" \/>\n\t<meta property=\"og:image:width\" content=\"2000\" \/>\n\t<meta property=\"og:image:height\" content=\"1335\" \/>\n\t<meta property=\"og:image:type\" content=\"image\/jpeg\" \/>\n<meta name=\"twitter:card\" content=\"summary_large_image\" \/>\n<meta name=\"twitter:label1\" content=\"Tahmini okuma s\u00fcresi\" \/>\n\t<meta name=\"twitter:data1\" content=\"1 dakika\" \/>\n<script type=\"application\/ld+json\" class=\"yoast-schema-graph\">{\"@context\":\"https:\/\/schema.org\",\"@graph\":[{\"@type\":\"WebPage\",\"@id\":\"https:\/\/kliniknisantasi.com\/en\/contact-us\",\"url\":\"https:\/\/kliniknisantasi.com\/en\/contact-us\",\"name\":\"Contact Us - Klinic Ni\u015fanta\u015f\u0131 - Oral and Dental Health Clinic\",\"isPartOf\":{\"@id\":\"https:\/\/kliniknisantasi.com\/en\/#website\"},\"primaryImageOfPage\":{\"@id\":\"https:\/\/kliniknisantasi.com\/en\/contact-us#primaryimage\"},\"image\":{\"@id\":\"https:\/\/kliniknisantasi.com\/en\/contact-us#primaryimage\"},\"thumbnailUrl\":\"https:\/\/kliniknisantasi.com\/en\/wp-content\/uploads\/sites\/2\/2023\/12\/bg_2.jpg\",\"datePublished\":\"2023-12-07T19:55:40+00:00\",\"dateModified\":\"2023-12-07T20:01:27+00:00\",\"description\":\"Founded in 2021 by Dr. Erdi \u0130\u00e7en, Klinik Ni\u015fanta\u015f\u0131 offers a range of dental and oral health services.\",\"breadcrumb\":{\"@id\":\"https:\/\/kliniknisantasi.com\/en\/contact-us#breadcrumb\"},\"inLanguage\":\"tr\",\"potentialAction\":[{\"@type\":\"ReadAction\",\"target\":[\"https:\/\/kliniknisantasi.com\/en\/contact-us\"]}]},{\"@type\":\"ImageObject\",\"inLanguage\":\"tr\",\"@id\":\"https:\/\/kliniknisantasi.com\/en\/contact-us#primaryimage\",\"url\":\"https:\/\/kliniknisantasi.com\/en\/wp-content\/uploads\/sites\/2\/2023\/12\/bg_2.jpg\",\"contentUrl\":\"https:\/\/kliniknisantasi.com\/en\/wp-content\/uploads\/sites\/2\/2023\/12\/bg_2.jpg\",\"width\":2000,\"height\":1335},{\"@type\":\"BreadcrumbList\",\"@id\":\"https:\/\/kliniknisantasi.com\/en\/contact-us#breadcrumb\",\"itemListElement\":[{\"@type\":\"ListItem\",\"position\":1,\"name\":\"Anasayfa\",\"item\":\"https:\/\/kliniknisantasi.com\/en\/\"},{\"@type\":\"ListItem\",\"position\":2,\"name\":\"Contact Us\"}]},{\"@type\":\"WebSite\",\"@id\":\"https:\/\/kliniknisantasi.com\/en\/#website\",\"url\":\"https:\/\/kliniknisantasi.com\/en\/\",\"name\":\"Klinic Ni\u015fanta\u015f\u0131 - Oral and Dental Health Clinic\",\"description\":\"Klinik Ni\u015fanta\u015f\u0131 is at your service with its expert physician staff. Orthodontics | Implant | Aesthetic Dentistry | Maxillofacial Surgery | Pedodontics | Periodontology | Make an Appointment\",\"potentialAction\":[{\"@type\":\"SearchAction\",\"target\":{\"@type\":\"EntryPoint\",\"urlTemplate\":\"https:\/\/kliniknisantasi.com\/en\/?s={search_term_string}\"},\"query-input\":{\"@type\":\"PropertyValueSpecification\",\"valueRequired\":true,\"valueName\":\"search_term_string\"}}],\"inLanguage\":\"tr\"}]}<\/script>\n<!-- \/ Yoast SEO plugin. -->","yoast_head_json":{"title":"Contact Us - Klinic Ni\u015fanta\u015f\u0131 - Oral and Dental Health Clinic","description":"Founded in 2021 by Dr. Erdi \u0130\u00e7en, Klinik Ni\u015fanta\u015f\u0131 offers a range of dental and oral health services.","robots":{"index":"index","follow":"follow","max-snippet":"max-snippet:-1","max-image-preview":"max-image-preview:large","max-video-preview":"max-video-preview:-1"},"canonical":"https:\/\/kliniknisantasi.com\/en\/contact-us","og_locale":"tr_TR","og_type":"article","og_title":"Contact Us - Klinic Ni\u015fanta\u015f\u0131 - Oral and Dental Health Clinic","og_description":"Founded in 2021 by Dr. Erdi \u0130\u00e7en, Klinik Ni\u015fanta\u015f\u0131 offers a range of dental and oral health services.","og_url":"https:\/\/kliniknisantasi.com\/en\/contact-us","og_site_name":"Klinic Ni\u015fanta\u015f\u0131 - Oral and Dental Health Clinic","article_modified_time":"2023-12-07T20:01:27+00:00","og_image":[{"width":2000,"height":1335,"url":"https:\/\/kliniknisantasi.com\/en\/wp-content\/uploads\/sites\/2\/2023\/12\/bg_2.jpg","type":"image\/jpeg"}],"twitter_card":"summary_large_image","twitter_misc":{"Tahmini okuma s\u00fcresi":"1 dakika"},"schema":{"@context":"https:\/\/schema.org","@graph":[{"@type":"WebPage","@id":"https:\/\/kliniknisantasi.com\/en\/contact-us","url":"https:\/\/kliniknisantasi.com\/en\/contact-us","name":"Contact Us - Klinic Ni\u015fanta\u015f\u0131 - Oral and Dental Health Clinic","isPartOf":{"@id":"https:\/\/kliniknisantasi.com\/en\/#website"},"primaryImageOfPage":{"@id":"https:\/\/kliniknisantasi.com\/en\/contact-us#primaryimage"},"image":{"@id":"https:\/\/kliniknisantasi.com\/en\/contact-us#primaryimage"},"thumbnailUrl":"https:\/\/kliniknisantasi.com\/en\/wp-content\/uploads\/sites\/2\/2023\/12\/bg_2.jpg","datePublished":"2023-12-07T19:55:40+00:00","dateModified":"2023-12-07T20:01:27+00:00","description":"Founded in 2021 by Dr. Erdi \u0130\u00e7en, Klinik Ni\u015fanta\u015f\u0131 offers a range of dental and oral health services.","breadcrumb":{"@id":"https:\/\/kliniknisantasi.com\/en\/contact-us#breadcrumb"},"inLanguage":"tr","potentialAction":[{"@type":"ReadAction","target":["https:\/\/kliniknisantasi.com\/en\/contact-us"]}]},{"@type":"ImageObject","inLanguage":"tr","@id":"https:\/\/kliniknisantasi.com\/en\/contact-us#primaryimage","url":"https:\/\/kliniknisantasi.com\/en\/wp-content\/uploads\/sites\/2\/2023\/12\/bg_2.jpg","contentUrl":"https:\/\/kliniknisantasi.com\/en\/wp-content\/uploads\/sites\/2\/2023\/12\/bg_2.jpg","width":2000,"height":1335},{"@type":"BreadcrumbList","@id":"https:\/\/kliniknisantasi.com\/en\/contact-us#breadcrumb","itemListElement":[{"@type":"ListItem","position":1,"name":"Anasayfa","item":"https:\/\/kliniknisantasi.com\/en\/"},{"@type":"ListItem","position":2,"name":"Contact Us"}]},{"@type":"WebSite","@id":"https:\/\/kliniknisantasi.com\/en\/#website","url":"https:\/\/kliniknisantasi.com\/en\/","name":"Klinic Ni\u015fanta\u015f\u0131 - Oral and Dental Health Clinic","description":"Klinik Ni\u015fanta\u015f\u0131 is at your service with its expert physician staff. Orthodontics | Implant | Aesthetic Dentistry | Maxillofacial Surgery | Pedodontics | Periodontology | Make an Appointment","potentialAction":[{"@type":"SearchAction","target":{"@type":"EntryPoint","urlTemplate":"https:\/\/kliniknisantasi.com\/en\/?s={search_term_string}"},"query-input":{"@type":"PropertyValueSpecification","valueRequired":true,"valueName":"search_term_string"}}],"inLanguage":"tr"}]}},"_links":{"self":[{"href":"https:\/\/kliniknisantasi.com\/en\/wp-json\/wp\/v2\/pages\/41","targetHints":{"allow":["GET"]}}],"collection":[{"href":"https:\/\/kliniknisantasi.com\/en\/wp-json\/wp\/v2\/pages"}],"about":[{"href":"https:\/\/kliniknisantasi.com\/en\/wp-json\/wp\/v2\/types\/page"}],"author":[{"embeddable":true,"href":"https:\/\/kliniknisantasi.com\/en\/wp-json\/wp\/v2\/users\/1"}],"replies":[{"embeddable":true,"href":"https:\/\/kliniknisantasi.com\/en\/wp-json\/wp\/v2\/comments?post=41"}],"version-history":[{"count":6,"href":"https:\/\/kliniknisantasi.com\/en\/wp-json\/wp\/v2\/pages\/41\/revisions"}],"predecessor-version":[{"id":47,"href":"https:\/\/kliniknisantasi.com\/en\/wp-json\/wp\/v2\/pages\/41\/revisions\/47"}],"wp:featuredmedia":[{"embeddable":true,"href":"https:\/\/kliniknisantasi.com\/en\/wp-json\/wp\/v2\/media\/37"}],"wp:attachment":[{"href":"https:\/\/kliniknisantasi.com\/en\/wp-json\/wp\/v2\/media?parent=41"}],"curies":[{"name":"wp","href":"https:\/\/api.w.org\/{rel}","templated":true}]}}