{"id":50,"date":"2023-12-07T23:29:03","date_gmt":"2023-12-07T20:29:03","guid":{"rendered":"https:\/\/kliniknisantasi.com\/en\/?page_id=50"},"modified":"2023-12-10T15:56:54","modified_gmt":"2023-12-10T12:56:54","slug":"our-services","status":"publish","type":"page","link":"https:\/\/kliniknisantasi.com\/en\/our-services","title":{"rendered":"Our Services"},"content":{"rendered":"<section class=\"ftco-section bg-light\">\n<div class=\"container-xl\">\n<div class=\"row justify-content-center\"><div class=\"col-md-6 col-lg-3 text-center d-flex align-items-stretch\" data-aos=\"flip-right\" data-aos-delay=\"100\" data-aos-duration=\"1000\">  <div class=\"services-2\">    <div class=\"icon\"><span class=\"flaticon-dental-care\"><\/span><\/div>    <div class=\"text\">      <h2>Ceramic Coatings<\/h2>      <p>Ceramic veneers provide aesthetic and natural-looking dental treatment; they require minimal tooth abrasion and are applied to the tooth with a special adhesive.<\/p>      <a class=\"btn btn-info\" href=\"https:\/\/kliniknisantasi.com\/en\/ceramic-coatings\">READ MORE<\/a>    <\/div>  <\/div><\/div><div class=\"col-md-6 col-lg-3 text-center d-flex align-items-stretch\" data-aos=\"flip-right\" data-aos-delay=\"100\" data-aos-duration=\"1000\">  <div class=\"services-2\">    <div class=\"icon\"><span class=\"flaticon-removal\"><\/span><\/div>    <div class=\"text\">      <h2>Tooth Extraction<\/h2>      <p>Tooth extraction is the removal of teeth that cannot be saved under anesthesia. Local anesthesia is applied and the tooth is loosened and removed. Doctor's recommendations should be followed before and after extraction.<\/p>      <a class=\"btn btn-info\" href=\"https:\/\/kliniknisantasi.com\/en\/tooth-extraction\">READ MORE<\/a>    <\/div>  <\/div><\/div><div class=\"col-md-6 col-lg-3 text-center d-flex align-items-stretch\" data-aos=\"flip-right\" data-aos-delay=\"100\" data-aos-duration=\"1000\">  <div class=\"services-2\">    <div class=\"icon\"><span class=\"flaticon-dental-care\"><\/span><\/div>    <div class=\"text\">      <h2>Zirconium Veneer<\/h2>      <p>Zirconium veneers offer an aesthetic and natural tooth appearance, do not damage the gums, and are resistant to corrosion and breakage.\r\n\r\n\r\n\r\n\r\n<\/p>      <a class=\"btn btn-info\" href=\"https:\/\/kliniknisantasi.com\/en\/zirconium-veneer\">READ MORE<\/a>    <\/div>  <\/div><\/div><div class=\"col-md-6 col-lg-3 text-center d-flex align-items-stretch\" data-aos=\"flip-right\" data-aos-delay=\"100\" data-aos-duration=\"1000\">  <div class=\"services-2\">    <div class=\"icon\"><span class=\"flaticon-dental-care\"><\/span><\/div>    <div class=\"text\">      <h2>Smile Design<\/h2>      <p>Smile design creates a natural smile with aesthetic teeth and gums, tailored to patient needs and face shape, using whitening, implants, and veneers.<\/p>      <a class=\"btn btn-info\" href=\"https:\/\/kliniknisantasi.com\/en\/smile-design\">READ MORE<\/a>    <\/div>  <\/div><\/div><div class=\"col-md-6 col-lg-3 text-center d-flex align-items-stretch\" data-aos=\"flip-right\" data-aos-delay=\"100\" data-aos-duration=\"1000\">  <div class=\"services-2\">    <div class=\"icon\"><span class=\"flaticon-dental-device\"><\/span><\/div>    <div class=\"text\">      <h2>Occlusal Splint<\/h2>      <p>Occlusal splints offer effective and customized solutions to manage and alleviate the negative effects on jaw and dental health. <\/p>      <a class=\"btn btn-info\" href=\"https:\/\/kliniknisantasi.com\/en\/occlusal-splint\">READ MORE<\/a>    <\/div>  <\/div><\/div><div class=\"col-md-6 col-lg-3 text-center d-flex align-items-stretch\" data-aos=\"flip-right\" data-aos-delay=\"100\" data-aos-duration=\"1000\">  <div class=\"services-2\">    <div class=\"icon\"><span class=\"flaticon-dental-care\"><\/span><\/div>    <div class=\"text\">      <h2>Treatment of Teeth Clenching and Grinding<\/h2>      <p>Bruxism is continuous teeth contact from muscle contraction. Clenching is rhythmic teeth grinding, often during sleep and in stressed individuals.<\/p>      <a class=\"btn btn-info\" href=\"https:\/\/kliniknisantasi.com\/en\/treatment-of-teeth-clenching-and-grinding\">READ MORE<\/a>    <\/div>  <\/div><\/div><div class=\"col-md-6 col-lg-3 text-center d-flex align-items-stretch\" data-aos=\"flip-right\" data-aos-delay=\"100\" data-aos-duration=\"1000\">  <div class=\"services-2\">    <div class=\"icon\"><span class=\"flaticon-dental-clinic\"><\/span><\/div>    <div class=\"text\">      <h2>Cephalometric X-ray<\/h2>      <p>Cephalometric X-ray displays head and face bone and soft tissue dimensions, aiding in orthodontic and surgical planning.<\/p>      <a class=\"btn btn-info\" href=\"https:\/\/kliniknisantasi.com\/en\/cephalometric-x-ray\">READ MORE<\/a>    <\/div>  <\/div><\/div><div class=\"col-md-6 col-lg-3 text-center d-flex align-items-stretch\" data-aos=\"flip-right\" data-aos-delay=\"100\" data-aos-duration=\"1000\">  <div class=\"services-2\">    <div class=\"icon\"><span class=\"flaticon-decay-in-a-tooth\"><\/span><\/div>    <div class=\"text\">      <h2>Dental Tomography (3D)<\/h2>      <p>Dental tomography provides 3D images of specific areas, showing details in bone and soft tissues not seen in standard X-rays.<\/p>      <a class=\"btn btn-info\" href=\"https:\/\/kliniknisantasi.com\/en\/dental-tomography-3d\">READ MORE<\/a>    <\/div>  <\/div><\/div><div class=\"col-md-6 col-lg-3 text-center d-flex align-items-stretch\" data-aos=\"flip-right\" data-aos-delay=\"100\" data-aos-duration=\"1000\">  <div class=\"services-2\">    <div class=\"icon\"><span class=\"flaticon-dental-care-1\"><\/span><\/div>    <div class=\"text\">      <h2>Dental X-ray Film<\/h2>      <p>A dental X-ray shows detailed tooth and surrounding tissue images. Periapical X-rays focus on root tips, essential for decay and infection cases.<\/p>      <a class=\"btn btn-info\" href=\"https:\/\/kliniknisantasi.com\/en\/dental-x-ray-film\">READ MORE<\/a>    <\/div>  <\/div><\/div><div class=\"col-md-6 col-lg-3 text-center d-flex align-items-stretch\" data-aos=\"flip-right\" data-aos-delay=\"100\" data-aos-duration=\"1000\">  <div class=\"services-2\">    <div class=\"icon\"><span class=\"flaticon-dental-drill\"><\/span><\/div>    <div class=\"text\">      <h2>Removable Dentures<\/h2>      <p>Removable prosthesis are prostheses that the patient can remove and are applied in cases where the tooth deficiency is high.<\/p>      <a class=\"btn btn-info\" href=\"https:\/\/kliniknisantasi.com\/en\/removable-dentures\">READ MORE<\/a>    <\/div>  <\/div><\/div><div class=\"col-md-6 col-lg-3 text-center d-flex align-items-stretch\" data-aos=\"flip-right\" data-aos-delay=\"100\" data-aos-duration=\"1000\">  <div class=\"services-2\">    <div class=\"icon\"><span class=\"flaticon-removal\"><\/span><\/div>    <div class=\"text\">      <h2>Filling and Root Canal Treatment<\/h2>      <p>Composite fillers are fillers obtained using ceramics and various chemical components.<\/p>      <a class=\"btn btn-info\" href=\"https:\/\/kliniknisantasi.com\/en\/filling-and-root-canal-treatment\">READ MORE<\/a>    <\/div>  <\/div><\/div><div class=\"col-md-6 col-lg-3 text-center d-flex align-items-stretch\" data-aos=\"flip-right\" data-aos-delay=\"100\" data-aos-duration=\"1000\">  <div class=\"services-2\">    <div class=\"icon\"><span class=\"flaticon-dental-drill\"><\/span><\/div>    <div class=\"text\">      <h2>Root Canal Therapy (Endodontics)<\/h2>      <p>X-rays are taken to see the condition of the root canals and surrounding bone tissue and treatment is started.<\/p>      <a class=\"btn btn-info\" href=\"https:\/\/kliniknisantasi.com\/en\/root-canal-therapy-endodontics\">READ MORE<\/a>    <\/div>  <\/div><\/div><div class=\"col-md-6 col-lg-3 text-center d-flex align-items-stretch\" data-aos=\"flip-right\" data-aos-delay=\"100\" data-aos-duration=\"1000\">  <div class=\"services-2\">    <div class=\"icon\"><span class=\"flaticon-dental-device\"><\/span><\/div>    <div class=\"text\">      <h2>Digital Smile Design and Dentures<\/h2>      <p>One of the most important advantages of digital dentistry is the ability to design aesthetic smile.<\/p>      <a class=\"btn btn-info\" href=\"https:\/\/kliniknisantasi.com\/en\/digital-smile-design-and-dentures\">READ MORE<\/a>    <\/div>  <\/div><\/div><div class=\"col-md-6 col-lg-3 text-center d-flex align-items-stretch\" data-aos=\"flip-right\" data-aos-delay=\"100\" data-aos-duration=\"1000\">  <div class=\"services-2\">    <div class=\"icon\"><span class=\"flaticon-decay-in-a-tooth\"><\/span><\/div>    <div class=\"text\">      <h2>Digital Dentistry<\/h2>      <p>Digital dentistry is the transformation of traditional procedures into design and production with computer support.<\/p>      <a class=\"btn btn-info\" href=\"https:\/\/kliniknisantasi.com\/en\/digital-dentistry\">READ MORE<\/a>    <\/div>  <\/div><\/div><div class=\"col-md-6 col-lg-3 text-center d-flex align-items-stretch\" data-aos=\"flip-right\" data-aos-delay=\"100\" data-aos-duration=\"1000\">  <div class=\"services-2\">    <div class=\"icon\"><span class=\"flaticon-clipboard-with-check-marks\"><\/span><\/div>    <div class=\"text\">      <h2>Digital Orthodontics<\/h2>      <p>Digital orthodontics is the digitalised version of orthodontic applications.<\/p>      <a class=\"btn btn-info\" href=\"https:\/\/kliniknisantasi.com\/en\/digital-orthodontics\">READ MORE<\/a>    <\/div>  <\/div><\/div><div class=\"col-md-6 col-lg-3 text-center d-flex align-items-stretch\" data-aos=\"flip-right\" data-aos-delay=\"100\" data-aos-duration=\"1000\">  <div class=\"services-2\">    <div class=\"icon\"><span class=\"flaticon-dental-care\"><\/span><\/div>    <div class=\"text\">      <h2>Orthognathic Surgery<\/h2>      <p>Jaw and facial fractures are usually seen as a result of traffic accidents, occupational accidents or assault and affect functions such as aesthetics, chewing and speech.<\/p>      <a class=\"btn btn-info\" href=\"https:\/\/kliniknisantasi.com\/en\/orthognathic-surgery\">READ MORE<\/a>    <\/div>  <\/div><\/div><div class=\"col-md-6 col-lg-3 text-center d-flex align-items-stretch\" data-aos=\"flip-right\" data-aos-delay=\"100\" data-aos-duration=\"1000\">  <div class=\"services-2\">    <div class=\"icon\"><span class=\"flaticon-removal\"><\/span><\/div>    <div class=\"text\">      <h2>Surgical Treatment of Jaw and Face Fractures<\/h2>      <p>Jaw and facial fractures are usually seen as a result of traffic accidents, occupational accidents or assault and affect functions such as aesthetics, chewing and speech.<\/p>      <a class=\"btn btn-info\" href=\"https:\/\/kliniknisantasi.com\/en\/surgical-treatment-of-jaw-and-face-fractures\">READ MORE<\/a>    <\/div>  <\/div><\/div><div class=\"col-md-6 col-lg-3 text-center d-flex align-items-stretch\" data-aos=\"flip-right\" data-aos-delay=\"100\" data-aos-duration=\"1000\">  <div class=\"services-2\">    <div class=\"icon\"><span class=\"flaticon-dental-care-1\"><\/span><\/div>    <div class=\"text\">      <h2>Apical Resection<\/h2>      <p>Apical resection is the surgical removal of the inflamed area at the root end of the tooth.<\/p>      <a class=\"btn btn-info\" href=\"https:\/\/kliniknisantasi.com\/en\/apical-resection\">READ MORE<\/a>    <\/div>  <\/div><\/div><div class=\"col-md-6 col-lg-3 text-center d-flex align-items-stretch\" data-aos=\"flip-right\" data-aos-delay=\"100\" data-aos-duration=\"1000\">  <div class=\"services-2\">    <div class=\"icon\"><span class=\"flaticon-calculus\"><\/span><\/div>    <div class=\"text\">      <h2>Cysts and Tumours of the Jaw<\/h2>      <p>Jaw cysts are pathological cavities containing liquid or semi-liquid material located in soft tissue.<\/p>      <a class=\"btn btn-info\" href=\"https:\/\/kliniknisantasi.com\/en\/cysts-and-tumours-of-the-jaw\">READ MORE<\/a>    <\/div>  <\/div><\/div><div class=\"col-md-6 col-lg-3 text-center d-flex align-items-stretch\" data-aos=\"flip-right\" data-aos-delay=\"100\" data-aos-duration=\"1000\">  <div class=\"services-2\">    <div class=\"icon\"><span class=\"flaticon-dental-care\"><\/span><\/div>    <div class=\"text\">      <h2>Extraction of Impacted Teeth<\/h2>      <p>An impacted tooth is a tooth that has not erupted where it should have erupted, although the time has passed.<\/p>      <a class=\"btn btn-info\" href=\"https:\/\/kliniknisantasi.com\/en\/extraction-of-impacted-teeth\">READ MORE<\/a>    <\/div>  <\/div><\/div><div class=\"col-md-6 col-lg-3 text-center d-flex align-items-stretch\" data-aos=\"flip-right\" data-aos-delay=\"100\" data-aos-duration=\"1000\">  <div class=\"services-2\">    <div class=\"icon\"><span class=\"flaticon-removal\"><\/span><\/div>    <div class=\"text\">      <h2>20 Age Tooth Extraction<\/h2>      <p>The wisdom teeth are the third molars located at the back of the jaw.<\/p>      <a class=\"btn btn-info\" href=\"https:\/\/kliniknisantasi.com\/en\/20-age-tooth-extraction\">READ MORE<\/a>    <\/div>  <\/div><\/div><div class=\"col-md-6 col-lg-3 text-center d-flex align-items-stretch\" data-aos=\"flip-right\" data-aos-delay=\"100\" data-aos-duration=\"1000\">  <div class=\"services-2\">    <div class=\"icon\"><span class=\"flaticon-tooth-1\"><\/span><\/div>    <div class=\"text\">      <h2>Sinus Lifting (Sinus Lifting)<\/h2>      <p>The maxillary sinuses are hollow, air-filled spaces located above the back teeth in the upper jaw and in the inner region of the cheek.<\/p>      <a class=\"btn btn-info\" href=\"https:\/\/kliniknisantasi.com\/en\/sinus-lifting-sinus-lifting\">READ MORE<\/a>    <\/div>  <\/div><\/div><div class=\"col-md-6 col-lg-3 text-center d-flex align-items-stretch\" data-aos=\"flip-right\" data-aos-delay=\"100\" data-aos-duration=\"1000\">  <div class=\"services-2\">    <div class=\"icon\"><span class=\"flaticon-dental-device\"><\/span><\/div>    <div class=\"text\">      <h2>Implant Treatment in Bone Insufficiency<\/h2>      <p>Successful implant treatment requires sufficient bone support in width and length around the implants.<\/p>      <a class=\"btn btn-info\" href=\"https:\/\/kliniknisantasi.com\/en\/implant-treatment-in-bone-insufficiency\">READ MORE<\/a>    <\/div>  <\/div><\/div><div class=\"col-md-6 col-lg-3 text-center d-flex align-items-stretch\" data-aos=\"flip-right\" data-aos-delay=\"100\" data-aos-duration=\"1000\">  <div class=\"services-2\">    <div class=\"icon\"><span class=\"flaticon-dental-care-1\"><\/span><\/div>    <div class=\"text\">      <h2>Fast &#038; Fixed Method<\/h2>      <p>With the fast&amp;fixed method, both the implant placement and the placement of teeth on these implants are provided on the same day.<\/p>      <a class=\"btn btn-info\" href=\"https:\/\/kliniknisantasi.com\/en\/fast-fixed-method\">READ MORE<\/a>    <\/div>  <\/div><\/div><div class=\"col-md-6 col-lg-3 text-center d-flex align-items-stretch\" data-aos=\"flip-right\" data-aos-delay=\"100\" data-aos-duration=\"1000\">  <div class=\"services-2\">    <div class=\"icon\"><span class=\"flaticon-dental-review\"><\/span><\/div>    <div class=\"text\">      <h2>Reinforcement Orthodontic Therapy<\/h2>      <p>Reinforcement orthodontic treatment maintains teeth's position post-braces, lasting 12-24 months or longer as needed.<\/p>      <a class=\"btn btn-info\" href=\"https:\/\/kliniknisantasi.com\/en\/reinforcement-orthodontic-therapy\">READ MORE<\/a>    <\/div>  <\/div><\/div><div class=\"col-md-6 col-lg-3 text-center d-flex align-items-stretch\" data-aos=\"flip-right\" data-aos-delay=\"100\" data-aos-duration=\"1000\">  <div class=\"services-2\">    <div class=\"icon\"><span class=\"flaticon-clipboard-with-check-marks\"><\/span><\/div>    <div class=\"text\">      <h2>Oral Care Education<\/h2>      <p>Oral care, vital for dental health, should start in infancy. Parents must clean babies' first teeth, and children should brush from age 1, with parental supervision until 10.<\/p>      <a class=\"btn btn-info\" href=\"https:\/\/kliniknisantasi.com\/en\/oral-care-education\">READ MORE<\/a>    <\/div>  <\/div><\/div><\/div>\n<\/div>\n<\/section>\n","protected":false},"excerpt":{"rendered":"","protected":false},"author":1,"featured_media":0,"parent":0,"menu_order":0,"comment_status":"closed","ping_status":"closed","template":"page-sablon.php","meta":{"footnotes":""},"class_list":["post-50","page","type-page","status-publish","hentry"],"yoast_head":"<!-- This site is optimized with the Yoast SEO plugin v25.4 - https:\/\/yoast.com\/wordpress\/plugins\/seo\/ -->\n<title>Our Services - Klinic Ni\u015fanta\u015f\u0131 - Oral and Dental Health Clinic<\/title>\n<meta name=\"description\" content=\"Founded in 2021 by Dr. Erdi \u0130\u00e7en, Klinik Ni\u015fanta\u015f\u0131 offers a range of dental and oral health services. The clinic provides services in orthodontics, pediatric dentistry, implants, root canal treatments, and smile design,\" \/>\n<meta name=\"robots\" content=\"index, follow, max-snippet:-1, max-image-preview:large, max-video-preview:-1\" \/>\n<link rel=\"canonical\" href=\"https:\/\/kliniknisantasi.com\/en\/our-services\" \/>\n<meta property=\"og:locale\" content=\"tr_TR\" \/>\n<meta property=\"og:type\" content=\"article\" \/>\n<meta property=\"og:title\" content=\"Our Services - Klinic Ni\u015fanta\u015f\u0131 - Oral and Dental Health Clinic\" \/>\n<meta property=\"og:description\" content=\"Founded in 2021 by Dr. Erdi \u0130\u00e7en, Klinik Ni\u015fanta\u015f\u0131 offers a range of dental and oral health services. The clinic provides services in orthodontics, pediatric dentistry, implants, root canal treatments, and smile design,\" \/>\n<meta property=\"og:url\" content=\"https:\/\/kliniknisantasi.com\/en\/our-services\" \/>\n<meta property=\"og:site_name\" content=\"Klinic Ni\u015fanta\u015f\u0131 - Oral and Dental Health Clinic\" \/>\n<meta property=\"article:modified_time\" content=\"2023-12-10T12:56:54+00:00\" \/>\n<meta name=\"twitter:card\" content=\"summary_large_image\" \/>\n<meta name=\"twitter:label1\" content=\"Tahmini okuma s\u00fcresi\" \/>\n\t<meta name=\"twitter:data1\" content=\"1 dakika\" \/>\n<script type=\"application\/ld+json\" class=\"yoast-schema-graph\">{\"@context\":\"https:\/\/schema.org\",\"@graph\":[{\"@type\":\"WebPage\",\"@id\":\"https:\/\/kliniknisantasi.com\/en\/our-services\",\"url\":\"https:\/\/kliniknisantasi.com\/en\/our-services\",\"name\":\"Our Services - Klinic Ni\u015fanta\u015f\u0131 - Oral and Dental Health Clinic\",\"isPartOf\":{\"@id\":\"https:\/\/kliniknisantasi.com\/en\/#website\"},\"datePublished\":\"2023-12-07T20:29:03+00:00\",\"dateModified\":\"2023-12-10T12:56:54+00:00\",\"description\":\"Founded in 2021 by Dr. Erdi \u0130\u00e7en, Klinik Ni\u015fanta\u015f\u0131 offers a range of dental and oral health services. The clinic provides services in orthodontics, pediatric dentistry, implants, root canal treatments, and smile design,\",\"breadcrumb\":{\"@id\":\"https:\/\/kliniknisantasi.com\/en\/our-services#breadcrumb\"},\"inLanguage\":\"tr\",\"potentialAction\":[{\"@type\":\"ReadAction\",\"target\":[\"https:\/\/kliniknisantasi.com\/en\/our-services\"]}]},{\"@type\":\"BreadcrumbList\",\"@id\":\"https:\/\/kliniknisantasi.com\/en\/our-services#breadcrumb\",\"itemListElement\":[{\"@type\":\"ListItem\",\"position\":1,\"name\":\"Anasayfa\",\"item\":\"https:\/\/kliniknisantasi.com\/en\/\"},{\"@type\":\"ListItem\",\"position\":2,\"name\":\"Our Services\"}]},{\"@type\":\"WebSite\",\"@id\":\"https:\/\/kliniknisantasi.com\/en\/#website\",\"url\":\"https:\/\/kliniknisantasi.com\/en\/\",\"name\":\"Klinic Ni\u015fanta\u015f\u0131 - Oral and Dental Health Clinic\",\"description\":\"Klinik Ni\u015fanta\u015f\u0131 is at your service with its expert physician staff. Orthodontics | Implant | Aesthetic Dentistry | Maxillofacial Surgery | Pedodontics | Periodontology | Make an Appointment\",\"potentialAction\":[{\"@type\":\"SearchAction\",\"target\":{\"@type\":\"EntryPoint\",\"urlTemplate\":\"https:\/\/kliniknisantasi.com\/en\/?s={search_term_string}\"},\"query-input\":{\"@type\":\"PropertyValueSpecification\",\"valueRequired\":true,\"valueName\":\"search_term_string\"}}],\"inLanguage\":\"tr\"}]}<\/script>\n<!-- \/ Yoast SEO plugin. -->","yoast_head_json":{"title":"Our Services - Klinic Ni\u015fanta\u015f\u0131 - Oral and Dental Health Clinic","description":"Founded in 2021 by Dr. Erdi \u0130\u00e7en, Klinik Ni\u015fanta\u015f\u0131 offers a range of dental and oral health services. The clinic provides services in orthodontics, pediatric dentistry, implants, root canal treatments, and smile design,","robots":{"index":"index","follow":"follow","max-snippet":"max-snippet:-1","max-image-preview":"max-image-preview:large","max-video-preview":"max-video-preview:-1"},"canonical":"https:\/\/kliniknisantasi.com\/en\/our-services","og_locale":"tr_TR","og_type":"article","og_title":"Our Services - Klinic Ni\u015fanta\u015f\u0131 - Oral and Dental Health Clinic","og_description":"Founded in 2021 by Dr. Erdi \u0130\u00e7en, Klinik Ni\u015fanta\u015f\u0131 offers a range of dental and oral health services. The clinic provides services in orthodontics, pediatric dentistry, implants, root canal treatments, and smile design,","og_url":"https:\/\/kliniknisantasi.com\/en\/our-services","og_site_name":"Klinic Ni\u015fanta\u015f\u0131 - Oral and Dental Health Clinic","article_modified_time":"2023-12-10T12:56:54+00:00","twitter_card":"summary_large_image","twitter_misc":{"Tahmini okuma s\u00fcresi":"1 dakika"},"schema":{"@context":"https:\/\/schema.org","@graph":[{"@type":"WebPage","@id":"https:\/\/kliniknisantasi.com\/en\/our-services","url":"https:\/\/kliniknisantasi.com\/en\/our-services","name":"Our Services - Klinic Ni\u015fanta\u015f\u0131 - Oral and Dental Health Clinic","isPartOf":{"@id":"https:\/\/kliniknisantasi.com\/en\/#website"},"datePublished":"2023-12-07T20:29:03+00:00","dateModified":"2023-12-10T12:56:54+00:00","description":"Founded in 2021 by Dr. Erdi \u0130\u00e7en, Klinik Ni\u015fanta\u015f\u0131 offers a range of dental and oral health services. The clinic provides services in orthodontics, pediatric dentistry, implants, root canal treatments, and smile design,","breadcrumb":{"@id":"https:\/\/kliniknisantasi.com\/en\/our-services#breadcrumb"},"inLanguage":"tr","potentialAction":[{"@type":"ReadAction","target":["https:\/\/kliniknisantasi.com\/en\/our-services"]}]},{"@type":"BreadcrumbList","@id":"https:\/\/kliniknisantasi.com\/en\/our-services#breadcrumb","itemListElement":[{"@type":"ListItem","position":1,"name":"Anasayfa","item":"https:\/\/kliniknisantasi.com\/en\/"},{"@type":"ListItem","position":2,"name":"Our Services"}]},{"@type":"WebSite","@id":"https:\/\/kliniknisantasi.com\/en\/#website","url":"https:\/\/kliniknisantasi.com\/en\/","name":"Klinic Ni\u015fanta\u015f\u0131 - Oral and Dental Health Clinic","description":"Klinik Ni\u015fanta\u015f\u0131 is at your service with its expert physician staff. Orthodontics | Implant | Aesthetic Dentistry | Maxillofacial Surgery | Pedodontics | Periodontology | Make an Appointment","potentialAction":[{"@type":"SearchAction","target":{"@type":"EntryPoint","urlTemplate":"https:\/\/kliniknisantasi.com\/en\/?s={search_term_string}"},"query-input":{"@type":"PropertyValueSpecification","valueRequired":true,"valueName":"search_term_string"}}],"inLanguage":"tr"}]}},"_links":{"self":[{"href":"https:\/\/kliniknisantasi.com\/en\/wp-json\/wp\/v2\/pages\/50","targetHints":{"allow":["GET"]}}],"collection":[{"href":"https:\/\/kliniknisantasi.com\/en\/wp-json\/wp\/v2\/pages"}],"about":[{"href":"https:\/\/kliniknisantasi.com\/en\/wp-json\/wp\/v2\/types\/page"}],"author":[{"embeddable":true,"href":"https:\/\/kliniknisantasi.com\/en\/wp-json\/wp\/v2\/users\/1"}],"replies":[{"embeddable":true,"href":"https:\/\/kliniknisantasi.com\/en\/wp-json\/wp\/v2\/comments?post=50"}],"version-history":[{"count":2,"href":"https:\/\/kliniknisantasi.com\/en\/wp-json\/wp\/v2\/pages\/50\/revisions"}],"predecessor-version":[{"id":450,"href":"https:\/\/kliniknisantasi.com\/en\/wp-json\/wp\/v2\/pages\/50\/revisions\/450"}],"wp:attachment":[{"href":"https:\/\/kliniknisantasi.com\/en\/wp-json\/wp\/v2\/media?parent=50"}],"curies":[{"name":"wp","href":"https:\/\/api.w.org\/{rel}","templated":true}]}}