{"id":9,"date":"2023-12-07T22:13:12","date_gmt":"2023-12-07T19:13:12","guid":{"rendered":"https:\/\/kliniknisantasi.com\/en\/?page_id=9"},"modified":"2023-12-10T16:05:48","modified_gmt":"2023-12-10T13:05:48","slug":"our-doctors","status":"publish","type":"page","link":"https:\/\/kliniknisantasi.com\/en\/our-doctors","title":{"rendered":"Our Doctors"},"content":{"rendered":"<section class=\"ftco-section\">\n<div class=\"container\">\n<div class=\"row\"><div class=\"col-md-6 col-lg-3\" data-aos=\"flip-right\" data-aos-delay=\"100\" data-aos-duration=\"1000\"><div class=\"staff\"><div class=\"img-wrap d-flex align-items-stretch\"><div class=\"img align-self-stretch\" style=\"background-image: url(https:\/\/kliniknisantasi.com\/en\/wp-content\/uploads\/sites\/2\/2023\/12\/dr_erdi_icen_photo_1923.webp);\"><\/div><\/div><div class=\"text text-center\"><h3 class=\"mb-2\"><a href=\"https:\/\/kliniknisantasi.com\/en\/our-doctors\/dr-erdi-icen\" class=\"btn btn-white\">Dr. Erdi \u0130\u00e7en<\/a><\/h3><span class=\"position mb-2\">Orthodontist<\/span><div class=\"faded\"><ul class=\"ftco-social text-center\"><li class=\"ftco-animate\"><a href=\"\" class=\"d-flex align-items-center justify-content-center\"><span class=\"fab fa-twitter\"><\/span><\/a><\/li><li class=\"ftco-animate\"><a href=\"https:\/\/www.facebook.com\/kliniknisantasi\" class=\"d-flex align-items-center justify-content-center\"><span class=\"fab fa-facebook\"><\/span><\/a><\/li><li class=\"ftco-animate\"><a href=\"\" class=\"d-flex align-items-center justify-content-center\"><span class=\"fab fa-instagram\"><\/span><\/a><\/li><\/ul><p>In addition to being the founder of the clinic, Dr. Erdi \u0130\u00e7en is also an orthodontist at Klinik Ni\u015fanta\u015f\u0131.<\/p><\/div><\/div><\/div><\/div><div class=\"col-md-6 col-lg-3\" data-aos=\"flip-right\" data-aos-delay=\"100\" data-aos-duration=\"1000\"><div class=\"staff\"><div class=\"img-wrap d-flex align-items-stretch\"><div class=\"img align-self-stretch\" style=\"background-image: url(https:\/\/kliniknisantasi.com\/en\/wp-content\/uploads\/sites\/2\/2023\/12\/Omer_Oner.webp);\"><\/div><\/div><div class=\"text text-center\"><h3 class=\"mb-2\"><a href=\"https:\/\/kliniknisantasi.com\/en\/our-doctors\/dr-omer-oner\" class=\"btn btn-white\">Dr. \u00d6mer \u00d6ner<\/a><\/h3><span class=\"position mb-2\">Oral, Dental, and Maxillofacial Surgeon<\/span><div class=\"faded\"><ul class=\"ftco-social text-center\"><li class=\"ftco-animate\"><a href=\"\" class=\"d-flex align-items-center justify-content-center\"><span class=\"fab fa-twitter\"><\/span><\/a><\/li><li class=\"ftco-animate\"><a href=\"\" class=\"d-flex align-items-center justify-content-center\"><span class=\"fab fa-facebook\"><\/span><\/a><\/li><li class=\"ftco-animate\"><a href=\"\" class=\"d-flex align-items-center justify-content-center\"><span class=\"fab fa-instagram\"><\/span><\/a><\/li><\/ul><p>Dr. \u00d6mer \u00d6ner is an expert especially in implant surgeries, impacted wisdom teeth surgeries, cyst and tumor surgeries.<\/p><\/div><\/div><\/div><\/div><\/div>\n<\/div>\n<\/section>\n","protected":false},"excerpt":{"rendered":"","protected":false},"author":1,"featured_media":0,"parent":0,"menu_order":0,"comment_status":"closed","ping_status":"closed","template":"page-sablon.php","meta":{"footnotes":""},"class_list":["post-9","page","type-page","status-publish","hentry"],"yoast_head":"<!-- This site is optimized with the Yoast SEO plugin v25.4 - https:\/\/yoast.com\/wordpress\/plugins\/seo\/ -->\n<title>Our Doctors - Klinic Ni\u015fanta\u015f\u0131 - Oral and Dental Health Clinic<\/title>\n<meta name=\"description\" content=\"Located in the heart of Istanbul, Klinik Ni\u015fanta\u015f\u0131 offers comprehensive solutions for your oral and dental health with modern technology and an experienced team. Rediscover your smile with our specialists in teeth whitening, implants, orthodontics, and emergency dental treatments. Book an appointment now for a healthy and radiant smile!\" \/>\n<meta name=\"robots\" content=\"index, follow, max-snippet:-1, max-image-preview:large, max-video-preview:-1\" \/>\n<link rel=\"canonical\" href=\"https:\/\/kliniknisantasi.com\/en\/our-doctors\" \/>\n<meta property=\"og:locale\" content=\"tr_TR\" \/>\n<meta property=\"og:type\" content=\"article\" \/>\n<meta property=\"og:title\" content=\"Our Doctors - Klinic Ni\u015fanta\u015f\u0131 - Oral and Dental Health Clinic\" \/>\n<meta property=\"og:description\" content=\"Located in the heart of Istanbul, Klinik Ni\u015fanta\u015f\u0131 offers comprehensive solutions for your oral and dental health with modern technology and an experienced team. Rediscover your smile with our specialists in teeth whitening, implants, orthodontics, and emergency dental treatments. Book an appointment now for a healthy and radiant smile!\" \/>\n<meta property=\"og:url\" content=\"https:\/\/kliniknisantasi.com\/en\/our-doctors\" \/>\n<meta property=\"og:site_name\" content=\"Klinic Ni\u015fanta\u015f\u0131 - Oral and Dental Health Clinic\" \/>\n<meta property=\"article:modified_time\" content=\"2023-12-10T13:05:48+00:00\" \/>\n<meta name=\"twitter:card\" content=\"summary_large_image\" \/>\n<meta name=\"twitter:label1\" content=\"Tahmini okuma s\u00fcresi\" \/>\n\t<meta name=\"twitter:data1\" content=\"1 dakika\" \/>\n<script type=\"application\/ld+json\" class=\"yoast-schema-graph\">{\"@context\":\"https:\/\/schema.org\",\"@graph\":[{\"@type\":\"WebPage\",\"@id\":\"https:\/\/kliniknisantasi.com\/en\/our-doctors\",\"url\":\"https:\/\/kliniknisantasi.com\/en\/our-doctors\",\"name\":\"Our Doctors - Klinic Ni\u015fanta\u015f\u0131 - Oral and Dental Health Clinic\",\"isPartOf\":{\"@id\":\"https:\/\/kliniknisantasi.com\/en\/#website\"},\"datePublished\":\"2023-12-07T19:13:12+00:00\",\"dateModified\":\"2023-12-10T13:05:48+00:00\",\"description\":\"Located in the heart of Istanbul, Klinik Ni\u015fanta\u015f\u0131 offers comprehensive solutions for your oral and dental health with modern technology and an experienced team. Rediscover your smile with our specialists in teeth whitening, implants, orthodontics, and emergency dental treatments. Book an appointment now for a healthy and radiant smile!\",\"breadcrumb\":{\"@id\":\"https:\/\/kliniknisantasi.com\/en\/our-doctors#breadcrumb\"},\"inLanguage\":\"tr\",\"potentialAction\":[{\"@type\":\"ReadAction\",\"target\":[\"https:\/\/kliniknisantasi.com\/en\/our-doctors\"]}]},{\"@type\":\"BreadcrumbList\",\"@id\":\"https:\/\/kliniknisantasi.com\/en\/our-doctors#breadcrumb\",\"itemListElement\":[{\"@type\":\"ListItem\",\"position\":1,\"name\":\"Anasayfa\",\"item\":\"https:\/\/kliniknisantasi.com\/en\/\"},{\"@type\":\"ListItem\",\"position\":2,\"name\":\"Our Doctors\"}]},{\"@type\":\"WebSite\",\"@id\":\"https:\/\/kliniknisantasi.com\/en\/#website\",\"url\":\"https:\/\/kliniknisantasi.com\/en\/\",\"name\":\"Klinic Ni\u015fanta\u015f\u0131 - Oral and Dental Health Clinic\",\"description\":\"Klinik Ni\u015fanta\u015f\u0131 is at your service with its expert physician staff. Orthodontics | Implant | Aesthetic Dentistry | Maxillofacial Surgery | Pedodontics | Periodontology | Make an Appointment\",\"potentialAction\":[{\"@type\":\"SearchAction\",\"target\":{\"@type\":\"EntryPoint\",\"urlTemplate\":\"https:\/\/kliniknisantasi.com\/en\/?s={search_term_string}\"},\"query-input\":{\"@type\":\"PropertyValueSpecification\",\"valueRequired\":true,\"valueName\":\"search_term_string\"}}],\"inLanguage\":\"tr\"}]}<\/script>\n<!-- \/ Yoast SEO plugin. -->","yoast_head_json":{"title":"Our Doctors - Klinic Ni\u015fanta\u015f\u0131 - Oral and Dental Health Clinic","description":"Located in the heart of Istanbul, Klinik Ni\u015fanta\u015f\u0131 offers comprehensive solutions for your oral and dental health with modern technology and an experienced team. Rediscover your smile with our specialists in teeth whitening, implants, orthodontics, and emergency dental treatments. Book an appointment now for a healthy and radiant smile!","robots":{"index":"index","follow":"follow","max-snippet":"max-snippet:-1","max-image-preview":"max-image-preview:large","max-video-preview":"max-video-preview:-1"},"canonical":"https:\/\/kliniknisantasi.com\/en\/our-doctors","og_locale":"tr_TR","og_type":"article","og_title":"Our Doctors - Klinic Ni\u015fanta\u015f\u0131 - Oral and Dental Health Clinic","og_description":"Located in the heart of Istanbul, Klinik Ni\u015fanta\u015f\u0131 offers comprehensive solutions for your oral and dental health with modern technology and an experienced team. Rediscover your smile with our specialists in teeth whitening, implants, orthodontics, and emergency dental treatments. Book an appointment now for a healthy and radiant smile!","og_url":"https:\/\/kliniknisantasi.com\/en\/our-doctors","og_site_name":"Klinic Ni\u015fanta\u015f\u0131 - Oral and Dental Health Clinic","article_modified_time":"2023-12-10T13:05:48+00:00","twitter_card":"summary_large_image","twitter_misc":{"Tahmini okuma s\u00fcresi":"1 dakika"},"schema":{"@context":"https:\/\/schema.org","@graph":[{"@type":"WebPage","@id":"https:\/\/kliniknisantasi.com\/en\/our-doctors","url":"https:\/\/kliniknisantasi.com\/en\/our-doctors","name":"Our Doctors - Klinic Ni\u015fanta\u015f\u0131 - Oral and Dental Health Clinic","isPartOf":{"@id":"https:\/\/kliniknisantasi.com\/en\/#website"},"datePublished":"2023-12-07T19:13:12+00:00","dateModified":"2023-12-10T13:05:48+00:00","description":"Located in the heart of Istanbul, Klinik Ni\u015fanta\u015f\u0131 offers comprehensive solutions for your oral and dental health with modern technology and an experienced team. Rediscover your smile with our specialists in teeth whitening, implants, orthodontics, and emergency dental treatments. Book an appointment now for a healthy and radiant smile!","breadcrumb":{"@id":"https:\/\/kliniknisantasi.com\/en\/our-doctors#breadcrumb"},"inLanguage":"tr","potentialAction":[{"@type":"ReadAction","target":["https:\/\/kliniknisantasi.com\/en\/our-doctors"]}]},{"@type":"BreadcrumbList","@id":"https:\/\/kliniknisantasi.com\/en\/our-doctors#breadcrumb","itemListElement":[{"@type":"ListItem","position":1,"name":"Anasayfa","item":"https:\/\/kliniknisantasi.com\/en\/"},{"@type":"ListItem","position":2,"name":"Our Doctors"}]},{"@type":"WebSite","@id":"https:\/\/kliniknisantasi.com\/en\/#website","url":"https:\/\/kliniknisantasi.com\/en\/","name":"Klinic Ni\u015fanta\u015f\u0131 - Oral and Dental Health Clinic","description":"Klinik Ni\u015fanta\u015f\u0131 is at your service with its expert physician staff. Orthodontics | Implant | Aesthetic Dentistry | Maxillofacial Surgery | Pedodontics | Periodontology | Make an Appointment","potentialAction":[{"@type":"SearchAction","target":{"@type":"EntryPoint","urlTemplate":"https:\/\/kliniknisantasi.com\/en\/?s={search_term_string}"},"query-input":{"@type":"PropertyValueSpecification","valueRequired":true,"valueName":"search_term_string"}}],"inLanguage":"tr"}]}},"_links":{"self":[{"href":"https:\/\/kliniknisantasi.com\/en\/wp-json\/wp\/v2\/pages\/9","targetHints":{"allow":["GET"]}}],"collection":[{"href":"https:\/\/kliniknisantasi.com\/en\/wp-json\/wp\/v2\/pages"}],"about":[{"href":"https:\/\/kliniknisantasi.com\/en\/wp-json\/wp\/v2\/types\/page"}],"author":[{"embeddable":true,"href":"https:\/\/kliniknisantasi.com\/en\/wp-json\/wp\/v2\/users\/1"}],"replies":[{"embeddable":true,"href":"https:\/\/kliniknisantasi.com\/en\/wp-json\/wp\/v2\/comments?post=9"}],"version-history":[{"count":4,"href":"https:\/\/kliniknisantasi.com\/en\/wp-json\/wp\/v2\/pages\/9\/revisions"}],"predecessor-version":[{"id":451,"href":"https:\/\/kliniknisantasi.com\/en\/wp-json\/wp\/v2\/pages\/9\/revisions\/451"}],"wp:attachment":[{"href":"https:\/\/kliniknisantasi.com\/en\/wp-json\/wp\/v2\/media?parent=9"}],"curies":[{"name":"wp","href":"https:\/\/api.w.org\/{rel}","templated":true}]}}